{"id":3104,"date":"2017-12-28T18:43:14","date_gmt":"2017-12-28T17:43:14","guid":{"rendered":"http:\/\/vammencamping.dk\/?page_id=3104"},"modified":"2018-10-16T21:53:43","modified_gmt":"2018-10-16T20:53:43","slug":"konzept","status":"publish","type":"page","link":"https:\/\/vammencamping.dk\/de\/konzept\/","title":{"rendered":"Konzept"},"content":{"rendered":"<p><a href=\"\/wp-content\/uploads\/2015\/01\/akvarel_pejsestue_cropped23.jpg\"><img loading=\"lazy\" decoding=\"async\" class=\"alignright wp-image-1297 size-thumbnail\" src=\"\/wp-content\/uploads\/2015\/01\/akvarel_pejsestue_cropped23-420x280.jpg\" alt=\"Aquarel von der gem\u00fctlichen Stimmung in der Feuer-stube\" width=\"420\" height=\"280\" srcset=\"https:\/\/vammencamping.dk\/wp-content\/uploads\/2015\/01\/akvarel_pejsestue_cropped23-420x280.jpg 420w, https:\/\/vammencamping.dk\/wp-content\/uploads\/2015\/01\/akvarel_pejsestue_cropped23-744x496.jpg 744w, https:\/\/vammencamping.dk\/wp-content\/uploads\/2015\/01\/akvarel_pejsestue_cropped23-1200x800.jpg 1200w\" sizes=\"auto, (max-width: 420px) 100vw, 420px\" \/><\/a><\/p>\n<h2>Ein einmaliges Campingerlebnis<\/h2>\n<p>Bei uns kombinieren wir unber\u00fchrte Natur, das Leben am Wasser und Aktivit\u00e4ten f\u00fcr jedes Alter mit Gem\u00fctlichkeit rund um die offene Feuerstelle und mit Gesang und Musik gespielt von Campern. Das war unser Focus, seitdem wir 1978 diese Perle als stillgelegten Bauernhof mitten im Naturschutzgebiet direkt am Tjele Langs\u00f8 fanden.<\/p>\n<h2>Die Feuerstube und Livemusik<\/h2>\n<p>Als Zentrum f\u00fcr das Leben auf dem Campingplatz bauten wir zuerst eine grosse, rustikale Fachwerkstube mit offener Feuerstelle. Von Anfang an war f\u00fcr uns klar, dass hier nie weder Fernseher noch Spielautomaten Platz finden sollen &#8211; weil wir unsere Aufmerksamkeit auf andere Werte richten m\u00f6chten.<\/p>\n<p>Hier soll ein Treffpunkt f\u00fcr Camper rund um das knisternde Feuer sein mit Livemusik gespielt von Campern.<\/p>\n<p>Jeden Abend z\u00fcnden wir das Feuer in der Feuerstube, und dabei wird gerne geplaudert, Spiele gespielt und B\u00fccher gelesen. Oft auch zu den T\u00f6nen von Gesang und Musik.<\/p>\n<p><a href=\"\/wp-content\/uploads\/2015\/01\/akvarel_soen_cropped.jpg\"><img loading=\"lazy\" decoding=\"async\" class=\"alignleft wp-image-1296 size-thumbnail\" src=\"\/wp-content\/uploads\/2015\/01\/akvarel_soen_cropped-420x280.jpg\" alt=\"Aquarel vom Spielen am Wasser. Badende Camper, gem\u00fctliches Beisammenseien und eine kleine Kanu-tour\" width=\"420\" height=\"280\" srcset=\"https:\/\/vammencamping.dk\/wp-content\/uploads\/2015\/01\/akvarel_soen_cropped-420x280.jpg 420w, https:\/\/vammencamping.dk\/wp-content\/uploads\/2015\/01\/akvarel_soen_cropped-744x496.jpg 744w, https:\/\/vammencamping.dk\/wp-content\/uploads\/2015\/01\/akvarel_soen_cropped-1200x800.jpg 1200w\" sizes=\"auto, (max-width: 420px) 100vw, 420px\" \/><\/a><\/p>\n<h2>Aussicht und Badesee<\/h2>\n<p>Mit 35 m H\u00f6henunterschied von der obersten Terrasse bis zum Strand, haben die zum S\u00fcden ausgerichten Terrassen weite Sicht \u00fcber den 9km langen See und dem Campingplatz mit seiner variirten Anpflanzung.<\/p>\n<p>Einige Pl\u00e4tze sind kleine geborgene Nischen mit gutem Schatten und Ruhe, andere sind Teil eines gr\u00f6sseren Platzes, wo Spiel und Leben zwischen den Terrassen entstehen kann.<\/p>\n<p>Mit Blick \u00fcber den See und mit Pl\u00e4tzen bis zum Wasser, haben wir den See mit dem Leben und den Aktivit\u00e4ten auf dem Platz mit einbezogen. Der See dient u.a. zum Baden, dem Wassersport (Kanu, Kajak, Windsurfing m.m.), Flosskonzerte und Flossfahrten. Im entlegenen Winkel mit direktem, ungest\u00f6rten und gesch\u00fctzten Zugang zum See, haben wir eine Sauna mit eigenem Badesteg.<\/p>\n<h2>Aktivit\u00e4ten<\/h2>\n<p>Auf der Anschlagtafel gegen\u00fcber der Feuerstube h\u00e4ngt eine Drei-Tages \u00dcbersicht \u00fcber Aktivit\u00e4ten und Veranstaltungen auf dem Platz. Wir bem\u00fchen uns dass es Aktivit\u00e4ten f\u00fcr jedes Alter gibt; f\u00fcr die Kleinsten, die Jugendlichen und die Erwachsenen &#8211; f\u00fcr die ganze Familie. Aktivit\u00e4ten gehen vom sportlichen Spielen zu kreativen Themen (Musik und Handarbeit) und Kochen (z.B. mache deine eigene Pizza). Sehe mehr unter <a title=\"Aktivit\u00e4ten\" href=\"\/de\/aktivitaeten\/\">Aktivit\u00e4ten<\/a>.<\/p>\n<p><a href=\"\/wp-content\/uploads\/2015\/01\/akvarel_pavillon_cropped.jpg\"><img loading=\"lazy\" decoding=\"async\" class=\"alignright wp-image-1303 size-thumbnail\" src=\"\/wp-content\/uploads\/2015\/01\/akvarel_pavillon_cropped-420x279.jpg\" alt=\"Aquarel eines Teils des Hauptgeb\u00e4udes, die Anpflanzung und der Jugend-pavillon\" width=\"420\" height=\"279\" srcset=\"https:\/\/vammencamping.dk\/wp-content\/uploads\/2015\/01\/akvarel_pavillon_cropped-420x279.jpg 420w, https:\/\/vammencamping.dk\/wp-content\/uploads\/2015\/01\/akvarel_pavillon_cropped-744x495.jpg 744w, https:\/\/vammencamping.dk\/wp-content\/uploads\/2015\/01\/akvarel_pavillon_cropped-1200x799.jpg 1200w\" sizes=\"auto, (max-width: 420px) 100vw, 420px\" \/><\/a><\/p>\n<h2>Komm und sei dabei<\/h2>\n<p>Komm und sei ein Teil des Lebens auf unserem Campingplatz, wo Regentage gem\u00fctliche Tage sind um das warme Herdfeuer in der Fachwerkstube, und wo die Morgensonne scheint, w\u00e4hrend auf dem Jagdhorn geblasen wird 8.30, wenn die hausgebackene, bioBr\u00f6tchen klar sind.<\/p>\n<p>Wir freuen uns dich Willkommen zu heissen um Vammen Camping zu erleben!<\/p>\n<p>Anine und Harm-Wulf Sluyterman<\/p>\n","protected":false},"excerpt":{"rendered":"<p>Ein einmaliges Campingerlebnis Bei uns kombinieren wir unber\u00fchrte Natur, das Leben am Wasser und Aktivit\u00e4ten f\u00fcr jedes Alter mit Gem\u00fctlichkeit rund um die offene Feuerstelle und mit Gesang und Musik gespielt von Campern. Das war unser Focus, seitdem wir 1978 diese Perle als stillgelegten Bauernhof mitten im Naturschutzgebiet direkt am Tjele Langs\u00f8 fanden. Die Feuerstube &#8230; <a class=\"read-more\" href=\"https:\/\/vammencamping.dk\/de\/konzept\/\">Read more&#8230;<\/a><\/p>\n","protected":false},"author":1,"featured_media":0,"parent":0,"menu_order":0,"comment_status":"closed","ping_status":"closed","template":"","meta":{"footnotes":""},"class_list":["post-3104","page","type-page","status-publish"],"featured_image_src":null,"_links":{"self":[{"href":"https:\/\/vammencamping.dk\/de\/wp-json\/wp\/v2\/pages\/3104","targetHints":{"allow":["GET"]}}],"collection":[{"href":"https:\/\/vammencamping.dk\/de\/wp-json\/wp\/v2\/pages"}],"about":[{"href":"https:\/\/vammencamping.dk\/de\/wp-json\/wp\/v2\/types\/page"}],"author":[{"embeddable":true,"href":"https:\/\/vammencamping.dk\/de\/wp-json\/wp\/v2\/users\/1"}],"replies":[{"embeddable":true,"href":"https:\/\/vammencamping.dk\/de\/wp-json\/wp\/v2\/comments?post=3104"}],"version-history":[{"count":3,"href":"https:\/\/vammencamping.dk\/de\/wp-json\/wp\/v2\/pages\/3104\/revisions"}],"predecessor-version":[{"id":3750,"href":"https:\/\/vammencamping.dk\/de\/wp-json\/wp\/v2\/pages\/3104\/revisions\/3750"}],"wp:attachment":[{"href":"https:\/\/vammencamping.dk\/de\/wp-json\/wp\/v2\/media?parent=3104"}],"curies":[{"name":"wp","href":"https:\/\/api.w.org\/{rel}","templated":true}]}}