{"id":3097,"date":"2017-12-28T18:41:34","date_gmt":"2017-12-28T17:41:34","guid":{"rendered":"http:\/\/vammencamping.dk\/?page_id=3097"},"modified":"2025-12-28T02:26:26","modified_gmt":"2025-12-28T01:26:26","slug":"kontakt","status":"publish","type":"page","link":"https:\/\/vammencamping.dk\/de\/kontakt\/","title":{"rendered":"Kontakt"},"content":{"rendered":"\n<div class=\"alignright\"><div id=\"metaslider-id-1011\" style=\"max-width: 350px;\" class=\"ml-slider-3-108-0 metaslider metaslider-flex metaslider-1011 ml-slider has-dots-nav ms-theme-default\" role=\"region\" aria-label=\"Contact\" data-height=\"350\" data-width=\"350\">\n    <div id=\"metaslider_container_1011\">\n        <div id=\"metaslider_1011\">\n            <ul class='slides'>\n                <li style=\"display: block; width: 100%;\" class=\"slide-1026 ms-image \" aria-roledescription=\"slide\" data-date=\"2015-01-29 23:54:23\" data-filename=\"square_indgang-350x350.jpg\" data-slide-type=\"image\"><img loading=\"lazy\" decoding=\"async\" src=\"https:\/\/vammencamping.dk\/wp-content\/uploads\/2015\/01\/square_indgang-350x350.jpg\" height=\"350\" width=\"350\" alt=\"[:da] Indgangen til Vammen Camping og informationen udsmykket med blomster. [:en] The entrance to Vammen Camping and the information decorated with flowers. [:de] Der Eingang zum Vammen Camping und zur Information mit Blumen geschm\u00fcckt [:nl] De ingang van Vammen Camping en informatie versierd met bloemen[:]\" class=\"slider-1011 slide-1026 msDefaultImage\" \/><\/li>\n                <li style=\"display: none; width: 100%;\" class=\"slide-1023 ms-image \" aria-roledescription=\"slide\" data-date=\"2015-01-29 23:42:42\" data-filename=\"square_klaver_guitar_pejsestuen_fotograf_lars_horn-350x350.jpg\" data-slide-type=\"image\"><img loading=\"lazy\" decoding=\"async\" src=\"https:\/\/vammencamping.dk\/wp-content\/uploads\/2015\/01\/square_klaver_guitar_pejsestuen_fotograf_lars_horn-350x350.jpg\" height=\"350\" width=\"350\" alt=\"[:da] Harm-Wulf og Dick hygger sig og har det sjovt imens de musicerer og jodler i den rustikke pejsestue [:en] Harm-Wuld and Dick are having a good time while playing music and yodeling in the rustic common room with the open fireplace [:de] Harm-Wulf und Dick machen es sich gem\u00fctlich und haben Spa\u00df w\u00e4hrend die musizieren und jodeln in der rustikale Feuerstube [:nl] Harm-Wulf en Dick vermaken zich met het piano, gitaar en jodelen[:]\" class=\"slider-1011 slide-1023 msDefaultImage\" \/><\/li>\n                <li style=\"display: none; width: 100%;\" class=\"slide-1021 ms-image \" aria-roledescription=\"slide\" data-date=\"2015-01-29 23:42:34\" data-filename=\"square_guitar_musik_camping_fotograf_lars_horn-350x350.jpg\" data-slide-type=\"image\"><img loading=\"lazy\" decoding=\"async\" src=\"https:\/\/vammencamping.dk\/wp-content\/uploads\/2015\/01\/square_guitar_musik_camping_fotograf_lars_horn-350x350.jpg\" height=\"350\" width=\"350\" alt=\"[:da] Guitarspil i god l\u00e6 p\u00e5 en af terrasserne [:en] Guitar play in good shelter on one of the terraces [:de] Guitarrenspiel in guter Schutz auf einer der Terrassen [:nl] Gitaarspelen kampeerplaats[:]\" class=\"slider-1011 slide-1021 msDefaultImage\" \/><\/li>\n            <\/ul>\n        <\/div>\n        \n    <\/div>\n<\/div><\/div>\n\n\n\n<hr class=\"wp-block-separator has-css-opacity\"\/>\n\n\n\n<p>Noch Fragen? Bitte sieh dir unsere <a href=\"https:\/\/vammencamping.dk\/de\/faq\/\">FAQ<\/a> an oder sende uns gerne eine <a href=\"mailto:info@vammencamping.dk\">E-Mail<\/a>.<\/p>\n\n\n\n<div class=\"wp-block-buttons is-horizontal is-content-justification-left is-layout-flex wp-container-core-buttons-is-layout-7e5fce0a wp-block-buttons-is-layout-flex\">\n<div class=\"wp-block-button\"><a class=\"wp-block-button__link has-text-color has-background wp-element-button\" href=\"https:\/\/vcamp.dk\/book\/de\" style=\"border-radius:50px;color:#fffffa;background:linear-gradient(317deg,rgb(135,9,53) 0%,rgb(179,22,22) 100%)\" target=\"_blank\" rel=\"noreferrer noopener\">Urlaub buchen<\/a><\/div>\n<\/div>\n\n\n\n<div class=\"wp-block-contact-form-7-contact-form-selector\">\n<div class=\"wpcf7 no-js\" id=\"wpcf7-f1754-o1\" lang=\"de-DE\" dir=\"ltr\" data-wpcf7-id=\"1754\">\n<div class=\"screen-reader-response\"><p role=\"status\" aria-live=\"polite\" aria-atomic=\"true\"><\/p> <ul><\/ul><\/div>\n<form action=\"\/de\/wp-json\/wp\/v2\/pages\/3097#wpcf7-f1754-o1\" method=\"post\" class=\"wpcf7-form init\" aria-label=\"Kontaktformular\" novalidate=\"novalidate\" data-status=\"init\">\n<fieldset class=\"hidden-fields-container\"><input type=\"hidden\" name=\"_wpcf7\" value=\"1754\" \/><input type=\"hidden\" name=\"_wpcf7_version\" value=\"6.1.5\" \/><input type=\"hidden\" name=\"_wpcf7_locale\" value=\"de_DE\" \/><input type=\"hidden\" name=\"_wpcf7_unit_tag\" value=\"wpcf7-f1754-o1\" \/><input type=\"hidden\" name=\"_wpcf7_container_post\" value=\"0\" \/><input type=\"hidden\" name=\"_wpcf7_posted_data_hash\" value=\"\" \/>\n<\/fieldset>\n<p>Fragen und Reservierungen sind Willkommen per <a href=\"mailto:info@vammencamping.dk\">E-mail<\/a> oder benutze das folgende Formular.\n<\/p>\n<p>Vorname*\n<\/p>\n<p><span class=\"wpcf7-form-control-wrap\" data-name=\"first-name\"><input size=\"40\" maxlength=\"400\" class=\"wpcf7-form-control wpcf7-text wpcf7-validates-as-required\" aria-required=\"true\" aria-invalid=\"false\" value=\"\" type=\"text\" name=\"first-name\" \/><\/span>\n<\/p>\n<p>Nachname*\n<\/p>\n<p><span class=\"wpcf7-form-control-wrap\" data-name=\"last-name\"><input size=\"40\" maxlength=\"400\" class=\"wpcf7-form-control wpcf7-text wpcf7-validates-as-required\" aria-required=\"true\" aria-invalid=\"false\" value=\"\" type=\"text\" name=\"last-name\" \/><\/span>\n<\/p>\n<p>Telefonnummer\n<\/p>\n<p><span class=\"wpcf7-form-control-wrap\" data-name=\"tel\"><input size=\"40\" maxlength=\"400\" class=\"wpcf7-form-control wpcf7-tel wpcf7-text wpcf7-validates-as-tel\" aria-invalid=\"false\" value=\"\" type=\"tel\" name=\"tel\" \/><\/span>\n<\/p>\n<p>Email-adresse*\n<\/p>\n<p><span class=\"wpcf7-form-control-wrap\" data-name=\"your-email\"><input size=\"40\" maxlength=\"400\" class=\"wpcf7-form-control wpcf7-email wpcf7-validates-as-required wpcf7-text wpcf7-validates-as-email\" aria-required=\"true\" aria-invalid=\"false\" value=\"\" type=\"email\" name=\"your-email\" \/><\/span>\n<\/p>\n<p>Nachricht\n<\/p>\n<p><span class=\"wpcf7-form-control-wrap\" data-name=\"your-message\"><textarea cols=\"40\" rows=\"10\" maxlength=\"2000\" class=\"wpcf7-form-control wpcf7-textarea\" aria-invalid=\"false\" name=\"your-message\"><\/textarea><\/span>\n<\/p>\n<p><span class=\"wpcf7-form-control-wrap kc_captcha\" data-name=\"kc_captcha\"><span class=\"wpcf7-form-control wpcf7-radio\"><span class=\"captcha-image\" ><span class=\"cf7ic_instructions\">Bitte beweise, dass du kein Spambot bist und w\u00e4hle das Symbol<span> Baum<\/span>.<\/span><label><input aria-label=\"1\" type=\"radio\" name=\"kc_captcha\" value=\"bot\" \/><svg aria-hidden=\"true\" role=\"img\" xmlns=\"http:\/\/www.w3.org\/2000\/svg\" viewBox=\"0 0 576 512\"><path fill=\"currentColor\" d=\"M488 313v143c0 13-11 24-24 24H348c-7 0-12-5-12-12V356c0-7-5-12-12-12h-72c-7 0-12 5-12 12v112c0 7-5 12-12 12H112c-13 0-24-11-24-24V313c0-4 2-7 4-10l188-154c5-4 11-4 16 0l188 154c2 3 4 6 4 10zm84-61l-84-69V44c0-6-5-12-12-12h-56c-7 0-12 6-12 12v73l-89-74a48 48 0 00-61 0L4 252c-5 4-5 12-1 17l25 31c5 5 12 5 17 1l235-193c5-4 11-4 16 0l235 193c5 5 13 4 17-1l25-31c4-6 4-13-1-17z\"\/><\/svg><\/label><label><input aria-label=\"2\" type=\"radio\" name=\"kc_captcha\" value=\"bot\" \/><svg aria-hidden=\"true\" role=\"img\" xmlns=\"http:\/\/www.w3.org\/2000\/svg\" viewBox=\"0 0 512 512\"><path fill=\"currentColor\" d=\"M350 99c-54 0-98-35-166-35-25 0-47 4-68 12a56 56 0 004-24C118 24 95 1 66 0a56 56 0 00-34 102v386c0 13 11 24 24 24h16c13 0 24-11 24-24v-94c28-12 64-23 114-23 54 0 98 35 166 35 48 0 86-16 122-41 9-6 14-15 14-26V96c0-23-24-39-45-29-35 16-77 32-117 32z\"\/><\/svg><\/label><label><input aria-label=\"3\" type=\"radio\" name=\"kc_captcha\" value=\"kc_human\" \/><svg aria-hidden=\"true\" role=\"img\" xmlns=\"http:\/\/www.w3.org\/2000\/svg\" viewBox=\"0 0 384 512\"><path fill=\"currentColor\" d=\"M377 375l-83-87h34c21 0 32-25 17-40l-82-88h33c21 0 32-25 18-40L210 8c-10-11-26-11-36 0L70 120c-14 15-3 40 18 40h33l-82 88c-15 15-4 40 17 40h34L7 375c-15 16-4 41 17 41h120c0 33-11 49-34 68-12 9-5 28 10 28h144c15 0 22-19 10-28-20-16-34-32-34-68h120c21 0 32-25 17-41z\"\/><\/svg><\/label>\r\n    <\/span>\r\n    <span style=\"display:none\">\r\n        <input type=\"text\" name=\"kc_honeypot\">\r\n    <\/span><\/span><\/span>\n<\/p>\n<p><input class=\"wpcf7-form-control wpcf7-submit has-spinner\" type=\"submit\" value=\"Abschicken\" \/>\n<\/p>\n<p>*= Mu\u00df ausgef\u00fcllt werden\n<\/p>\n<p>Falls du Probleme mit dem Formular erlebst dann schick uns bitte eine <a href=\"mailto:info@vammencamping.dk\">Email<\/a>.\n<\/p><div class=\"wpcf7-response-output\" aria-hidden=\"true\"><\/div>\n<\/form>\n<\/div>\n<\/div>\n\n\n\n<figure class=\"wp-block-image size-large is-resized\"><img loading=\"lazy\" decoding=\"async\" width=\"1200\" height=\"849\" src=\"https:\/\/vammencamping.dk\/wp-content\/uploads\/2025\/12\/ADAC_Klassifikation_2026_3_Sterne-1200x849.png\" alt=\"\" class=\"wp-image-11025\" style=\"aspect-ratio:1.4134275852864293;width:164px;height:auto\" srcset=\"https:\/\/vammencamping.dk\/wp-content\/uploads\/2025\/12\/ADAC_Klassifikation_2026_3_Sterne-1200x849.png 1200w, https:\/\/vammencamping.dk\/wp-content\/uploads\/2025\/12\/ADAC_Klassifikation_2026_3_Sterne-744x526.png 744w, https:\/\/vammencamping.dk\/wp-content\/uploads\/2025\/12\/ADAC_Klassifikation_2026_3_Sterne-420x297.png 420w, https:\/\/vammencamping.dk\/wp-content\/uploads\/2025\/12\/ADAC_Klassifikation_2026_3_Sterne-768x543.png 768w\" sizes=\"auto, (max-width: 1200px) 100vw, 1200px\" \/><\/figure>\n\n\n\n<p><b>Adresse<\/b><\/p>\n\n\n\n<p>Georg Sluyterman<\/p>\n\n\n\n<p>Vammen Camping<\/p>\n\n\n\n<p>Langs\u00f8vej 15<\/p>\n\n\n\n<p>8830 Tjele<\/p>\n\n\n\n<p>Tlf. +45 86 69 01 52<\/p>\n\n\n\n<p>E-mail <a href=\"mailto:info@vammencamping.dk\">info@vammencamping.dk<\/a><\/p>\n\n\n\n<p>btw: DK42907685<\/p>\n\n\n\n<p>NB: Die Anschrift ist Langs\u00f8vej, aber die Anfahrt ab Vammen ist nach den Campingschildern \u00fcber Bygmarksvej bis zum Campingplatz (siehe auch <a title=\"Wegbeschreibung\" href=\"https:\/\/vammencamping.dk\/de\/wegbeschreibung\/\">Wegbeschreibung<\/a>)<\/p>\n\n\n\n<p><b>\u00d6ffnungszeiten<\/b><br>Vammen Camping ist ge\u00f6ffnet von<strong> 1. Mai bis 31. August<\/strong>.<\/p>\n\n\n\n<p>Der Campingplatz ist ge\u00f6ffnet f\u00fcr neuangekommene Camper jeden Tag von 8:30 bis 12:00 und von 14:00 bis 22:00. Wenn sie erwarten, ausserhalb dieses Zeitraumes anzukommen, bitte kontakten Sie uns bevor Ihren Ankunft. Wir haben Pl\u00e4tze f\u00fcr sp\u00e4te (nach 22:00) und fr\u00fche Ank\u00fcnfte.<\/p>\n\n\n\n<p>Der Schlagbaum ist von 7:00-22:00 Uhr ge\u00f6ffnet (beachten Sie jedoch auch die oben genannten Zeiten).<\/p>\n\n\n\n<p>Der Kiosk ist offen jeden Tag von 8:30-12:00 und 14:00-18:00 Uhr.<\/p>\n\n\n\n<p>Das offene Feuer in der Feuerstube wird jeden Tag um 21:00 angez\u00fcndet.<\/p>\n\n\n\n<script data-jsd-embedded=\"\" data-key=\"bfae59be-b345-4bb9-be55-94fb4ed9baee\" data-base-url=\"https:\/\/jsd-widget.atlassian.com\" src=\"https:\/\/jsd-widget.atlassian.com\/assets\/embed.js\"><\/script>\n\n\n\n<p><strong>Bankkonto<\/strong><\/p>\n\n\n\n<p>F\u00fcr weitere Informationen siehe <a href=\"https:\/\/vammencamping.dk\/de\/bank\/\" data-type=\"page\" data-id=\"6899\">diese Seite<\/a><\/p>\n\n\n\n<div style=\"text-align: left\" class=\"sender-form-field\" data-sender-form-id=\"bo20nN\"><\/div>\n\n\n\n<p><em><a href=\"https:\/\/vammencamping.dk\/privacy-policy\/\" data-type=\"page\" data-id=\"5704\">Datenschutzbestimmungen<\/a> &#8211; <a href=\"https:\/\/vammencamping.dk\/terms-and-conditions\/\" data-type=\"page\" data-id=\"5705\">AGB<\/a><\/em><\/p>\n\n\n\n<p><\/p>\n","protected":false},"excerpt":{"rendered":"<p>Noch Fragen? Bitte sieh dir unsere FAQ an oder sende uns gerne eine E-Mail. Adresse Georg Sluyterman Vammen Camping Langs\u00f8vej 15 8830 Tjele Tlf. +45 86 69 01 52 E-mail info@vammencamping.dk btw: DK42907685 NB: Die Anschrift ist Langs\u00f8vej, aber die Anfahrt ab Vammen ist nach den Campingschildern \u00fcber Bygmarksvej bis zum Campingplatz (siehe auch Wegbeschreibung) &#8230; <a class=\"read-more\" href=\"https:\/\/vammencamping.dk\/de\/kontakt\/\">Read more&#8230;<\/a><\/p>\n","protected":false},"author":1,"featured_media":0,"parent":0,"menu_order":0,"comment_status":"closed","ping_status":"closed","template":"","meta":{"footnotes":""},"class_list":["post-3097","page","type-page","status-publish"],"featured_image_src":null,"_links":{"self":[{"href":"https:\/\/vammencamping.dk\/de\/wp-json\/wp\/v2\/pages\/3097","targetHints":{"allow":["GET"]}}],"collection":[{"href":"https:\/\/vammencamping.dk\/de\/wp-json\/wp\/v2\/pages"}],"about":[{"href":"https:\/\/vammencamping.dk\/de\/wp-json\/wp\/v2\/types\/page"}],"author":[{"embeddable":true,"href":"https:\/\/vammencamping.dk\/de\/wp-json\/wp\/v2\/users\/1"}],"replies":[{"embeddable":true,"href":"https:\/\/vammencamping.dk\/de\/wp-json\/wp\/v2\/comments?post=3097"}],"version-history":[{"count":42,"href":"https:\/\/vammencamping.dk\/de\/wp-json\/wp\/v2\/pages\/3097\/revisions"}],"predecessor-version":[{"id":11027,"href":"https:\/\/vammencamping.dk\/de\/wp-json\/wp\/v2\/pages\/3097\/revisions\/11027"}],"wp:attachment":[{"href":"https:\/\/vammencamping.dk\/de\/wp-json\/wp\/v2\/media?parent=3097"}],"curies":[{"name":"wp","href":"https:\/\/api.w.org\/{rel}","templated":true}]}}