{"id":3090,"date":"2017-12-28T18:40:12","date_gmt":"2017-12-28T17:40:12","guid":{"rendered":"http:\/\/vammencamping.dk\/?page_id=3090"},"modified":"2023-12-23T02:08:54","modified_gmt":"2023-12-23T01:08:54","slug":"onlinereservation","status":"publish","type":"page","link":"https:\/\/vammencamping.dk\/de\/onlinereservation\/","title":{"rendered":"Onlinereservation"},"content":{"rendered":"\n<p>Online Reservierung f\u00fcr das Jahr 2024 ist noch nicht m\u00f6glich (In der gesamten Saison sind Stellpl\u00e4tze und H\u00fctten usw. verf\u00fcgbar). Wir erwarten, dass wir im Dezember 2023 die Reservierungen f\u00fcr 2024 entgegennehmen k\u00f6nnen.<\/p>\n\n\n\n<p>Wenn wir soweit sind, werden wir dies auf unserer <a href=\"https:\/\/vcamp.dk\/fb\" data-type=\"URL\" data-id=\"https:\/\/vcamp.dk\/fb\" target=\"_blank\" rel=\"noreferrer noopener\">Facebook-Seite<\/a> und in unserem Newsletter bekannt geben.<\/p>\n\n\n\n<!-- Begin Mailchimp Signup Form -->\n<link href=\"\/\/cdn-images.mailchimp.com\/embedcode\/classic-10_7_dtp.css\" rel=\"stylesheet\" type=\"text\/css\">\n<style type=\"text\/css\">\n\t#mc_embed_signup{background:#fff; clear:left; font:14px Helvetica,Arial,sans-serif; }\n\t\/* Add your own Mailchimp form style overrides in your site stylesheet or in this style block.\n\t   We recommend moving this block and the preceding CSS link to the HEAD of your HTML file. *\/\n<\/style>\n<div id=\"mc_embed_signup\">\n<form action=\"https:\/\/vammencamping.us20.list-manage.com\/subscribe\/post?u=43c382c11692d11da55d38380&amp;id=3914b52a2b\" method=\"post\" id=\"mc-embedded-subscribe-form\" name=\"mc-embedded-subscribe-form\" class=\"validate\" target=\"_blank\" novalidate=\"\">\n    <div id=\"mc_embed_signup_scroll\">\n\t<h2>Abonnieren Sie unseren Newsletter<\/h2>\n<div class=\"indicates-required\"><span class=\"asterisk\">*<\/span> indicates required<\/div>\n<div class=\"mc-field-group\">\n\t<label for=\"mce-EMAIL\">Email  <span class=\"asterisk\">*<\/span>\n<\/label>\n\t<input type=\"email\" value=\"\" name=\"EMAIL\" class=\"required email\" id=\"mce-EMAIL\">\n<\/div>\n<div class=\"mc-field-group\">\n\t<label for=\"mce-MMERGE3\">Sprache <\/label>\n\t<select name=\"MMERGE3\" class=\"\" id=\"mce-MMERGE3\">\n\t<option value=\"\"><\/option>\n\t<option value=\"English\">English<\/option>\n<option value=\"Dansk\">Dansk<\/option>\n\n\t<\/select>\n<\/div>\n\t<div id=\"mce-responses\" class=\"clear foot\">\n\t\t<div class=\"response\" id=\"mce-error-response\" style=\"display:none\"><\/div>\n\t\t<div class=\"response\" id=\"mce-success-response\" style=\"display:none\"><\/div>\n\t<\/div>    <!-- real people should not fill this in and expect good things - do not remove this or risk form bot signups-->\n    <div style=\"position: absolute; left: -5000px;\" aria-hidden=\"true\"><input type=\"text\" name=\"b_43c382c11692d11da55d38380_3914b52a2b\" tabindex=\"-1\" value=\"\"><\/div>\n        <div class=\"optionalParent\">\n            <div class=\"clear foot\">\n                <input type=\"submit\" value=\"Senden\" name=\"subscribe\" id=\"mc-embedded-subscribe\" class=\"button\">\n                <p class=\"brandingLogo\"><a href=\"http:\/\/eepurl.com\/hNtKpH\" title=\"Mailchimp - email marketing made easy and fun\" target=\"_blank\" rel=\"noopener\"><img decoding=\"async\" src=\"https:\/\/eep.io\/mc-cdn-images\/template_images\/branding_logo_text_dark_dtp.svg\"><\/a><\/p>\n            <\/div>\n        <\/div>\n    <\/div>\n<\/form>\n<\/div>\n<script type=\"text\/javascript\" src=\"\/\/s3.amazonaws.com\/downloads.mailchimp.com\/js\/mc-validate.js\"><\/script><script type=\"text\/javascript\">(function($) {window.fnames = new Array(); window.ftypes = new Array();fnames[0]='EMAIL';ftypes[0]='email';fnames[3]='MMERGE3';ftypes[3]='dropdown';}(jQuery));var $mcj = jQuery.noConflict(true);<\/script>\n<!--End mc_embed_signup-->\n","protected":false},"excerpt":{"rendered":"<p>Online Reservierung f\u00fcr das Jahr 2024 ist noch nicht m\u00f6glich (In der gesamten Saison sind Stellpl\u00e4tze und H\u00fctten usw. verf\u00fcgbar). Wir erwarten, dass wir im Dezember 2023 die Reservierungen f\u00fcr 2024 entgegennehmen k\u00f6nnen. Wenn wir soweit sind, werden wir dies auf unserer Facebook-Seite und in unserem Newsletter bekannt geben. Abonnieren Sie unseren Newsletter * indicates &#8230; <a class=\"read-more\" href=\"https:\/\/vammencamping.dk\/de\/onlinereservation\/\">Read more&#8230;<\/a><\/p>\n","protected":false},"author":1,"featured_media":0,"parent":0,"menu_order":0,"comment_status":"closed","ping_status":"closed","template":"","meta":{"footnotes":""},"class_list":["post-3090","page","type-page","status-publish"],"featured_image_src":null,"_links":{"self":[{"href":"https:\/\/vammencamping.dk\/de\/wp-json\/wp\/v2\/pages\/3090","targetHints":{"allow":["GET"]}}],"collection":[{"href":"https:\/\/vammencamping.dk\/de\/wp-json\/wp\/v2\/pages"}],"about":[{"href":"https:\/\/vammencamping.dk\/de\/wp-json\/wp\/v2\/types\/page"}],"author":[{"embeddable":true,"href":"https:\/\/vammencamping.dk\/de\/wp-json\/wp\/v2\/users\/1"}],"replies":[{"embeddable":true,"href":"https:\/\/vammencamping.dk\/de\/wp-json\/wp\/v2\/comments?post=3090"}],"version-history":[{"count":6,"href":"https:\/\/vammencamping.dk\/de\/wp-json\/wp\/v2\/pages\/3090\/revisions"}],"predecessor-version":[{"id":7417,"href":"https:\/\/vammencamping.dk\/de\/wp-json\/wp\/v2\/pages\/3090\/revisions\/7417"}],"wp:attachment":[{"href":"https:\/\/vammencamping.dk\/de\/wp-json\/wp\/v2\/media?parent=3090"}],"curies":[{"name":"wp","href":"https:\/\/api.w.org\/{rel}","templated":true}]}}