{"id":3083,"date":"2017-12-28T18:38:42","date_gmt":"2017-12-28T17:38:42","guid":{"rendered":"http:\/\/vammencamping.dk\/?page_id=3083"},"modified":"2020-05-08T09:44:32","modified_gmt":"2020-05-08T08:44:32","slug":"platzuebersicht","status":"publish","type":"page","link":"https:\/\/vammencamping.dk\/de\/platzuebersicht\/","title":{"rendered":"Platz\u00fcbersicht"},"content":{"rendered":"<h2>Luftbild<\/h2>\n<p><a href=\"\/wp-content\/uploads\/2015\/01\/luftfoto2.jpg\"><img loading=\"lazy\" decoding=\"async\" class=\"alignnone wp-image-507 size-large\" src=\"https:\/\/vammencamping.dk\/wp-content\/uploads\/2015\/01\/luftfoto2-1200x800.jpg\" alt=\"Luftfoto \u00fcber Vammen Camping mit sch\u00f6nem Blick \u00fcber den Strand, das Wasser und die umgebendeNatur\" width=\"1200\" height=\"800\" srcset=\"https:\/\/vammencamping.dk\/wp-content\/uploads\/2015\/01\/luftfoto2-1200x800.jpg 1200w, https:\/\/vammencamping.dk\/wp-content\/uploads\/2015\/01\/luftfoto2-420x280.jpg 420w, https:\/\/vammencamping.dk\/wp-content\/uploads\/2015\/01\/luftfoto2-744x496.jpg 744w\" sizes=\"auto, (max-width: 1200px) 100vw, 1200px\" \/><\/a><\/p>\n<h2>Platz\u00fcbersicht<\/h2>\n<p><a href=\"https:\/\/vammencamping.dk\/wp-content\/uploads\/2020\/05\/nyt_oversigtskort_de.png\"><img loading=\"lazy\" decoding=\"async\" class=\"alignnone wp-image-4195 size-full\" src=\"https:\/\/vammencamping.dk\/wp-content\/uploads\/2020\/05\/nyt_oversigtskort_de.png\" alt=\"Platz\u00fcbersicht von Vammen Camping\" width=\"827\" height=\"1170\" srcset=\"https:\/\/vammencamping.dk\/wp-content\/uploads\/2020\/05\/nyt_oversigtskort_de.png 827w, https:\/\/vammencamping.dk\/wp-content\/uploads\/2020\/05\/nyt_oversigtskort_de-744x1052.png 744w, https:\/\/vammencamping.dk\/wp-content\/uploads\/2020\/05\/nyt_oversigtskort_de-1200x1697.png 1200w, https:\/\/vammencamping.dk\/wp-content\/uploads\/2020\/05\/nyt_oversigtskort_de-420x594.png 420w, https:\/\/vammencamping.dk\/wp-content\/uploads\/2020\/05\/nyt_oversigtskort_de-768x1086.png 768w\" sizes=\"auto, (max-width: 827px) 100vw, 827px\" \/><\/a><\/p>\n","protected":false},"excerpt":{"rendered":"<p>Luftbild Platz\u00fcbersicht<\/p>\n","protected":false},"author":1,"featured_media":0,"parent":0,"menu_order":0,"comment_status":"closed","ping_status":"closed","template":"","meta":{"footnotes":""},"class_list":["post-3083","page","type-page","status-publish"],"featured_image_src":null,"_links":{"self":[{"href":"https:\/\/vammencamping.dk\/de\/wp-json\/wp\/v2\/pages\/3083","targetHints":{"allow":["GET"]}}],"collection":[{"href":"https:\/\/vammencamping.dk\/de\/wp-json\/wp\/v2\/pages"}],"about":[{"href":"https:\/\/vammencamping.dk\/de\/wp-json\/wp\/v2\/types\/page"}],"author":[{"embeddable":true,"href":"https:\/\/vammencamping.dk\/de\/wp-json\/wp\/v2\/users\/1"}],"replies":[{"embeddable":true,"href":"https:\/\/vammencamping.dk\/de\/wp-json\/wp\/v2\/comments?post=3083"}],"version-history":[{"count":4,"href":"https:\/\/vammencamping.dk\/de\/wp-json\/wp\/v2\/pages\/3083\/revisions"}],"predecessor-version":[{"id":4207,"href":"https:\/\/vammencamping.dk\/de\/wp-json\/wp\/v2\/pages\/3083\/revisions\/4207"}],"wp:attachment":[{"href":"https:\/\/vammencamping.dk\/de\/wp-json\/wp\/v2\/media?parent=3083"}],"curies":[{"name":"wp","href":"https:\/\/api.w.org\/{rel}","templated":true}]}}