{"id":3076,"date":"2017-12-28T18:36:19","date_gmt":"2017-12-28T17:36:19","guid":{"rendered":"http:\/\/vammencamping.dk\/?page_id=3076"},"modified":"2025-12-28T02:45:54","modified_gmt":"2025-12-28T01:45:54","slug":"preise","status":"publish","type":"page","link":"https:\/\/vammencamping.dk\/de\/preise\/","title":{"rendered":"Preise 2026"},"content":{"rendered":"\n<p>F\u00fcr Reservierungen <a href=\"https:\/\/vammencamping.dk\/de\/kontakt\/\" data-type=\"page\" data-id=\"111\">kontaktieren Sie<\/a> uns bitte.<\/p>\n\n\n\n<p>Fragen? Sehen Sie unsere <a href=\"https:\/\/vammencamping.dk\/de\/faq\/\" data-type=\"page\" data-id=\"5623\">FAQ<\/a><\/p>\n\n\n\n<p>Ge\u00f6ffnet vom <strong>1. Mai bis 31. August<\/strong>.<\/p>\n\n\n\n<div class=\"wp-block-buttons is-horizontal is-content-justification-left is-layout-flex wp-container-core-buttons-is-layout-7e5fce0a wp-block-buttons-is-layout-flex\">\n<div class=\"wp-block-button\"><a class=\"wp-block-button__link has-text-color has-background wp-element-button\" href=\"https:\/\/vcamp.dk\/book\/de\" style=\"border-radius:50px;color:#fffffa;background:linear-gradient(317deg,rgb(135,9,53) 0%,rgb(179,22,22) 100%)\" target=\"_blank\" rel=\"noreferrer noopener\">Hier anklicken f\u00fcr Preise &amp; Online buchen<\/a><\/div>\n<\/div>\n\n\n\n<figure class=\"wp-block-image size-large is-resized\"><img loading=\"lazy\" decoding=\"async\" width=\"1200\" height=\"849\" src=\"https:\/\/vammencamping.dk\/wp-content\/uploads\/2025\/12\/ADAC_Klassifikation_2026_3_Sterne-1200x849.png\" alt=\"\" class=\"wp-image-11025\" style=\"aspect-ratio:1.4134275852864293;width:175px;height:auto\" srcset=\"https:\/\/vammencamping.dk\/wp-content\/uploads\/2025\/12\/ADAC_Klassifikation_2026_3_Sterne-1200x849.png 1200w, https:\/\/vammencamping.dk\/wp-content\/uploads\/2025\/12\/ADAC_Klassifikation_2026_3_Sterne-744x526.png 744w, https:\/\/vammencamping.dk\/wp-content\/uploads\/2025\/12\/ADAC_Klassifikation_2026_3_Sterne-420x297.png 420w, https:\/\/vammencamping.dk\/wp-content\/uploads\/2025\/12\/ADAC_Klassifikation_2026_3_Sterne-768x543.png 768w\" sizes=\"auto, (max-width: 1200px) 100vw, 1200px\" \/><\/figure>\n\n\n\n<h2 class=\"wp-block-heading\" id=\"camping\">Camping<\/h2>\n\n\n\n<p>Unterkunft im eigenen Wohnwagen, Wohnmobil oder Zelt usw.<\/p>\n\n\n\n<p>Du kannst jederzeit ohne Reservierung anreisen. Es findet sich immer L\u00f6sung.<\/p>\n\n\n\n<p>Wenn du einen Platz reserviert hast, kannst du ihn kostenlos verschieben oder gegen eine Geb\u00fchr zu stornieren. <a href=\"https:\/\/vammencamping.dk\/de\/kann-ich-mein-ankunftsdatum-oder-die-dauer-meines-aufenthalts-andern\/\" data-type=\"URL\" data-id=\"https:\/\/vammencamping.dk\/de\/kann-ich-mein-ankunftsdatum-oder-die-dauer-meines-aufenthalts-andern\/\">Hier mehr lesen<\/a>.<\/p>\n\n\n\n<figure class=\"wp-block-table is-style-stripes\"><table><tbody><tr><td><strong>Beschreibung<\/strong><\/td><td><strong>Nebensaison<\/strong><\/td><td><strong>Hochsaison (21\/6-16\/8)<\/strong><\/td><\/tr><tr><td>Beispiel: Familie (2 Erwachsene, 1 Kind, Stellplatz <span style=\"text-decoration: underline;\">inkl.<\/span> Stromverbrauch)  <\/td><td>347 DKK<\/td><td>410 DKK<\/td><\/tr><tr><td>Erwachsene<\/td><td>105 DKK<\/td><td>118 DKK<\/td><\/tr><tr><td>Jugend (12-17)<\/td><td>81 DKK<\/td><td>93 DKK<\/td><\/tr><tr><td>Kind (0-11)<\/td><td>56 DKK<\/td><td>69 DKK<\/td><\/tr><tr><td>Standard Stellplatz <span style=\"text-decoration: underline;\">inkl.<\/span> Strom (5 kWh pro Nacht)<\/td><td>73 DKK<\/td><td>105 DKK<\/td><\/tr><tr><td>Fahrrad mit kleinem Zelt<\/td><td>37 DKK<\/td><td>69 DKK<\/td><\/tr><tr><td><\/td><td><\/td><td><\/td><\/tr><tr><td>Hei\u00dfe Duschen<\/td><td>Kostenlos<\/td><td>Kostenlos<\/td><\/tr><tr><td>Hund an der Leine<\/td><td>Kostenlos<\/td><td>Kostenlos<\/td><\/tr><tr><td>Umweltgeb\u00fchr<\/td><td>Kostenlos<\/td><td>Kostenlos<\/td><\/tr><tr><td>Stromanschlu\u00df<\/td><td>Kostenlos<\/td><td>Kostenlos<\/td><\/tr><tr><td>Internet\/Wifi<\/td><td>Kostenlos<\/td><td>Kostenlos<\/td><\/tr><tr><td>Buchung verschieben\/Ankunftsdatum \u00e4ndern<\/td><td>Kostenlos<\/td><td>Kostenlos<\/td><\/tr><tr><td>Leerer Wohnwagen (zwischen den Wochenenden)<\/td><td>Kostenlos<\/td><td>Frag uns<\/td><\/tr><\/tbody><\/table><figcaption class=\"wp-element-caption\">Die Preise gelten pro Nacht. Max. 1 Auto\/Wohnmobil pro Stellplatz. <strong>Abreise vor 12:00 Uhr und Ankunft ab 14:00 Uhr (f\u00fcr H\u00fctten\/Glamping: 11:00\/15:00 Uhr).<\/strong><\/figcaption><\/figure>\n\n\n\n<p>Leerer Wohnwagen: Normale Stellplatzgeb\u00fchr, aber wenn du an zwei aufeinanderfolgenden Wochenenden bleibst, kannst du dein Wohnwagen kostenlos stehen lassen.<\/p>\n\n\n\n<p>*) Im Stellplatzgeb\u00fchr is 5 kWh Stromverbrauch pro Nacht enthalten. Mehrverbrauch wird mit 4 DKK\/kWh berechnet. Elektroautos k\u00f6nnen an den Ladestationen auf dem Parkplatz aufgeladen werden oder nach vorheriger Absprache auch auf dem Stellplatz.<\/p>\n\n\n\n<h2 class=\"wp-block-heading\" id=\"verschiedenes\">Verschiedenes.<\/h2>\n\n\n\n<figure class=\"wp-block-table is-style-stripes\"><table><tbody><tr><td>Kurzzeitg\u00e4ste (8:30-22:00, max. 2 Stunden)<\/td><td>10\/20 DKK (Kind(0-11)\/Erwachsener)<\/td><\/tr><tr><td>Tagesg\u00e4ste (8:30-22:00, mehr als 2 Stunden)<\/td><td>25\/50 DKK (Kind(0-11)\/Erwachsener)<\/td><\/tr><\/tbody><\/table><\/figure>\n\n\n\n<h2 class=\"wp-block-heading\" id=\"glamping-luxuszelte\">Glamping-Luxuszelt<\/h2>\n\n\n<div id=\"metaslider-id-5036\" style=\"width: 100%;\" class=\"ml-slider-3-108-0 metaslider metaslider-flex metaslider-5036 ml-slider has-dots-nav ms-theme-default\" role=\"region\" aria-label=\"Glamping\" data-height=\"600\" data-width=\"1040\">\n    <div id=\"metaslider_container_5036\">\n        <div id=\"metaslider_5036\">\n            <ul class='slides'>\n                <li style=\"display: block; width: 100%;\" class=\"slide-5038 ms-image \" aria-roledescription=\"slide\" data-date=\"2021-07-06 21:13:57\" data-filename=\"Glamping_Zelt_frontal_IMG_4845_gimp-1-1040x600.jpg\" data-slide-type=\"image\"><img loading=\"lazy\" decoding=\"async\" src=\"https:\/\/vammencamping.dk\/wp-content\/uploads\/2021\/07\/Glamping_Zelt_frontal_IMG_4845_gimp-1-1040x600.jpg\" height=\"600\" width=\"1040\" alt=\"\" class=\"slider-5036 slide-5038 msDefaultImage\" title=\"Glamping_Zelt_frontal_IMG_4845_gimp\" \/><\/li>\n                <li style=\"display: none; width: 100%;\" class=\"slide-8172 ms-image \" aria-roledescription=\"slide\" data-date=\"2024-07-11 15:04:27\" data-filename=\"Glamping_Ueberblick_ins_Zelt_IMG_4821_gimp-1040x600.jpg\" data-slide-type=\"image\"><img loading=\"lazy\" decoding=\"async\" src=\"https:\/\/vammencamping.dk\/wp-content\/uploads\/2021\/07\/Glamping_Ueberblick_ins_Zelt_IMG_4821_gimp-1040x600.jpg\" height=\"600\" width=\"1040\" alt=\"\" class=\"slider-5036 slide-8172 msDefaultImage\" title=\"Glamping_Ueberblick_ins_Zelt_IMG_4821_gimp\" \/><\/li>\n                <li style=\"display: none; width: 100%;\" class=\"slide-5041 ms-image \" aria-roledescription=\"slide\" data-date=\"2021-07-06 21:13:57\" data-filename=\"Glamping_Kuechenzeile_DSC_0045_gimp-1-1040x600.jpg\" data-slide-type=\"image\"><img loading=\"lazy\" decoding=\"async\" src=\"https:\/\/vammencamping.dk\/wp-content\/uploads\/2021\/07\/Glamping_Kuechenzeile_DSC_0045_gimp-1-1040x600.jpg\" height=\"600\" width=\"1040\" alt=\"\" class=\"slider-5036 slide-5041 msDefaultImage\" title=\"Glamping_Kuechenzeile_DSC_0045_gimp\" \/><\/li>\n                <li style=\"display: none; width: 100%;\" class=\"slide-8165 ms-image \" aria-roledescription=\"slide\" data-date=\"2024-07-11 15:00:16\" data-filename=\"51F46C0B-90F5-4517-AFD7-35DAA6690002-1040x600.jpg\" data-slide-type=\"image\"><img loading=\"lazy\" decoding=\"async\" src=\"https:\/\/vammencamping.dk\/wp-content\/uploads\/2024\/07\/51F46C0B-90F5-4517-AFD7-35DAA6690002-1040x600.jpg\" height=\"600\" width=\"1040\" alt=\"\" class=\"slider-5036 slide-8165 msDefaultImage\" title=\"51F46C0B-90F5-4517-AFD7-35DAA6690002\" \/><\/li>\n                <li style=\"display: none; width: 100%;\" class=\"slide-8171 ms-image \" aria-roledescription=\"slide\" data-date=\"2024-07-11 15:03:14\" data-filename=\"40A9AEB4-E0BC-4A9F-802B-BAC4FB4647FE-1040x600.jpg\" data-slide-type=\"image\"><img loading=\"lazy\" decoding=\"async\" src=\"https:\/\/vammencamping.dk\/wp-content\/uploads\/2024\/07\/40A9AEB4-E0BC-4A9F-802B-BAC4FB4647FE-1040x600.jpg\" height=\"600\" width=\"1040\" alt=\"\" class=\"slider-5036 slide-8171 msDefaultImage\" title=\"40A9AEB4-E0BC-4A9F-802B-BAC4FB4647FE\" \/><\/li>\n                <li style=\"display: none; width: 100%;\" class=\"slide-5040 ms-image \" aria-roledescription=\"slide\" data-date=\"2021-07-06 21:13:57\" data-filename=\"Glamping_Ueberblick_andere_Perspektive_IMG_4831_gimp-1-1040x600.jpg\" data-slide-type=\"image\"><img loading=\"lazy\" decoding=\"async\" src=\"https:\/\/vammencamping.dk\/wp-content\/uploads\/2021\/07\/Glamping_Ueberblick_andere_Perspektive_IMG_4831_gimp-1-1040x600.jpg\" height=\"600\" width=\"1040\" alt=\"\" class=\"slider-5036 slide-5040 msDefaultImage\" title=\"Glamping_Ueberblick_andere_Perspektive_IMG_4831_gimp\" \/><\/li>\n                <li style=\"display: none; width: 100%;\" class=\"slide-5042 ms-image \" aria-roledescription=\"slide\" data-date=\"2021-07-06 21:13:57\" data-filename=\"Glamping_Bett_DSC_0052_gimp-1040x600.jpg\" data-slide-type=\"image\"><img loading=\"lazy\" decoding=\"async\" src=\"https:\/\/vammencamping.dk\/wp-content\/uploads\/2021\/07\/Glamping_Bett_DSC_0052_gimp-1040x600.jpg\" height=\"600\" width=\"1040\" alt=\"\" class=\"slider-5036 slide-5042 msDefaultImage\" title=\"Glamping_Bett_DSC_0052_gimp\" \/><\/li>\n            <\/ul>\n        <\/div>\n        \n    <\/div>\n<\/div>\n\n\n\n<p>Wir bieten die folgenden Art von Zelt an:<\/p>\n\n\n\n<ul class=\"wp-block-list\">\n<li>Palast Glampingzelt (38 m\u00b2, Nichtraucher, Haustiere nicht erlaubt) mit \u00fcberdachter Au\u00dfenk\u00fcche, inkl. 4 Personen. 1195\/13965 DKK\/Nacht (Neben-\/Hochsaison)<\/li>\n\n\n\n<li>Luksus-jurte (38 m\u00b2, Nichtraucher, Haustiere nicht erlaubt) mit \u00fcberdachter Au\u00dfenk\u00fcche, inkl. 4 Personen. 1195\/1395 DKK\/Nacht (Neben-\/Hochsaison)<\/li>\n<\/ul>\n\n\n\n<p>Wir haben zus\u00e4tzliche Matratzen f\u00fcr zus\u00e4tzliche Kinder. Bitte frage uns im Voraus und wir werden ein Bett vorbereiten (zus\u00e4tzliche Matratzen enthalten keine Bettdecke und Kissen.). Anmerkung: Max. 4 Erwachsene. Mindestbuchung 2 N\u00e4chte.<\/p>\n\n\n\n<div class=\"wp-block-buttons is-horizontal is-content-justification-center is-layout-flex wp-container-core-buttons-is-layout-499968f5 wp-block-buttons-is-layout-flex\">\n<div class=\"wp-block-button\"><a class=\"wp-block-button__link has-text-color has-background wp-element-button\" href=\"https:\/\/vammencamping.dk\/de\/glamping\/\" style=\"border-radius:50px;color:#fffffa;background:linear-gradient(135deg,rgb(135,9,53) 0%,rgb(179,22,22) 100%)\">Lesen Sie mehr \u00fcber unser Glamping-Zelt<\/a><\/div>\n\n\n\n<div class=\"wp-block-button\"><a class=\"wp-block-button__link has-text-color has-background wp-element-button\" href=\"https:\/\/vcamp.dk\/book\/de\" style=\"border-radius:50px;color:#fffffa;background:linear-gradient(317deg,rgb(135,9,53) 0%,rgb(179,22,22) 100%)\" target=\"_blank\" rel=\"noreferrer noopener\">Urlaub buchen<\/a><\/div>\n<\/div>\n\n\n\n<h2 class=\"wp-block-heading\" id=\"hutten\">H\u00fctten<\/h2>\n\n\n\n<p>Mindestbuchung: 2 N\u00e4chte<\/p>\n\n\n\n<p>Bettw\u00e4sche: 60 DKK pro Person<\/p>\n\n\n\n<ul class=\"wp-block-list\">\n<li>H\u00fctte f\u00fcr 2 Erwachsene + 2 Kinder mit K\u00fcche und Dusche\/WC. 2 Pers. einschlie\u00dflich. 849\/949 DKK pro Nacht (Neben-\/Hochsaison). Reinigungsgeb\u00fchr: 300 DKK<\/li>\n\n\n\n<li>2-Personen-H\u00fctte mit einer \u00fcberdachten Terrasse und einer kleinen K\u00fcche ohne flie\u00dfendes Wasser. 2 Pers. einschlie\u00dflich. 495\/569 DKK pro Nacht (Neben-\/Hochsaison). Reinigungsgeb\u00fchr: 150 DKK.<\/li>\n<\/ul>\n\n\n\n<div class=\"wp-block-buttons is-horizontal is-content-justification-left is-layout-flex wp-container-core-buttons-is-layout-7e5fce0a wp-block-buttons-is-layout-flex\">\n<div class=\"wp-block-button\"><a class=\"wp-block-button__link has-text-color has-background wp-element-button\" href=\"https:\/\/vcamp.dk\/book\/de\" style=\"border-radius:50px;color:#fffffa;background:linear-gradient(317deg,rgb(135,9,53) 0%,rgb(179,22,22) 100%)\" target=\"_blank\" rel=\"noreferrer noopener\">Urlaub buchen<\/a><\/div>\n<\/div>\n\n\n\n<p><em>Alle Preise auf dieser Seite sind in DKK angegeben und enthalten 25% Mehrwertsteuer. <\/em><em>Stornierungsbedingungen und AGB: <em><a href=\"https:\/\/vammencamping.dk\/terms-and-conditions\/\" data-type=\"page\" data-id=\"5705\">Terms and Conditions<\/a><\/em><\/em><\/p>\n","protected":false},"excerpt":{"rendered":"<p>F\u00fcr Reservierungen kontaktieren Sie uns bitte. Fragen? Sehen Sie unsere FAQ Ge\u00f6ffnet vom 1. Mai bis 31. August. Camping Unterkunft im eigenen Wohnwagen, Wohnmobil oder Zelt usw. Du kannst jederzeit ohne Reservierung anreisen. Es findet sich immer L\u00f6sung. Wenn du einen Platz reserviert hast, kannst du ihn kostenlos verschieben oder gegen eine Geb\u00fchr zu stornieren. &#8230; <a class=\"read-more\" href=\"https:\/\/vammencamping.dk\/de\/preise\/\">Read more&#8230;<\/a><\/p>\n","protected":false},"author":1,"featured_media":0,"parent":0,"menu_order":0,"comment_status":"closed","ping_status":"closed","template":"","meta":{"footnotes":""},"class_list":["post-3076","page","type-page","status-publish"],"featured_image_src":null,"_links":{"self":[{"href":"https:\/\/vammencamping.dk\/de\/wp-json\/wp\/v2\/pages\/3076","targetHints":{"allow":["GET"]}}],"collection":[{"href":"https:\/\/vammencamping.dk\/de\/wp-json\/wp\/v2\/pages"}],"about":[{"href":"https:\/\/vammencamping.dk\/de\/wp-json\/wp\/v2\/types\/page"}],"author":[{"embeddable":true,"href":"https:\/\/vammencamping.dk\/de\/wp-json\/wp\/v2\/users\/1"}],"replies":[{"embeddable":true,"href":"https:\/\/vammencamping.dk\/de\/wp-json\/wp\/v2\/comments?post=3076"}],"version-history":[{"count":109,"href":"https:\/\/vammencamping.dk\/de\/wp-json\/wp\/v2\/pages\/3076\/revisions"}],"predecessor-version":[{"id":11031,"href":"https:\/\/vammencamping.dk\/de\/wp-json\/wp\/v2\/pages\/3076\/revisions\/11031"}],"wp:attachment":[{"href":"https:\/\/vammencamping.dk\/de\/wp-json\/wp\/v2\/media?parent=3076"}],"curies":[{"name":"wp","href":"https:\/\/api.w.org\/{rel}","templated":true}]}}