{"id":3060,"date":"2017-12-28T18:32:59","date_gmt":"2017-12-28T17:32:59","guid":{"rendered":"http:\/\/vammencamping.dk\/?page_id=3060"},"modified":"2025-07-07T15:31:20","modified_gmt":"2025-07-07T14:31:20","slug":"sehenswuerdigkeiten","status":"publish","type":"page","link":"https:\/\/vammencamping.dk\/de\/sehenswuerdigkeiten\/","title":{"rendered":"Sehensw\u00fcrdigkeiten"},"content":{"rendered":"\n<div class=\"wp-block-group is-nowrap is-layout-flex wp-container-core-group-is-layout-ad2f72ca wp-block-group-is-layout-flex\">\n<figure class=\"wp-block-image size-large is-resized\"><a href=\"https:\/\/vammencamping.dk\/de\/wanderrouten\/\"><img loading=\"lazy\" decoding=\"async\" width=\"1200\" height=\"1725\" src=\"https:\/\/vammencamping.dk\/wp-content\/uploads\/2025\/07\/hiking_brown-1200x1725.png\" alt=\"\" class=\"wp-image-10189\" style=\"width:35px;height:auto\" srcset=\"https:\/\/vammencamping.dk\/wp-content\/uploads\/2025\/07\/hiking_brown-1200x1725.png 1200w, https:\/\/vammencamping.dk\/wp-content\/uploads\/2025\/07\/hiking_brown-744x1069.png 744w, https:\/\/vammencamping.dk\/wp-content\/uploads\/2025\/07\/hiking_brown-420x603.png 420w, https:\/\/vammencamping.dk\/wp-content\/uploads\/2025\/07\/hiking_brown-768x1104.png 768w, https:\/\/vammencamping.dk\/wp-content\/uploads\/2025\/07\/hiking_brown.png 322w\" sizes=\"auto, (max-width: 1200px) 100vw, 1200px\" \/><\/a><\/figure>\n\n\n\n<figure class=\"wp-block-image size-large is-resized\"><a href=\"https:\/\/vammencamping.dk\/de\/fahrradrouten\/\"><img loading=\"lazy\" decoding=\"async\" width=\"1200\" height=\"1059\" src=\"https:\/\/vammencamping.dk\/wp-content\/uploads\/2025\/07\/cykling_green-1200x1059.png\" alt=\"\" class=\"wp-image-10185\" style=\"width:44px;height:auto\" srcset=\"https:\/\/vammencamping.dk\/wp-content\/uploads\/2025\/07\/cykling_green-1200x1059.png 1200w, https:\/\/vammencamping.dk\/wp-content\/uploads\/2025\/07\/cykling_green-744x656.png 744w, https:\/\/vammencamping.dk\/wp-content\/uploads\/2025\/07\/cykling_green-420x370.png 420w, https:\/\/vammencamping.dk\/wp-content\/uploads\/2025\/07\/cykling_green-768x678.png 768w, https:\/\/vammencamping.dk\/wp-content\/uploads\/2025\/07\/cykling_green.png 427w\" sizes=\"auto, (max-width: 1200px) 100vw, 1200px\" \/><\/a><\/figure>\n\n\n\n<figure class=\"wp-block-image size-large is-resized\"><a href=\"https:\/\/vammencamping.dk\/de\/touren-auf-dem-see-tjele-langsoe\/\"><img loading=\"lazy\" decoding=\"async\" width=\"1200\" height=\"1022\" src=\"https:\/\/vammencamping.dk\/wp-content\/uploads\/2025\/07\/canoe_blue-1200x1022.png\" alt=\"\" class=\"wp-image-10193\" style=\"width:50px;height:auto\" srcset=\"https:\/\/vammencamping.dk\/wp-content\/uploads\/2025\/07\/canoe_blue-1200x1022.png 1200w, https:\/\/vammencamping.dk\/wp-content\/uploads\/2025\/07\/canoe_blue-744x634.png 744w, https:\/\/vammencamping.dk\/wp-content\/uploads\/2025\/07\/canoe_blue-420x358.png 420w, https:\/\/vammencamping.dk\/wp-content\/uploads\/2025\/07\/canoe_blue-768x654.png 768w, https:\/\/vammencamping.dk\/wp-content\/uploads\/2025\/07\/canoe_blue.png 522w\" sizes=\"auto, (max-width: 1200px) 100vw, 1200px\" \/><\/a><\/figure>\n\n\n\n<p><strong><em><a href=\"https:\/\/vammencamping.dk\/de\/routen\/\" data-type=\"page\" data-id=\"10338\">Hier klicken<\/a> f\u00fcr Wanderrouten, Fahrradrouten und Routen auf dem See <\/em><\/strong><\/p>\n<\/div>\n\n\n\n<div style=\"height:20px\" aria-hidden=\"true\" class=\"wp-block-spacer\"><\/div>\n\n\n<p>In der Information haben wir eine grosse Auswahl von Prospekten \u00fcber<br \/>\nAttraktionen, Museen, Sehensw\u00fcrdigkeiten und Naturerlebnissen. Wir sind auch<br \/>\ngerne bereit gute Ratschl\u00e4ge zu geben; auch bei speziellen Interessen.<\/p>\n<p>Vammen Camping liegt Mitten in J\u00fctland, so dass die meisten Attraktionen<br \/>\ninnerhalb eines kurzen Abstandes liegen; z.B. ist Legoland f\u00fcr ein<br \/>\nTagesausflug geignet.<\/p>\n<p>Unten einige Beispiele von Attraktionen in der Gegend:<div id=\"metaslider-id-1397\" style=\"max-width: 1040px;\" class=\"ml-slider-3-108-0 metaslider metaslider-flex metaslider-1397 ml-slider has-dots-nav ms-theme-default\" role=\"region\" aria-label=\"Attractions\" data-height=\"650\" data-width=\"1040\">\n    <div id=\"metaslider_container_1397\">\n        <div id=\"metaslider_1397\">\n            <ul class='slides'>\n                <li style=\"display: block; width: 100%;\" class=\"slide-1402 ms-image \" aria-roledescription=\"slide\" data-date=\"2015-02-04 21:23:15\" data-filename=\"fra_attr_hp_P8046866_960px-960x600.jpg\" data-slide-type=\"image\"><img loading=\"lazy\" decoding=\"async\" src=\"https:\/\/vammencamping.dk\/wp-content\/uploads\/2015\/02\/fra_attr_hp_P8046866_960px-960x600.jpg\" height=\"650\" width=\"1040\" alt=\"\" class=\"slider-1397 slide-1402 msDefaultImage\" \/><\/li>\n                <li style=\"display: none; width: 100%;\" class=\"slide-1431 ms-image \" aria-roledescription=\"slide\" data-date=\"2015-02-07 14:32:06\" data-filename=\"legoland_indgang_cropped-1040x650.jpg\" data-slide-type=\"image\"><img loading=\"lazy\" decoding=\"async\" src=\"https:\/\/vammencamping.dk\/wp-content\/uploads\/2015\/02\/legoland_indgang_cropped-1040x650.jpg\" height=\"650\" width=\"1040\" alt=\"[:da] Vammen Camping ligt niet ver van Legoland [:en] [:de] [:nl][:]\" class=\"slider-1397 slide-1431 msDefaultImage\" \/><\/li>\n                <li style=\"display: none; width: 100%;\" class=\"slide-1432 ms-image \" aria-roledescription=\"slide\" data-date=\"2015-02-07 14:32:09\" data-filename=\"skandinavisk_dyrepark_isbjoern_cropped-729x456.jpg\" data-slide-type=\"image\"><img loading=\"lazy\" decoding=\"async\" src=\"https:\/\/vammencamping.dk\/wp-content\/uploads\/2015\/02\/skandinavisk_dyrepark_isbjoern_cropped-729x456.jpg\" height=\"650\" width=\"1040\" alt=\"\" class=\"slider-1397 slide-1432 msDefaultImage\" \/><\/li>\n                <li style=\"display: none; width: 100%;\" class=\"slide-1429 ms-image \" aria-roledescription=\"slide\" data-date=\"2015-02-07 14:19:10\" data-filename=\"hjerl_hede_cc_by_sa_2.0_-_Jesper_Soerensen-1024x640.jpg\" data-slide-type=\"image\"><img loading=\"lazy\" decoding=\"async\" src=\"https:\/\/vammencamping.dk\/wp-content\/uploads\/2015\/02\/hjerl_hede_cc_by_sa_2.0_-_Jesper_Soerensen-1024x640.jpg\" height=\"650\" width=\"1040\" alt=\"\" class=\"slider-1397 slide-1429 msDefaultImage\" \/><\/li>\n                <li style=\"display: none; width: 100%;\" class=\"slide-1433 ms-image \" aria-roledescription=\"slide\" data-date=\"2015-02-07 14:32:10\" data-filename=\"spoetrup_middelalderborg_cropped-491x306.jpg\" data-slide-type=\"image\"><img loading=\"lazy\" decoding=\"async\" src=\"https:\/\/vammencamping.dk\/wp-content\/uploads\/2015\/02\/spoetrup_middelalderborg_cropped-491x306.jpg\" height=\"650\" width=\"1040\" alt=\"\" class=\"slider-1397 slide-1433 msDefaultImage\" \/><\/li>\n            <\/ul>\n        <\/div>\n        \n    <\/div>\n<\/div><\/p>\n<table cellspacing=\"1\" cellpadding=\"1\" border=\"0\">\n<tbody>\n<tr bgcolor=\"#FFFFFF\">\n<td><a href=\"http:\/\/www.hvolris.viborg.dk\" target=\"_blank\" rel=\"noopener\">Hvolris Jernalderlandsby<\/a> &#8211; Eisenalterdorf<\/td>\n<td>10 km von Vammen Camping<\/td>\n<\/tr>\n<tr bgcolor=\"#E6EBF0\">\n<td><a href=\"http:\/\/www.papfabrik.dk\" target=\"_blank\" rel=\"noopener\">Bruunshaab Papfabrik<\/a> &#8211; arbeitendes Fabriksmuseum<\/td>\n<td>Viborg<\/td>\n<\/tr>\n<tr bgcolor=\"#FFFFFF\">\n<td><a href=\"http:\/\/www.verdenskortet.dk\" target=\"_blank\" rel=\"noopener\">Verdenskortet<\/a> &#8211; Weltkarte<\/td>\n<td>10 km von Vammencamping<\/td>\n<\/tr>\n<tr bgcolor=\"#E6EBF0\">\n<td><a href=\"http:\/\/www.nordmus.dk\/vikingecenter-fyrkat\" target=\"_blank\" rel=\"noopener\">Vikingecenter Fyrkat<\/a><\/td>\n<td>Hobro<\/td>\n<\/tr>\n<tr bgcolor=\"#FFFFFF\">\n<td><a href=\"http:\/\/www.monsted-kalkgruber.dk\" target=\"_blank\" rel=\"noopener\">M\u00f8nsted Kalkminer<\/a> &#8211; Kalkgruben<\/td>\n<td>Viborg<\/td>\n<\/tr>\n<tr bgcolor=\"#E6EBF0\">\n<td><a href=\"http:\/\/www.regnskoven.dk\" target=\"_blank\" rel=\"noopener\">Randers Regnskov <\/a>&#8211; Regenwald<\/td>\n<td>Randers<\/td>\n<\/tr>\n<tr bgcolor=\"#FFFFFF\">\n<td><a href=\"http:\/\/www.saltcenter.com\" target=\"_blank\" rel=\"noopener\">Mariager Saltcenter<\/a> &#8211; Salzmuseum<\/td>\n<td>Mariager<\/td>\n<\/tr>\n<tr bgcolor=\"#E6EBF0\">\n<td><a href=\"http:\/\/www.energimuseet.dk\" target=\"_blank\" rel=\"noopener\">El-museet <\/a>&#8211; Elektromuseum<\/td>\n<td>Bjerringbro<\/td>\n<\/tr>\n<tr bgcolor=\"#FFFFFF\">\n<td><a href=\"http:\/\/www.visitaqua.dk\" target=\"_blank\" rel=\"noopener\">Aqua <\/a>&#8211; S\u00fcsswassermuseum<\/td>\n<td>Silkeborg<\/td>\n<\/tr>\n<tr bgcolor=\"#E6EBF0\">\n<td><a href=\"http:\/\/www.gasmuseet.dk\" target=\"_blank\" rel=\"noopener\">Gasmuseet i Hobro<\/a><\/td>\n<td>Hobro<\/td>\n<\/tr>\n<tr bgcolor=\"#FFFFFF\">\n<td><a href=\"http:\/\/www.legoland.dk\" target=\"_blank\" rel=\"noopener\">Legoland <\/a><\/td>\n<td>Billund<\/td>\n<\/tr>\n<tr bgcolor=\"#E6EBF0\">\n<td><a href=\"http:\/\/www.hjerlhede.dk\" target=\"_blank\" rel=\"noopener\">Frilandsmuseet Hjerl Hede <\/a>&#8211; Freilichtmuseum<\/td>\n<td>Zwischen Viborg und Holstebro<\/td>\n<\/tr>\n<tr bgcolor=\"#FFFFFF\">\n<td><a href=\"http:\/\/www.dengamleby.dk\" target=\"_blank\" rel=\"noopener\">Den Gamle By i Aarhus <\/a>&#8211; Die alte Stadt &#8211; Museum in Aarhus<\/td>\n<td>Aarhus<\/td>\n<\/tr>\n<tr bgcolor=\"#E6EBF0\">\n<td><a href=\"http:\/\/www.museumsalling.dk\/borgen\" target=\"_blank\" rel=\"noopener\">Middelalderborgen Sp\u00f8ttrup <\/a>&#8211; Mittelaterburg<\/td>\n<td>Skive<\/td>\n<\/tr>\n<tr bgcolor=\"#FFFFFF\">\n<td><a href=\"http:\/\/www.djurssommerland.dk\" target=\"_blank\" rel=\"noopener\">Djurs Sommerland <\/a><\/td>\n<td>Djursland<\/td>\n<\/tr>\n<tr bgcolor=\"#E6EBF0\">\n<td><a href=\"http:\/\/www.skandinaviskdyrepark.dk\" target=\"_blank\" rel=\"noopener\">Skandinavisk Dyrepark<\/a> &#8211; Tierpark<\/td>\n<td>Djursland<\/td>\n<\/tr>\n<\/tbody>\n<\/table>","protected":false},"excerpt":{"rendered":"<p>Hier klicken f\u00fcr Wanderrouten, Fahrradrouten und Routen auf dem See In der Information haben wir eine grosse Auswahl von Prospekten \u00fcber Attraktionen, Museen, Sehensw\u00fcrdigkeiten und Naturerlebnissen. Wir sind auch gerne bereit gute Ratschl\u00e4ge zu geben; auch bei speziellen Interessen. Vammen Camping liegt Mitten in J\u00fctland, so dass die meisten Attraktionen innerhalb eines kurzen Abstandes liegen; &#8230; <a class=\"read-more\" href=\"https:\/\/vammencamping.dk\/de\/sehenswuerdigkeiten\/\">Read more&#8230;<\/a><\/p>\n","protected":false},"author":1,"featured_media":0,"parent":0,"menu_order":0,"comment_status":"closed","ping_status":"closed","template":"","meta":{"footnotes":""},"class_list":["post-3060","page","type-page","status-publish"],"featured_image_src":null,"_links":{"self":[{"href":"https:\/\/vammencamping.dk\/de\/wp-json\/wp\/v2\/pages\/3060","targetHints":{"allow":["GET"]}}],"collection":[{"href":"https:\/\/vammencamping.dk\/de\/wp-json\/wp\/v2\/pages"}],"about":[{"href":"https:\/\/vammencamping.dk\/de\/wp-json\/wp\/v2\/types\/page"}],"author":[{"embeddable":true,"href":"https:\/\/vammencamping.dk\/de\/wp-json\/wp\/v2\/users\/1"}],"replies":[{"embeddable":true,"href":"https:\/\/vammencamping.dk\/de\/wp-json\/wp\/v2\/comments?post=3060"}],"version-history":[{"count":5,"href":"https:\/\/vammencamping.dk\/de\/wp-json\/wp\/v2\/pages\/3060\/revisions"}],"predecessor-version":[{"id":10378,"href":"https:\/\/vammencamping.dk\/de\/wp-json\/wp\/v2\/pages\/3060\/revisions\/10378"}],"wp:attachment":[{"href":"https:\/\/vammencamping.dk\/de\/wp-json\/wp\/v2\/media?parent=3060"}],"curies":[{"name":"wp","href":"https:\/\/api.w.org\/{rel}","templated":true}]}}