{"id":3045,"date":"2017-12-28T18:19:11","date_gmt":"2017-12-28T17:19:11","guid":{"rendered":"http:\/\/vammencamping.dk\/?page_id=3045"},"modified":"2025-08-04T21:46:00","modified_gmt":"2025-08-04T20:46:00","slug":"herzlich-wilkommen","status":"publish","type":"page","link":"https:\/\/vammencamping.dk\/de\/","title":{"rendered":"Herzlich Wilkommen"},"content":{"rendered":"<p><iframe loading=\"lazy\" title=\"Vammen Camping - The original music campsite\" width=\"1200\" height=\"675\" src=\"https:\/\/www.youtube.com\/embed\/K3Ft95X7Wh8?feature=oembed\" frameborder=\"0\" allow=\"accelerometer; autoplay; clipboard-write; encrypted-media; gyroscope; picture-in-picture; web-share\" referrerpolicy=\"strict-origin-when-cross-origin\" allowfullscreen><\/iframe><\/p>\n\n\n<div class=\"wp-block-buttons is-horizontal is-content-justification-left is-layout-flex wp-container-core-buttons-is-layout-7e5fce0a wp-block-buttons-is-layout-flex\">\n<div class=\"wp-block-button\"><a class=\"wp-block-button__link has-text-color has-background wp-element-button\" href=\"https:\/\/vcamp.dk\/book\/de\" style=\"border-radius:50px;color:#fffffa;background:linear-gradient(317deg,rgb(135,9,53) 0%,rgb(179,22,22) 100%)\" target=\"_blank\" rel=\"noreferrer noopener\">Urlaub buchen<\/a><\/div>\n<\/div>\n\n\n\n<h2 class=\"wp-block-heading\" id=\"vammen-camping\">Vammen Camping<\/h2>\n\n\n\n<p>In gesch\u00fctzter, unber\u00fchrter Natur mit Blick \u00fcber den Tjele Langs\u00f8 und umliegenden Waldgebieten liegt Vammen Camping.<\/p>\n\n\n\n<p>Hier gibt es <a href=\"https:\/\/vammencamping.dk\/de\/aktivitaeten\/\">Aktivit\u00e4ten<\/a> f\u00fcr jedes Alter und die <a href=\"https:\/\/vammencamping.dk\/de\/ausstattung\/\">Ausstattung<\/a> des Platzes umfasst u.a. ein gro\u00dfes Flo\u00df, Sauna und Beachvolleyballfeld.<\/p>\n\n\n\n<p>Abends z\u00fcnden wir das offene Herdfeuer an in der rustikalen Fachwerkstube, wo geplaudert und gelesen wird oder Spiele gespielt werden &#8211; oft zu den T\u00f6nen von Livemusik gespielt von den Campern.<\/p>\n\n\n\n<p>Wir lieben Livemusik! Die Stimmung und Gemeinschaft die dabei entsteht, sowohl in unserer Feuerstube als auch diskret auf dem Platz, wenn tags\u00fcber ge\u00fcbt wird.<\/p>\n\n\n\n<p>Unter <a href=\"https:\/\/vammencamping.dk\/de\/bilder\/\">Bilder<\/a> und <a href=\"https:\/\/vammencamping.dk\/de\/konzept\/\">Konzept<\/a>, kannst du mehr \u00fcber den Campingplatz erfahren. Du kannst jederzeit ohne <a href=\"https:\/\/vcamp.dk\/de\/book\" data-type=\"page\" target=\"_blank\" rel=\"noreferrer noopener\">Reservierung<\/a> anreisen. Es findet sich immer L\u00f6sung. Frag uns gerne, falls du mehr Information m\u00f6chtest: <a href=\"https:\/\/vammencamping.dk\/de\/kontakt\/\">Kontakt<\/a>.<\/p>\n\n\n\n<p>Wir freuen uns Dich hier zu sehen!<\/p>\n\n\n\n<p>Fam. Sluyterman<\/p>\n\n\n\n<div class=\"wp-block-buttons is-horizontal is-content-justification-left is-layout-flex wp-container-core-buttons-is-layout-7e5fce0a wp-block-buttons-is-layout-flex\">\n<div class=\"wp-block-button\"><a class=\"wp-block-button__link has-text-color has-background wp-element-button\" href=\"https:\/\/vcamp.dk\/book\/de\" style=\"border-radius:50px;color:#fffffa;background:linear-gradient(317deg,rgb(135,9,53) 0%,rgb(179,22,22) 100%)\" target=\"_blank\" rel=\"noreferrer noopener\">Urlaub buchen<\/a><\/div>\n<\/div>\n\n\n\n<div class=\"wp-block-columns is-layout-flex wp-container-core-columns-is-layout-9d6595d7 wp-block-columns-is-layout-flex\">\n<div class=\"wp-block-column is-layout-flow wp-block-column-is-layout-flow\">\n<div class=\"alignnormal\"><div id=\"metaslider-id-5036\" style=\"width: 100%;\" class=\"ml-slider-3-108-0 metaslider metaslider-flex metaslider-5036 ml-slider has-dots-nav ms-theme-default\" role=\"region\" aria-label=\"Glamping\" data-height=\"600\" data-width=\"1040\">\n    <div id=\"metaslider_container_5036\">\n        <div id=\"metaslider_5036\">\n            <ul class='slides'>\n                <li style=\"display: block; width: 100%;\" class=\"slide-5038 ms-image \" aria-roledescription=\"slide\" data-date=\"2021-07-06 21:13:57\" data-filename=\"Glamping_Zelt_frontal_IMG_4845_gimp-1-1040x600.jpg\" data-slide-type=\"image\"><img loading=\"lazy\" decoding=\"async\" src=\"https:\/\/vammencamping.dk\/wp-content\/uploads\/2021\/07\/Glamping_Zelt_frontal_IMG_4845_gimp-1-1040x600.jpg\" height=\"600\" width=\"1040\" alt=\"\" class=\"slider-5036 slide-5038 msDefaultImage\" title=\"Glamping_Zelt_frontal_IMG_4845_gimp\" \/><\/li>\n                <li style=\"display: none; width: 100%;\" class=\"slide-8172 ms-image \" aria-roledescription=\"slide\" data-date=\"2024-07-11 15:04:27\" data-filename=\"Glamping_Ueberblick_ins_Zelt_IMG_4821_gimp-1040x600.jpg\" data-slide-type=\"image\"><img loading=\"lazy\" decoding=\"async\" src=\"https:\/\/vammencamping.dk\/wp-content\/uploads\/2021\/07\/Glamping_Ueberblick_ins_Zelt_IMG_4821_gimp-1040x600.jpg\" height=\"600\" width=\"1040\" alt=\"\" class=\"slider-5036 slide-8172 msDefaultImage\" title=\"Glamping_Ueberblick_ins_Zelt_IMG_4821_gimp\" \/><\/li>\n                <li style=\"display: none; width: 100%;\" class=\"slide-5041 ms-image \" aria-roledescription=\"slide\" data-date=\"2021-07-06 21:13:57\" data-filename=\"Glamping_Kuechenzeile_DSC_0045_gimp-1-1040x600.jpg\" data-slide-type=\"image\"><img loading=\"lazy\" decoding=\"async\" src=\"https:\/\/vammencamping.dk\/wp-content\/uploads\/2021\/07\/Glamping_Kuechenzeile_DSC_0045_gimp-1-1040x600.jpg\" height=\"600\" width=\"1040\" alt=\"\" class=\"slider-5036 slide-5041 msDefaultImage\" title=\"Glamping_Kuechenzeile_DSC_0045_gimp\" \/><\/li>\n                <li style=\"display: none; width: 100%;\" class=\"slide-8165 ms-image \" aria-roledescription=\"slide\" data-date=\"2024-07-11 15:00:16\" data-filename=\"51F46C0B-90F5-4517-AFD7-35DAA6690002-1040x600.jpg\" data-slide-type=\"image\"><img loading=\"lazy\" decoding=\"async\" src=\"https:\/\/vammencamping.dk\/wp-content\/uploads\/2024\/07\/51F46C0B-90F5-4517-AFD7-35DAA6690002-1040x600.jpg\" height=\"600\" width=\"1040\" alt=\"\" class=\"slider-5036 slide-8165 msDefaultImage\" title=\"51F46C0B-90F5-4517-AFD7-35DAA6690002\" \/><\/li>\n                <li style=\"display: none; width: 100%;\" class=\"slide-8171 ms-image \" aria-roledescription=\"slide\" data-date=\"2024-07-11 15:03:14\" data-filename=\"40A9AEB4-E0BC-4A9F-802B-BAC4FB4647FE-1040x600.jpg\" data-slide-type=\"image\"><img loading=\"lazy\" decoding=\"async\" src=\"https:\/\/vammencamping.dk\/wp-content\/uploads\/2024\/07\/40A9AEB4-E0BC-4A9F-802B-BAC4FB4647FE-1040x600.jpg\" height=\"600\" width=\"1040\" alt=\"\" class=\"slider-5036 slide-8171 msDefaultImage\" title=\"40A9AEB4-E0BC-4A9F-802B-BAC4FB4647FE\" \/><\/li>\n                <li style=\"display: none; width: 100%;\" class=\"slide-5040 ms-image \" aria-roledescription=\"slide\" data-date=\"2021-07-06 21:13:57\" data-filename=\"Glamping_Ueberblick_andere_Perspektive_IMG_4831_gimp-1-1040x600.jpg\" data-slide-type=\"image\"><img loading=\"lazy\" decoding=\"async\" src=\"https:\/\/vammencamping.dk\/wp-content\/uploads\/2021\/07\/Glamping_Ueberblick_andere_Perspektive_IMG_4831_gimp-1-1040x600.jpg\" height=\"600\" width=\"1040\" alt=\"\" class=\"slider-5036 slide-5040 msDefaultImage\" title=\"Glamping_Ueberblick_andere_Perspektive_IMG_4831_gimp\" \/><\/li>\n                <li style=\"display: none; width: 100%;\" class=\"slide-5042 ms-image \" aria-roledescription=\"slide\" data-date=\"2021-07-06 21:13:57\" data-filename=\"Glamping_Bett_DSC_0052_gimp-1040x600.jpg\" data-slide-type=\"image\"><img loading=\"lazy\" decoding=\"async\" src=\"https:\/\/vammencamping.dk\/wp-content\/uploads\/2021\/07\/Glamping_Bett_DSC_0052_gimp-1040x600.jpg\" height=\"600\" width=\"1040\" alt=\"\" class=\"slider-5036 slide-5042 msDefaultImage\" title=\"Glamping_Bett_DSC_0052_gimp\" \/><\/li>\n            <\/ul>\n        <\/div>\n        \n    <\/div>\n<\/div><\/div>\n<\/div>\n\n\n\n<div class=\"wp-block-column is-layout-flow wp-block-column-is-layout-flow\">\n<h2 class=\"wp-block-heading\" id=\"glamping\">Glamping<\/h2>\n\n\n\n<p>Probieren Sie unsere \u201eGlamping\u201c-Luxuszelt. Holen Dir den Komfort von zu Hause aus ganz in die Natur mit echten Betten, Sofa usw. in einem wundersch\u00f6n dekorierten Luxuszelt.<\/p>\n\n\n\n<div class=\"wp-block-buttons is-horizontal is-content-justification-center is-layout-flex wp-container-core-buttons-is-layout-499968f5 wp-block-buttons-is-layout-flex\">\n<div class=\"wp-block-button\"><a class=\"wp-block-button__link has-text-color has-background wp-element-button\" href=\"https:\/\/vammencamping.dk\/de\/glamping\/\" style=\"border-radius:50px;color:#fffffa;background:linear-gradient(42deg,rgb(135,9,53) 0%,rgb(179,22,22) 100%)\">Mehr info \u00fcber unser glamping-zelt<\/a><\/div>\n\n\n\n<div class=\"wp-block-button\"><a class=\"wp-block-button__link has-text-color has-background wp-element-button\" href=\"https:\/\/vammencamping.dk\/de\/preise\/\" style=\"border-radius:50px;color:#fffffa;background:linear-gradient(135deg,rgb(135,9,53) 0%,rgb(179,22,22) 100%)\">Preise<\/a><\/div>\n\n\n\n<div class=\"wp-block-button\"><a class=\"wp-block-button__link has-text-color has-background wp-element-button\" href=\"https:\/\/vcamp.dk\/book\/de\" style=\"border-radius:50px;color:#fffffa;background:linear-gradient(317deg,rgb(135,9,53) 0%,rgb(179,22,22) 100%)\" target=\"_blank\" rel=\"noreferrer noopener\">Urlaub buchen<\/a><\/div>\n\n\n\n<div class=\"wp-block-button\"><a class=\"wp-block-button__link has-text-color has-background wp-element-button\" href=\"https:\/\/vammencamping.dk\/de\/kontakt\/\" style=\"border-radius:50px;color:#fffffa;background:linear-gradient(317deg,rgb(135,9,53) 0%,rgb(179,22,22) 100%)\">Kontakt<\/a><\/div>\n<\/div>\n<\/div>\n<\/div>\n\n\n\n<ul class=\"wp-block-social-links is-layout-flex wp-block-social-links-is-layout-flex\"><li class=\"wp-social-link wp-social-link-facebook  wp-block-social-link\"><a href=\"https:\/\/www.facebook.com\/vammencamping\/\" class=\"wp-block-social-link-anchor\" target=\"_blank\" rel=\"noopener\"><svg width=\"24\" height=\"24\" viewBox=\"0 0 24 24\" version=\"1.1\" xmlns=\"http:\/\/www.w3.org\/2000\/svg\" aria-hidden=\"true\" focusable=\"false\"><path d=\"M12 2C6.5 2 2 6.5 2 12c0 5 3.7 9.1 8.4 9.9v-7H7.9V12h2.5V9.8c0-2.5 1.5-3.9 3.8-3.9 1.1 0 2.2.2 2.2.2v2.5h-1.3c-1.2 0-1.6.8-1.6 1.6V12h2.8l-.4 2.9h-2.3v7C18.3 21.1 22 17 22 12c0-5.5-4.5-10-10-10z\"><\/path><\/svg><span class=\"wp-block-social-link-label screen-reader-text\">Facebook<\/span><\/a><\/li>\n\n<li class=\"wp-social-link wp-social-link-instagram  wp-block-social-link\"><a href=\"https:\/\/www.instagram.com\/vammencamping\/\" class=\"wp-block-social-link-anchor\" target=\"_blank\" rel=\"noopener\"><svg width=\"24\" height=\"24\" viewBox=\"0 0 24 24\" version=\"1.1\" xmlns=\"http:\/\/www.w3.org\/2000\/svg\" aria-hidden=\"true\" focusable=\"false\"><path d=\"M12,4.622c2.403,0,2.688,0.009,3.637,0.052c0.877,0.04,1.354,0.187,1.671,0.31c0.42,0.163,0.72,0.358,1.035,0.673 c0.315,0.315,0.51,0.615,0.673,1.035c0.123,0.317,0.27,0.794,0.31,1.671c0.043,0.949,0.052,1.234,0.052,3.637 s-0.009,2.688-0.052,3.637c-0.04,0.877-0.187,1.354-0.31,1.671c-0.163,0.42-0.358,0.72-0.673,1.035 c-0.315,0.315-0.615,0.51-1.035,0.673c-0.317,0.123-0.794,0.27-1.671,0.31c-0.949,0.043-1.233,0.052-3.637,0.052 s-2.688-0.009-3.637-0.052c-0.877-0.04-1.354-0.187-1.671-0.31c-0.42-0.163-0.72-0.358-1.035-0.673 c-0.315-0.315-0.51-0.615-0.673-1.035c-0.123-0.317-0.27-0.794-0.31-1.671C4.631,14.688,4.622,14.403,4.622,12 s0.009-2.688,0.052-3.637c0.04-0.877,0.187-1.354,0.31-1.671c0.163-0.42,0.358-0.72,0.673-1.035 c0.315-0.315,0.615-0.51,1.035-0.673c0.317-0.123,0.794-0.27,1.671-0.31C9.312,4.631,9.597,4.622,12,4.622 M12,3 C9.556,3,9.249,3.01,8.289,3.054C7.331,3.098,6.677,3.25,6.105,3.472C5.513,3.702,5.011,4.01,4.511,4.511 c-0.5,0.5-0.808,1.002-1.038,1.594C3.25,6.677,3.098,7.331,3.054,8.289C3.01,9.249,3,9.556,3,12c0,2.444,0.01,2.751,0.054,3.711 c0.044,0.958,0.196,1.612,0.418,2.185c0.23,0.592,0.538,1.094,1.038,1.594c0.5,0.5,1.002,0.808,1.594,1.038 c0.572,0.222,1.227,0.375,2.185,0.418C9.249,20.99,9.556,21,12,21s2.751-0.01,3.711-0.054c0.958-0.044,1.612-0.196,2.185-0.418 c0.592-0.23,1.094-0.538,1.594-1.038c0.5-0.5,0.808-1.002,1.038-1.594c0.222-0.572,0.375-1.227,0.418-2.185 C20.99,14.751,21,14.444,21,12s-0.01-2.751-0.054-3.711c-0.044-0.958-0.196-1.612-0.418-2.185c-0.23-0.592-0.538-1.094-1.038-1.594 c-0.5-0.5-1.002-0.808-1.594-1.038c-0.572-0.222-1.227-0.375-2.185-0.418C14.751,3.01,14.444,3,12,3L12,3z M12,7.378 c-2.552,0-4.622,2.069-4.622,4.622S9.448,16.622,12,16.622s4.622-2.069,4.622-4.622S14.552,7.378,12,7.378z M12,15 c-1.657,0-3-1.343-3-3s1.343-3,3-3s3,1.343,3,3S13.657,15,12,15z M16.804,6.116c-0.596,0-1.08,0.484-1.08,1.08 s0.484,1.08,1.08,1.08c0.596,0,1.08-0.484,1.08-1.08S17.401,6.116,16.804,6.116z\"><\/path><\/svg><span class=\"wp-block-social-link-label screen-reader-text\">Instagram<\/span><\/a><\/li><\/ul>\n","protected":false},"excerpt":{"rendered":"<p>Vammen Camping In gesch\u00fctzter, unber\u00fchrter Natur mit Blick \u00fcber den Tjele Langs\u00f8 und umliegenden Waldgebieten liegt Vammen Camping. Hier gibt es Aktivit\u00e4ten f\u00fcr jedes Alter und die Ausstattung des Platzes umfasst u.a. ein gro\u00dfes Flo\u00df, Sauna und Beachvolleyballfeld. Abends z\u00fcnden wir das offene Herdfeuer an in der rustikalen Fachwerkstube, wo geplaudert und gelesen wird oder &#8230; <a class=\"read-more\" href=\"https:\/\/vammencamping.dk\/de\/\">Read more&#8230;<\/a><\/p>\n","protected":false},"author":1,"featured_media":0,"parent":0,"menu_order":0,"comment_status":"closed","ping_status":"closed","template":"","meta":{"footnotes":""},"class_list":["post-3045","page","type-page","status-publish"],"featured_image_src":null,"_links":{"self":[{"href":"https:\/\/vammencamping.dk\/de\/wp-json\/wp\/v2\/pages\/3045","targetHints":{"allow":["GET"]}}],"collection":[{"href":"https:\/\/vammencamping.dk\/de\/wp-json\/wp\/v2\/pages"}],"about":[{"href":"https:\/\/vammencamping.dk\/de\/wp-json\/wp\/v2\/types\/page"}],"author":[{"embeddable":true,"href":"https:\/\/vammencamping.dk\/de\/wp-json\/wp\/v2\/users\/1"}],"replies":[{"embeddable":true,"href":"https:\/\/vammencamping.dk\/de\/wp-json\/wp\/v2\/comments?post=3045"}],"version-history":[{"count":24,"href":"https:\/\/vammencamping.dk\/de\/wp-json\/wp\/v2\/pages\/3045\/revisions"}],"predecessor-version":[{"id":10792,"href":"https:\/\/vammencamping.dk\/de\/wp-json\/wp\/v2\/pages\/3045\/revisions\/10792"}],"wp:attachment":[{"href":"https:\/\/vammencamping.dk\/de\/wp-json\/wp\/v2\/media?parent=3045"}],"curies":[{"name":"wp","href":"https:\/\/api.w.org\/{rel}","templated":true}]}}