{"id":2993,"date":"2017-12-28T18:14:13","date_gmt":"2017-12-28T17:14:13","guid":{"rendered":"http:\/\/vammencamping.dk\/?page_id=2993"},"modified":"2025-04-04T22:25:59","modified_gmt":"2025-04-04T21:25:59","slug":"ausstattung","status":"publish","type":"page","link":"https:\/\/vammencamping.dk\/de\/ausstattung\/","title":{"rendered":"Ausstattung"},"content":{"rendered":"<div id=\"metaslider-id-55\" style=\"width: 100%;\" class=\"ml-slider-3-108-0 metaslider metaslider-flex metaslider-55 ml-slider has-dots-nav ms-theme-default\" role=\"region\" aria-label=\"Facilities\" data-height=\"500\" data-width=\"1040\">\n    <div id=\"metaslider_container_55\">\n        <div id=\"metaslider_55\">\n            <ul class='slides'>\n                <li style=\"display: block; width: 100%;\" class=\"slide-1004 ms-image \" aria-roledescription=\"slide\" data-date=\"2015-01-29 22:38:56\" data-filename=\"slider_fb_campingkoekken_Frauke_Kollatsch-904x434.jpg\" data-slide-type=\"image\"><img loading=\"lazy\" decoding=\"async\" src=\"https:\/\/vammencamping.dk\/wp-content\/uploads\/2015\/01\/slider_fb_campingkoekken_Frauke_Kollatsch-904x434.jpg\" height=\"500\" width=\"1040\" alt=\"[:da] Hele familien synger, spiller musik og hygger til opvasken i &quot;samtalek\u00f8kkenet&quot; p\u00e5 campingpladsen [:en] The whole family is singing, playing music and are having a good time in the camping ktichen [:de] Die ganze Familie singt, spielt Musik und machen es sich gem\u00fctlich beim Sp\u00fchlen in der Campingk\u00fcche [:nl] De hele familie zingt, speelt muziek en geniet in de campingkeuken[:]\" class=\"slider-55 slide-1004 msDefaultImage\" \/><\/li>\n                <li style=\"display: none; width: 100%;\" class=\"slide-1010 ms-image \" aria-roledescription=\"slide\" data-date=\"2015-01-29 22:40:01\" data-filename=\"slider_pejsestuen_fotogra_lars_horn-1040x500.jpg\" data-slide-type=\"image\"><img loading=\"lazy\" decoding=\"async\" src=\"https:\/\/vammencamping.dk\/wp-content\/uploads\/2015\/01\/slider_pejsestuen_fotogra_lars_horn-1040x500.jpg\" height=\"500\" width=\"1040\" alt=\"[:da] Hygge omkring det knitrende b\u00e5l med jodlen, sang og musik i pejsestuen der er opf\u00f8rt i bindingsv\u00e6rk. [:en] Campers having a good time around the open fireplace with yodel, campers singing and music in the room with the open fireplace [:de] Gem\u00fctlichkeit um die offene Feuerstelle mit knichterndem Feur mit Jodeln, Gesang und Musik im Aufenthaldsraum [:nl] Gezelligheid rondom de open haard in de gemeenschappelijke ruimte met jodelen, gezang en muziek[:]\" class=\"slider-55 slide-1010 msDefaultImage\" \/><\/li>\n                <li style=\"display: none; width: 100%;\" class=\"slide-1007 ms-image \" aria-roledescription=\"slide\" data-date=\"2015-01-29 22:39:30\" data-filename=\"slider_musik_pejsestue4-1040x500.jpg\" data-slide-type=\"image\"><img loading=\"lazy\" decoding=\"async\" src=\"https:\/\/vammencamping.dk\/wp-content\/uploads\/2015\/01\/slider_musik_pejsestue4-1040x500.jpg\" height=\"500\" width=\"1040\" alt=\"[:da] Live-musik i pejsestuen. Harmonika, bas, guitar og sang fremf\u00f8rt af campisterne selv [:en] Live musik in the room with the open fireplace. Accordion, Bass, guitar and song performed by the campers themselves [:de] Live-musik in der Feuerstube. Akkordium, Bas, Guitarre und Gesang vorgef\u00fchrt von den Campern [:nl] Live muziek bij de open haard. Accordeon, bas gitaar end gezang van kampeerders[:]\" class=\"slider-55 slide-1007 msDefaultImage\" \/><\/li>\n                <li style=\"display: none; width: 100%;\" class=\"slide-1009 ms-image \" aria-roledescription=\"slide\" data-date=\"2015-01-29 22:39:51\" data-filename=\"slider_boern_hopper_i_soeen_fotograf_lars_horn-1040x500.jpg\" data-slide-type=\"image\"><img loading=\"lazy\" decoding=\"async\" src=\"https:\/\/vammencamping.dk\/wp-content\/uploads\/2015\/01\/slider_boern_hopper_i_soeen_fotograf_lars_horn-1040x500.jpg\" height=\"500\" width=\"1040\" alt=\"[:da] Tag en dukkert i bades\u00f8en. Spring direkte i s\u00f8en fra badebroen (den store t\u00f8mmerfl\u00e5de) og sv\u00f8m en tur. [:en] Jump in to the lake from the wooden pier (the big raft) and swim out to the small raft [:de] Spring direkt in dem See und Swimme zum kleinen Badeflo\u00df hinaus [:nl] Spring in het meer en zwem naar het vlot[:]\" class=\"slider-55 slide-1009 msDefaultImage\" \/><\/li>\n                <li style=\"display: none; width: 100%;\" class=\"slide-1005 ms-image \" aria-roledescription=\"slide\" data-date=\"2015-01-29 22:39:10\" data-filename=\"slider_kano4-1040x500.jpg\" data-slide-type=\"image\"><img loading=\"lazy\" decoding=\"async\" src=\"https:\/\/vammencamping.dk\/wp-content\/uploads\/2015\/01\/slider_kano4-1040x500.jpg\" height=\"500\" width=\"1040\" alt=\"[:da] Oplev naturen: Kanotur p\u00e5 den store s\u00f8. Medbring selv b\u00e5d eller kano eller en af campingpladsens kanoer. [:en] Experience the nature: Canoe trip on the big lake. Bring your own boat or canor, og rent one of the canoes on the campsite [:de] Erlebe die Natur: Kanofahrt auf dem gro\u00dfen See. Bringt gerne eigenes Boot oder Kanu oder mietet ein von Campingplatz [:nl] Beleef de natuur; kanovaren op het grote meer. Breng uw eigen boot of kano mee, of huur \u00e9\u00e9n van de campingkano&#039;s[:]\" class=\"slider-55 slide-1005 msDefaultImage\" \/><\/li>\n                <li style=\"display: none; width: 100%;\" class=\"slide-1008 ms-image \" aria-roledescription=\"slide\" data-date=\"2015-01-29 22:39:43\" data-filename=\"slider_stranden-1040x500.jpg\" data-slide-type=\"image\"><img loading=\"lazy\" decoding=\"async\" src=\"https:\/\/vammencamping.dk\/wp-content\/uploads\/2015\/01\/slider_stranden-1040x500.jpg\" height=\"500\" width=\"1040\" alt=\"[:da] Badende campister der nyder solen ved stranden [:en] Swimming campers are enjoying the sun at the beach [:de] Badende Camper genie\u00dfen die Sonne am Strand [:nl] Badgasten genieten van de zon op het strand[:]\" class=\"slider-55 slide-1008 msDefaultImage\" \/><\/li>\n                <li style=\"display: none; width: 100%;\" class=\"slide-1003 ms-image \" aria-roledescription=\"slide\" data-date=\"2015-01-29 22:38:55\" data-filename=\"slider_fb_beachvolley2-960x461.jpg\" data-slide-type=\"image\"><img loading=\"lazy\" decoding=\"async\" src=\"https:\/\/vammencamping.dk\/wp-content\/uploads\/2015\/01\/slider_fb_beachvolley2-960x461.jpg\" height=\"500\" width=\"1040\" alt=\"[:da] B\u00f8rn og unge spille beach volley [:en] Children and youth are playing beach volley [:de] Kinder und Jugendliche spielen Beach Volley [:nl] Kinderen en jongeren spelen beachvolley[:]\" class=\"slider-55 slide-1003 msDefaultImage\" \/><\/li>\n            <\/ul>\n        <\/div>\n        \n    <\/div>\n<\/div>\n<h2>Stimmungvolle Feuerstube und Pavillon<\/h2>\n<p>Abends oder z.B. bei Regen, versammeln sich unsere G\u00e4ste in der Aufenthaltsstube, die Feuerstube, mit offenem Herdfeuer. Spielt uns gerne ein St\u00fcck vor oder geniesse die gem\u00fctliche Stimmung z.B. bei einem Kartenspiel.<\/p>\n<p>Die Jugendlichen k\u00f6nnen sich Abends in unserem Pavillon treffen, auch am offenen Herdfeuer. Die gleiche gem\u00fctliche Stimmung wie in der Feuerstube.<\/p>\n<h2>Freies drahtloses Internet<\/h2>\n<p>Urspr\u00fcnglich als erster Campingplatz in D\u00e4nemark: wir haben drahtloses Netzwerk f\u00fcr unsere G\u00e4ste und mit guter Deckung auf dem gr\u00f6ssten Teil des Platzes, sodass du deine Mails \u00fcberpr\u00fcfen kannst, w\u00e4hrend du die Natur geniesst. WiFi ist inkl. im <a title=\"Preise\" href=\"https:\/\/vammencamping.dk\/de\/preise\/\">\u00dcbernachtungspreis<\/a>.<\/p>\n<h2>Badestrand und Flossfahrt auf dem See<\/h2>\n<ul>\n<li>9 km langer Badesee: Tjele Langs\u00f8 &#8211; einer der l\u00e4ngsten Seen D\u00e4nemarks<\/li>\n<li>Floss am Strand. Dient als Badebr\u00fccke- manchmal machen wir eine Flossfahrt<\/li>\n<li>damit<\/li>\n<li>Kleines Floss mitten im See &#8211; zum Sonnen und Verpusten<\/li>\n<li>Kanus k\u00f6nnen gemietet werden<\/li>\n<li>Benutze gerne eigene Kajaks, Boote (ohne Motor) und Surfbretter. Am See ist<\/li>\n<li>Platz f\u00fcr die Boote<\/li>\n<li>Das alte Floss dient heute als Angelstelle<\/li>\n<li>Die Sauna ist mit eigener Badebr\u00fccke ungest\u00f6rt gelegen am Ufer<\/li>\n<\/ul>\n<h2>Bewegung und Spiele<\/h2>\n<ul>\n<li>Beach Volley<\/li>\n<li>Volley<\/li>\n<li>Tischtennis<\/li>\n<li>Fussballfeld, Schlagball mm.<\/li>\n<li>Petanquebahn<\/li>\n<li>In der Feuerstube k\u00f6nnen Spiele ausgeliehen werden. Bringt auch gerne eigene<\/li>\n<li>Spiele mit<\/li>\n<li>Mehrere Spielpl\u00e4tze und dazu vereinzelte Spielger\u00e4te an verschiedenen<\/li>\n<li>Stellen des Platzes<\/li>\n<\/ul>\n<p>B\u00e4lle, Petanque-Kugeln und Tischtennisschl\u00e4ger k\u00f6nnen in der Information ausgeliehen werden.<a class=\"fbx-link fbx-instance\" href=\"\/wp-content\/uploads\/2015\/02\/Klaverloefter_pandekage.jpg\"><img loading=\"lazy\" decoding=\"async\" class=\"alignright wp-image-1375 size-thumbnail\" src=\"https:\/\/vammencamping.dk\/wp-content\/uploads\/2015\/02\/Klaverloefter_pandekage-420x561.jpg\" alt=\"Pfannekuchen-backen in der Campingk\u00fcche\" width=\"420\" height=\"561\" srcset=\"https:\/\/vammencamping.dk\/wp-content\/uploads\/2015\/02\/Klaverloefter_pandekage-420x561.jpg 420w, https:\/\/vammencamping.dk\/wp-content\/uploads\/2015\/02\/Klaverloefter_pandekage-744x994.jpg 744w, https:\/\/vammencamping.dk\/wp-content\/uploads\/2015\/02\/Klaverloefter_pandekage-1200x1603.jpg 1200w, https:\/\/vammencamping.dk\/wp-content\/uploads\/2015\/02\/Klaverloefter_pandekage.jpg 1712w\" sizes=\"auto, (max-width: 420px) 100vw, 420px\" \/><\/a><\/p>\n<h2>Information und Kiosk<\/h2>\n<ul>\n<li>Viele verschiedene Prospekte und Karten von der Gegend<\/li>\n<li>Wander-und Fahrradtouren. Karten mit Beschreibungen<\/li>\n<li>Jeden Morgen selbstgebackene bio-Br\u00f6tchen<\/li>\n<li>Verkauf von Eis, S\u00fcssigkeiten, Aufschnitt und andere kleine Eink\u00e4ufe (dazu gibt es auch ein supermarkt 1,5 km vom Platz)<\/li>\n<\/ul>\n<h2>Sanit\u00e4rbereich<\/h2>\n<p>U.a.<\/p>\n<ul>\n<li>Gratis warme Dusche (mit im \u00dcbernachtungspreis)<\/li>\n<li>Wickeltisch und Babywanne sowohl in der Damen- wie auch in der<\/li>\n<li>Herrenabteilung<\/li>\n<li>Waschmaschinen mit neutraler Seife und automatischer Dozierung<\/li>\n<li>W\u00e4schetrockner<\/li>\n<li>Waschbecken mit Warmwasser f\u00fcr Handw\u00e4sche<\/li>\n<li>Schranktrockner<\/li>\n<li>Schuhtrockner<\/li>\n<li>Platz um Fische sauber zu machen<\/li>\n<li>Entsorgung f\u00fcr chemische Toiletten<\/li>\n<li>Trinkwasserentnahme und Ablass f\u00fcr Chemietoiletten und Schmutzwasser<\/li>\n<li>Trinkwasser-Zapfh\u00e4hne verteilt auf dem Gel\u00e4nde<\/li>\n<li>Campingk\u00fcche mit Gaskochern und Abwaschtischen<\/li>\n<\/ul>\n<h2>Weiteres<\/h2>\n<ul>\n<li>Grill zum Ausleihen<\/li>\n<li>Musikinstrumente f\u00fcr den Gebrauch in der Feuerstube vorhanden, z.B. Klavier,<\/li>\n<li>Kontrabass und Fl\u00f6ten. Bringt auch gerne eigene Instrumente mit.<\/li>\n<li>Vermietung einer kleinen H\u00fctte<\/li>\n<li>Stromanschluss auf allen Pl\u00e4tzen m\u00f6glich<\/li>\n<li>Ladestation f\u00fcr dein E-Auto. <a href=\"https:\/\/vammencamping.dk\/de\/aufladen-fuer-e-autos-auf-vammen-camping\/\">Weitere Informationen<\/a><\/li>\n<\/ul>\n<p>\u00a0<\/p>\n\n\n<figure class=\"wp-block-gallery has-nested-images columns-default is-cropped wp-block-gallery-1 is-layout-flex wp-block-gallery-is-layout-flex\">\n<figure class=\"wp-block-image size-large\"><img loading=\"lazy\" decoding=\"async\" width=\"1200\" height=\"800\" data-id=\"9118\" src=\"https:\/\/vammencamping.dk\/wp-content\/uploads\/2025\/04\/FR66115-1200x800.jpg\" alt=\"\" class=\"wp-image-9118\" srcset=\"https:\/\/vammencamping.dk\/wp-content\/uploads\/2025\/04\/FR66115-1200x800.jpg 1200w, https:\/\/vammencamping.dk\/wp-content\/uploads\/2025\/04\/FR66115-744x496.jpg 744w, https:\/\/vammencamping.dk\/wp-content\/uploads\/2025\/04\/FR66115-420x280.jpg 420w, https:\/\/vammencamping.dk\/wp-content\/uploads\/2025\/04\/FR66115-768x512.jpg 768w, https:\/\/vammencamping.dk\/wp-content\/uploads\/2025\/04\/FR66115.jpg 1024w\" sizes=\"auto, (max-width: 1200px) 100vw, 1200px\" \/><\/figure>\n\n\n\n<figure class=\"wp-block-image size-large\"><img loading=\"lazy\" decoding=\"async\" width=\"1200\" height=\"800\" data-id=\"9122\" src=\"https:\/\/vammencamping.dk\/wp-content\/uploads\/2025\/04\/FR66117-1200x800.jpg\" alt=\"\" class=\"wp-image-9122\" srcset=\"https:\/\/vammencamping.dk\/wp-content\/uploads\/2025\/04\/FR66117-1200x800.jpg 1200w, https:\/\/vammencamping.dk\/wp-content\/uploads\/2025\/04\/FR66117-744x496.jpg 744w, https:\/\/vammencamping.dk\/wp-content\/uploads\/2025\/04\/FR66117-420x280.jpg 420w, https:\/\/vammencamping.dk\/wp-content\/uploads\/2025\/04\/FR66117-768x512.jpg 768w, https:\/\/vammencamping.dk\/wp-content\/uploads\/2025\/04\/FR66117.jpg 1024w\" sizes=\"auto, (max-width: 1200px) 100vw, 1200px\" \/><\/figure>\n\n\n\n<figure class=\"wp-block-image size-large\"><img loading=\"lazy\" decoding=\"async\" width=\"1200\" height=\"800\" data-id=\"9126\" src=\"https:\/\/vammencamping.dk\/wp-content\/uploads\/2025\/04\/FR66201-Verbessert-1200x800.jpg\" alt=\"\" class=\"wp-image-9126\" srcset=\"https:\/\/vammencamping.dk\/wp-content\/uploads\/2025\/04\/FR66201-Verbessert-1200x800.jpg 1200w, https:\/\/vammencamping.dk\/wp-content\/uploads\/2025\/04\/FR66201-Verbessert-744x496.jpg 744w, https:\/\/vammencamping.dk\/wp-content\/uploads\/2025\/04\/FR66201-Verbessert-420x280.jpg 420w, https:\/\/vammencamping.dk\/wp-content\/uploads\/2025\/04\/FR66201-Verbessert-768x512.jpg 768w, https:\/\/vammencamping.dk\/wp-content\/uploads\/2025\/04\/FR66201-Verbessert.jpg 1024w\" sizes=\"auto, (max-width: 1200px) 100vw, 1200px\" \/><\/figure>\n\n\n\n<figure class=\"wp-block-image size-large\"><img loading=\"lazy\" decoding=\"async\" width=\"1200\" height=\"800\" data-id=\"9130\" src=\"https:\/\/vammencamping.dk\/wp-content\/uploads\/2025\/04\/FR66218-1200x800.jpg\" alt=\"\" class=\"wp-image-9130\" srcset=\"https:\/\/vammencamping.dk\/wp-content\/uploads\/2025\/04\/FR66218-1200x800.jpg 1200w, https:\/\/vammencamping.dk\/wp-content\/uploads\/2025\/04\/FR66218-744x496.jpg 744w, https:\/\/vammencamping.dk\/wp-content\/uploads\/2025\/04\/FR66218-420x280.jpg 420w, https:\/\/vammencamping.dk\/wp-content\/uploads\/2025\/04\/FR66218-768x512.jpg 768w, https:\/\/vammencamping.dk\/wp-content\/uploads\/2025\/04\/FR66218.jpg 1024w\" sizes=\"auto, (max-width: 1200px) 100vw, 1200px\" \/><\/figure>\n\n\n\n<figure class=\"wp-block-image size-large\"><img loading=\"lazy\" decoding=\"async\" width=\"1200\" height=\"1600\" data-id=\"9135\" src=\"https:\/\/vammencamping.dk\/wp-content\/uploads\/2025\/04\/IMG_1724-1200x1600.jpeg\" alt=\"\" class=\"wp-image-9135\" srcset=\"https:\/\/vammencamping.dk\/wp-content\/uploads\/2025\/04\/IMG_1724-1200x1600.jpeg 1200w, https:\/\/vammencamping.dk\/wp-content\/uploads\/2025\/04\/IMG_1724-744x992.jpeg 744w, https:\/\/vammencamping.dk\/wp-content\/uploads\/2025\/04\/IMG_1724-420x560.jpeg 420w, https:\/\/vammencamping.dk\/wp-content\/uploads\/2025\/04\/IMG_1724-768x1024.jpeg 768w\" sizes=\"auto, (max-width: 1200px) 100vw, 1200px\" \/><\/figure>\n\n\n\n<figure class=\"wp-block-image size-large\"><img loading=\"lazy\" decoding=\"async\" width=\"1200\" height=\"596\" data-id=\"2865\" src=\"https:\/\/vammencamping.dk\/wp-content\/uploads\/2015\/01\/campingkitchen_guitar_cropped1-1200x596.jpg\" alt=\"\" class=\"wp-image-2865\" srcset=\"https:\/\/vammencamping.dk\/wp-content\/uploads\/2015\/01\/campingkitchen_guitar_cropped1-1200x596.jpg 1200w, https:\/\/vammencamping.dk\/wp-content\/uploads\/2015\/01\/campingkitchen_guitar_cropped1-420x208.jpg 420w, https:\/\/vammencamping.dk\/wp-content\/uploads\/2015\/01\/campingkitchen_guitar_cropped1-744x369.jpg 744w\" sizes=\"auto, (max-width: 1200px) 100vw, 1200px\" \/><\/figure>\n\n\n\n<figure class=\"wp-block-image size-large\"><img loading=\"lazy\" decoding=\"async\" width=\"1200\" height=\"799\" data-id=\"8712\" src=\"https:\/\/vammencamping.dk\/wp-content\/uploads\/2025\/04\/campingkitchen_cropped-1-1200x799.jpg\" alt=\"\" class=\"wp-image-8712\" srcset=\"https:\/\/vammencamping.dk\/wp-content\/uploads\/2025\/04\/campingkitchen_cropped-1-1200x799.jpg 1200w, https:\/\/vammencamping.dk\/wp-content\/uploads\/2025\/04\/campingkitchen_cropped-1-744x495.jpg 744w, https:\/\/vammencamping.dk\/wp-content\/uploads\/2025\/04\/campingkitchen_cropped-1-420x279.jpg 420w, https:\/\/vammencamping.dk\/wp-content\/uploads\/2025\/04\/campingkitchen_cropped-1-768x511.jpg 768w, https:\/\/vammencamping.dk\/wp-content\/uploads\/2025\/04\/campingkitchen_cropped-1.jpg 2000w\" sizes=\"auto, (max-width: 1200px) 100vw, 1200px\" \/><\/figure>\n<\/figure>\n","protected":false},"excerpt":{"rendered":"<p>Stimmungvolle Feuerstube und Pavillon Abends oder z.B. bei Regen, versammeln sich unsere G\u00e4ste in der Aufenthaltsstube, die Feuerstube, mit offenem Herdfeuer. Spielt uns gerne ein St\u00fcck vor oder geniesse die gem\u00fctliche Stimmung z.B. bei einem Kartenspiel. Die Jugendlichen k\u00f6nnen sich Abends in unserem Pavillon treffen, auch am offenen Herdfeuer. Die gleiche gem\u00fctliche Stimmung wie in &#8230; <a class=\"read-more\" href=\"https:\/\/vammencamping.dk\/de\/ausstattung\/\">Read more&#8230;<\/a><\/p>\n","protected":false},"author":1,"featured_media":0,"parent":0,"menu_order":0,"comment_status":"closed","ping_status":"closed","template":"","meta":{"footnotes":""},"class_list":["post-2993","page","type-page","status-publish"],"featured_image_src":null,"_links":{"self":[{"href":"https:\/\/vammencamping.dk\/de\/wp-json\/wp\/v2\/pages\/2993","targetHints":{"allow":["GET"]}}],"collection":[{"href":"https:\/\/vammencamping.dk\/de\/wp-json\/wp\/v2\/pages"}],"about":[{"href":"https:\/\/vammencamping.dk\/de\/wp-json\/wp\/v2\/types\/page"}],"author":[{"embeddable":true,"href":"https:\/\/vammencamping.dk\/de\/wp-json\/wp\/v2\/users\/1"}],"replies":[{"embeddable":true,"href":"https:\/\/vammencamping.dk\/de\/wp-json\/wp\/v2\/comments?post=2993"}],"version-history":[{"count":9,"href":"https:\/\/vammencamping.dk\/de\/wp-json\/wp\/v2\/pages\/2993\/revisions"}],"predecessor-version":[{"id":9144,"href":"https:\/\/vammencamping.dk\/de\/wp-json\/wp\/v2\/pages\/2993\/revisions\/9144"}],"wp:attachment":[{"href":"https:\/\/vammencamping.dk\/de\/wp-json\/wp\/v2\/media?parent=2993"}],"curies":[{"name":"wp","href":"https:\/\/api.w.org\/{rel}","templated":true}]}}