{"id":2987,"date":"2017-12-28T18:10:49","date_gmt":"2017-12-28T17:10:49","guid":{"rendered":"http:\/\/vammencamping.dk\/?page_id=2987"},"modified":"2018-10-16T21:53:36","modified_gmt":"2018-10-16T20:53:36","slug":"aktivitaeten","status":"publish","type":"page","link":"https:\/\/vammencamping.dk\/de\/aktivitaeten\/","title":{"rendered":"Aktivit\u00e4ten"},"content":{"rendered":"<div id=\"metaslider-id-975\" style=\"width: 100%;\" class=\"ml-slider-3-108-0 metaslider metaslider-flex metaslider-975 ml-slider has-dots-nav ms-theme-default\" role=\"region\" aria-label=\"Activities\" data-height=\"500\" data-width=\"1040\">\n    <div id=\"metaslider_container_975\">\n        <div id=\"metaslider_975\">\n            <ul class='slides'>\n                <li style=\"display: block; width: 100%;\" class=\"slide-965 ms-image \" aria-roledescription=\"slide\" data-date=\"2015-01-27 23:28:10\" data-filename=\"kapow2-1040x500.jpg\" data-slide-type=\"image\"><img loading=\"lazy\" decoding=\"async\" src=\"https:\/\/vammencamping.dk\/wp-content\/uploads\/2015\/01\/kapow2-1040x500.jpg\" height=\"500\" width=\"1040\" alt=\"[:da] Hele familien spiller Kapow - et sjovt familiespil med stor underholdningsv\u00e6rdi [:en] The whole family is playing Kapow - a fun family game wich is very entertaining [:de] Die ganze Familie spielt Kapow - ein lustiges Familienspiel [:nl] De hele familie speelt Kapow - een leuk familiespel[:]\" class=\"slider-975 slide-965 msDefaultImage\" \/><\/li>\n                <li style=\"display: none; width: 100%;\" class=\"slide-979 ms-image \" aria-roledescription=\"slide\" data-date=\"2015-01-27 23:58:54\" data-filename=\"kindermusikabend4_cropped-1040x500.jpg\" data-slide-type=\"image\"><img loading=\"lazy\" decoding=\"async\" src=\"https:\/\/vammencamping.dk\/wp-content\/uploads\/2015\/01\/kindermusikabend4_cropped-1040x500.jpg\" height=\"500\" width=\"1040\" alt=\"[:da] B\u00f8rnemusikaften. B\u00f8rn spiller for de voksne. F\u00e6llessang og sanglege. [:en] Childrens music night. The children are playing for the adults. Common singing and song games [:de] Kindermusikabend. Die Kinder spielen f\u00fcr die Erwachsene. Gemeinsammes singen und Gesangspiele. [:nl] Muziekavond voor de kinderen. Kinderen spelen voor de volwassenen.[:]\" class=\"slider-975 slide-979 msDefaultImage\" \/><\/li>\n                <li style=\"display: none; width: 100%;\" class=\"slide-969 ms-image \" aria-roledescription=\"slide\" data-date=\"2015-01-27 23:29:08\" data-filename=\"vammenkor-1040x500.jpg\" data-slide-type=\"image\"><img loading=\"lazy\" decoding=\"async\" src=\"https:\/\/vammencamping.dk\/wp-content\/uploads\/2015\/01\/vammenkor-1040x500.jpg\" height=\"500\" width=\"1040\" alt=\"[:da] Spontant kor hvor campisterne synger [:en] Sponteneously choir where campers are singing [:de] Spontanes Chor wor die camper singen [:nl] Een spontaan ontstaan koor, waarin campinggasten samen zingen[:]\" class=\"slider-975 slide-969 msDefaultImage\" \/><\/li>\n                <li style=\"display: none; width: 100%;\" class=\"slide-967 ms-image \" aria-roledescription=\"slide\" data-date=\"2015-01-27 23:28:35\" data-filename=\"pizza3-1040x500.jpg\" data-slide-type=\"image\"><img loading=\"lazy\" decoding=\"async\" src=\"https:\/\/vammencamping.dk\/wp-content\/uploads\/2015\/01\/pizza3-1040x500.jpg\" height=\"500\" width=\"1040\" alt=\"[:da] Madlavning: Lav din egen pizza. En aktivitet for hele familien. [:en] Cooking and baking: Do-it-yourself pizza. An activity for the whole family [:de] Essen: Mache deine eigene Pizza. Eine Aktivit\u00e4t f\u00fcr die ganze Familie [:nl] Koken: maak je eigen pizza. Een activiteit voor het hele gezin.[:]\" class=\"slider-975 slide-967 msDefaultImage\" \/><\/li>\n                <li style=\"display: none; width: 100%;\" class=\"slide-982 ms-image \" aria-roledescription=\"slide\" data-date=\"2015-01-28 00:08:17\" data-filename=\"pizza4_cropped-1040x500.jpg\" data-slide-type=\"image\"><img loading=\"lazy\" decoding=\"async\" src=\"https:\/\/vammencamping.dk\/wp-content\/uploads\/2015\/01\/pizza4_cropped-1040x500.jpg\" height=\"500\" width=\"1040\" alt=\"[:da] Hvert familiemedlem laver sin egen unikke pizza [:en] Each member of the family is making her own unique pizza [:de] Jedes Familienmitglied mach seine eigene einzigartige Pizza [:nl] Elk gezinslid mag zelf zijn eigen unieke pizza maken[:]\" class=\"slider-975 slide-982 msDefaultImage\" \/><\/li>\n                <li style=\"display: none; width: 100%;\" class=\"slide-978 ms-image \" aria-roledescription=\"slide\" data-date=\"2015-01-27 23:58:47\" data-filename=\"vammen_sports_challenge_cropped-1040x500.jpg\" data-slide-type=\"image\"><img loading=\"lazy\" decoding=\"async\" src=\"https:\/\/vammencamping.dk\/wp-content\/uploads\/2015\/01\/vammen_sports_challenge_cropped-1040x500.jpg\" height=\"500\" width=\"1040\" alt=\"[:da] Vammen Sports Challenge - en micro-duatlon, hvor vi konkurrerer p\u00e5 en kort l\u00f8bedistance og en sv\u00f8mmetur i s\u00f8en. [:en] Vammen Sports Challenge - a micro duathlon where we are competing on a short running distance and swimming in the lake [:de] Vammen Sport Challenge - ein Micro-duatlon wo wir eine kleine laufedistance haben und eine kurze strecke im See schwimmen [:nl] Vammen Sports Challenge - een micro-duatlon met een kort stukje hardlopen en zwemmen in het meer[:]\" class=\"slider-975 slide-978 msDefaultImage\" \/><\/li>\n                <li style=\"display: none; width: 100%;\" class=\"slide-980 ms-image \" aria-roledescription=\"slide\" data-date=\"2015-01-27 23:58:57\" data-filename=\"cirkus_flamme_cropped-1040x500.jpg\" data-slide-type=\"image\"><img loading=\"lazy\" decoding=\"async\" src=\"https:\/\/vammencamping.dk\/wp-content\/uploads\/2015\/01\/cirkus_flamme_cropped-1040x500.jpg\" height=\"500\" width=\"1040\" alt=\"[:da] Cirkus Flamme. Tryllekunsteren Jens (Troldmanden fra Sams\u00f8) underholder b\u00f8rnene p\u00e5 stranden. Underholdning med sang og musik. [:en] Circus Flame. The maigician Jens (Wizard of Sams\u00f8) entertains children on the beach. Entertainment with music and singing. [:de] Zrikus Flamme. Der zauberer Jens (Der Hexenmeister von Sams\u00f8) unterh\u00e4lt die Kinder am Strand. Unterhaltung mit Gesang und Musik. [:nl] Circus Flame. Goochelaar Jens (De tovenaar van Sams\u00f8) vermaakt de kinderen op het strand. Vermaak met liederen en muziek.[:]\" class=\"slider-975 slide-980 msDefaultImage\" \/><\/li>\n            <\/ul>\n        <\/div>\n        \n    <\/div>\n<\/div>\n<p>Auf Vammen Camping besteht reichhaltige Gelegenheit um sich zu entfalten, falls du mehr als herrliche Natur und Vogelgezwitscher erleben m\u00f6chtest.<\/p>\n<p>Ausser einer Reihe <a title=\"Sehensw\u00fcrdigkeiten\" href=\"\/de\/sehenswuerdigkeiten\/\">Sehensw\u00fcrdigkeiten<\/a> in der Umgebung und auch <a title=\"Fazilit\u00e4ten\" href=\"\/de\/fazilitaten\/\">Einrichtungen<\/a> auf dem Platz, wie Beach Volley, Tischtennis, Badesee und Spielpl\u00e4tzen, ist es uns wichtig eine Reihe unterschiedlicher Aktivit\u00e4ten f\u00fcr jedes Alter anzubieten.<\/p>\n<p>Neben der Information kannst du t\u00e4glich auf der Anschlagtafel eine \u00dcbersicht der Aktivit\u00e4ten f\u00fcr die kommenden Tage sehen. Die Mehrzahl der Aktivit\u00e4ten sind im <a title=\"Presie\" href=\"\/de\/preise\/\">\u00dcbernachtungspreis<\/a> inbegiffen und kosten dar\u00fcber hinaus nichts.<\/p>\n<p>Wir haben eine Vielfalt an Aktivit\u00e4ten. Beispiele sind:<\/p>\n<h2>F\u00fcr Kinder<\/h2>\n<ul>\n<li>Schatzsuche<\/li>\n<li>Singspiele<\/li>\n<li>Kindermusikabend: Kinder spielen f\u00fcr und miteinander<\/li>\n<li>Stockbrot<\/li>\n<li>Wir finden in der Natur Dinge, spielen damit und machen etwas daraus<\/li>\n<li>Wir gucken nach Strukturen in der Natur und machen Bilder daraus<\/li>\n<li>Kreatives SpieIen mit Papier<\/li>\n<li>Vorlesen am Feuer<\/li>\n<li>Komm und baue dein eigenes Rhythmusinstrument<\/li>\n<\/ul>\n<h2>F\u00fcr jedes Alter<\/h2>\n<ul>\n<li>Olympiade<\/li>\n<li>Beach Volley- und Fu\u00dfballturnier<\/li>\n<li>Vammen Sport Challenge (&#8222;Micro Duatlon&#8220;)<\/li>\n<li>Tour de Terrassen<\/li>\n<li>Flo\u00dffahrt<\/li>\n<li>Gef\u00fchrte Wanderungen<\/li>\n<li>Chor (auch f\u00fcr Anf\u00e4nger)<\/li>\n<li>Verschiedene Hobbyaktivit\u00e4ten<\/li>\n<li>Kapaw auf dem Sportplatz<\/li>\n<li>Kerzengie\u00dfen &#8211; gie\u00dfe deine eigene Kerze<\/li>\n<li>Mache deine eigene Seife<\/li>\n<li>Lerne d\u00e4nischen Weihnachtsschmuck zu bassteln<\/li>\n<li>Handarbeitsstunde am Feuer<\/li>\n<li>Lerne eine Schl\u00fcsselringfigur zu h\u00e4keln<\/li>\n<li>Tai Chi am Strand<\/li>\n<li>Anleitung f\u00fcr das Trommeln auf der Djembe<\/li>\n<\/ul>\n<h2>Essen<\/h2>\n<p>Einige Gerichte bereiten wir vor als Restauration zu, w\u00e4hrend andere Mitmachangebote sind.<\/p>\n<ul>\n<li>Pizzabacken: Bring deine eigenen Zutaten mit. Wir machen den Teig und backen im gro\u00dfen Ofen<\/li>\n<li>Wir r\u00e4uchern Goldforellen in unserem R\u00e4ucherofen in der Feuerstube<\/li>\n<li>D\u00e4nische Suppe im schwarzen Topf \u00fcber dem Feuer<\/li>\n<li>Grillw\u00fcrstchen nach eigenem Rezept grillen wir in der Feuerstube<\/li>\n<li>Hausgebackene Waffeln mit Eis und selbstgekochter Fruchtsauce<\/li>\n<li>Hausgemachter d\u00e4nischer Apfelkuchen<\/li>\n<li>Stelle dein eigenes Wikingerm\u00fcsli zusammen (Fr\u00fchst\u00fcck)<\/li>\n<li>Pfannkuchen ( wir spendieren den Teig und Camper backen f\u00fcr alle Kinder)<\/li>\n<li>Lerne d\u00e4nisches Weihnachtsessen zuzubereiten<\/li>\n<li>Lerne wie d\u00e4nisches Sm\u00f8rrebr\u00f8d gemacht wird &#8211; und danach kann die Familie mitessen<\/li>\n<li>Jeden Morgen ab 8.30 gibt es frische, hausgemachte Bio-Br\u00f6tchen<\/li>\n<\/ul>\n<p>F\u00fcr neue Ideen haben wir immer ein offenes Ohr.<\/p>\n","protected":false},"excerpt":{"rendered":"<p>Auf Vammen Camping besteht reichhaltige Gelegenheit um sich zu entfalten, falls du mehr als herrliche Natur und Vogelgezwitscher erleben m\u00f6chtest. Ausser einer Reihe Sehensw\u00fcrdigkeiten in der Umgebung und auch Einrichtungen auf dem Platz, wie Beach Volley, Tischtennis, Badesee und Spielpl\u00e4tzen, ist es uns wichtig eine Reihe unterschiedlicher Aktivit\u00e4ten f\u00fcr jedes Alter anzubieten. Neben der Information &#8230; <a class=\"read-more\" href=\"https:\/\/vammencamping.dk\/de\/aktivitaeten\/\">Read more&#8230;<\/a><\/p>\n","protected":false},"author":1,"featured_media":0,"parent":0,"menu_order":0,"comment_status":"closed","ping_status":"closed","template":"","meta":{"footnotes":""},"class_list":["post-2987","page","type-page","status-publish"],"featured_image_src":null,"_links":{"self":[{"href":"https:\/\/vammencamping.dk\/de\/wp-json\/wp\/v2\/pages\/2987","targetHints":{"allow":["GET"]}}],"collection":[{"href":"https:\/\/vammencamping.dk\/de\/wp-json\/wp\/v2\/pages"}],"about":[{"href":"https:\/\/vammencamping.dk\/de\/wp-json\/wp\/v2\/types\/page"}],"author":[{"embeddable":true,"href":"https:\/\/vammencamping.dk\/de\/wp-json\/wp\/v2\/users\/1"}],"replies":[{"embeddable":true,"href":"https:\/\/vammencamping.dk\/de\/wp-json\/wp\/v2\/comments?post=2987"}],"version-history":[{"count":3,"href":"https:\/\/vammencamping.dk\/de\/wp-json\/wp\/v2\/pages\/2987\/revisions"}],"predecessor-version":[{"id":3749,"href":"https:\/\/vammencamping.dk\/de\/wp-json\/wp\/v2\/pages\/2987\/revisions\/3749"}],"wp:attachment":[{"href":"https:\/\/vammencamping.dk\/de\/wp-json\/wp\/v2\/media?parent=2987"}],"curies":[{"name":"wp","href":"https:\/\/api.w.org\/{rel}","templated":true}]}}