{"id":10563,"date":"2025-07-10T10:29:56","date_gmt":"2025-07-10T09:29:56","guid":{"rendered":"https:\/\/vammencamping.dk\/tour-auf-tjele-langsoe-2-fastrup\/"},"modified":"2025-07-10T11:52:13","modified_gmt":"2025-07-10T10:52:13","slug":"tour-auf-tjele-langsoe-2-fastrup","status":"publish","type":"page","link":"https:\/\/vammencamping.dk\/de\/tour-auf-tjele-langsoe-2-fastrup\/","title":{"rendered":"Tour auf Tjele Langs\u00f8 2 &#8211; Fastrup"},"content":{"rendered":"\n<p><\/p>\n\n<p>L\u00e4nge: <strong><strong>2,8 Kilometer<\/strong><\/strong><\/p>\n\n<p>Eine Fahrt vom Vammen Camping hinaus zur Anlegestelle in Fastrup. Der westliche Teil des Tjele Langs\u00f8 ist in der Regel der tiefste Teil des Sees, mit Fastrup Dyb bei 16,9 Metern, einem Punkt \u00f6stlich der geplanten Route.   <\/p>\n\n<p>Wenn du hinausf\u00e4hrst, musst du einen Punkt am Nordufer umrunden, bevor der Steg sichtbar wird. Beachte, dass das Gebiet etwas zugewachsen ist und es schwierig sein kann, den Steg aus der Ferne zu erkennen. Es gibt keinen richtigen Strand, aber auf der Br\u00fccke stehen Tische und B\u00e4nke, auf denen du dein mitgebrachtes Essen genie\u00dfen kannst.  <\/p>\n\n<p>\u00d6stlich von Fastrup befindet sich auch die breiteste Stelle des Sees mit etwa 750 Metern. Schau dir die historische Tiefenkarte unten auf der Seite an. <\/p>\n\n<p>Sei dir dar\u00fcber im Klaren, dass die Heimreise aufgrund des Windes und der k\u00f6rperlichen Erm\u00fcdung anstrengender sein kann.<\/p>\n\n<iframe loading=\"lazy\" width=\"100%\" height=\"300px\" frameborder=\"0\" allowfullscreen=\"\" allow=\"geolocation\" src=\"\/\/umap.openstreetmap.fr\/da\/map\/vammen-camping-routes-on-the-lake-2-fastrup_1252675?scaleControl=false&#038;miniMap=false&#038;scrollWheelZoom=false&#038;zoomControl=true&#038;editMode=disabled&#038;moreControl=true&#038;searchControl=null&#038;tilelayersControl=null&#038;embedControl=null&#038;datalayersControl=true&#038;onLoadPanel=none&#038;captionBar=false&#038;captionMenus=true\"><\/iframe><p><a href=\"\/\/umap.openstreetmap.fr\/da\/map\/vammen-camping-routes-on-the-lake-2-fastrup_1252675?scaleControl=false&#038;miniMap=false&#038;scrollWheelZoom=true&#038;zoomControl=true&#038;editMode=disabled&#038;moreControl=true&#038;searchControl=null&#038;tilelayersControl=null&#038;embedControl=null&#038;datalayersControl=true&#038;onLoadPanel=none&#038;captionBar=false&#038;captionMenus=true\">Im Vollbild anzeigen<\/a><\/p>\n\n<p>Weitere Informationen \u00fcber Fastrup findest du unter Wanderrouten <strong><a href=\"https:\/\/vammencamping.dk\/de\/wanderung-9-fastrup-karte\/\" data-type=\"page\" data-id=\"9426\">9<\/a><\/strong> und <strong><a href=\"https:\/\/vammencamping.dk\/de\/wanderung-10-fastrup-lang\/\" data-type=\"link\" data-id=\"https:\/\/vammencamping.dk\/vandrerute-10-fastrup-lang\/\">10<\/a><\/strong>wenn du Fastrup auf dem Landweg besuchen m\u00f6chtest.<\/p>\n\n<figure class=\"wp-block-gallery has-nested-images columns-default is-cropped wp-block-gallery-1 is-layout-flex wp-block-gallery-is-layout-flex\">\n<figure class=\"wp-block-image size-large\"><img loading=\"lazy\" decoding=\"async\" width=\"1200\" height=\"900\" data-id=\"10547\" src=\"https:\/\/vammencamping.dk\/wp-content\/uploads\/2025\/07\/IMG_2919.jpeg.resized-1200x900.jpeg\" alt=\"\" class=\"wp-image-10547\" srcset=\"https:\/\/vammencamping.dk\/wp-content\/uploads\/2025\/07\/IMG_2919.jpeg.resized-1200x900.jpeg 1200w, https:\/\/vammencamping.dk\/wp-content\/uploads\/2025\/07\/IMG_2919.jpeg.resized-744x558.jpeg 744w, https:\/\/vammencamping.dk\/wp-content\/uploads\/2025\/07\/IMG_2919.jpeg.resized-420x315.jpeg 420w, https:\/\/vammencamping.dk\/wp-content\/uploads\/2025\/07\/IMG_2919.jpeg.resized-768x576.jpeg 768w, https:\/\/vammencamping.dk\/wp-content\/uploads\/2025\/07\/IMG_2919.jpeg.resized.jpeg 2016w\" sizes=\"auto, (max-width: 1200px) 100vw, 1200px\" \/><\/figure>\n\n\n\n<figure class=\"wp-block-image size-large\"><img loading=\"lazy\" decoding=\"async\" width=\"1200\" height=\"900\" data-id=\"10543\" src=\"https:\/\/vammencamping.dk\/wp-content\/uploads\/2025\/07\/IMG_2922.jpeg.resized-1200x900.jpeg\" alt=\"\" class=\"wp-image-10543\" srcset=\"https:\/\/vammencamping.dk\/wp-content\/uploads\/2025\/07\/IMG_2922.jpeg.resized-1200x900.jpeg 1200w, https:\/\/vammencamping.dk\/wp-content\/uploads\/2025\/07\/IMG_2922.jpeg.resized-744x558.jpeg 744w, https:\/\/vammencamping.dk\/wp-content\/uploads\/2025\/07\/IMG_2922.jpeg.resized-420x315.jpeg 420w, https:\/\/vammencamping.dk\/wp-content\/uploads\/2025\/07\/IMG_2922.jpeg.resized-768x576.jpeg 768w, https:\/\/vammencamping.dk\/wp-content\/uploads\/2025\/07\/IMG_2922.jpeg.resized.jpeg 2016w\" sizes=\"auto, (max-width: 1200px) 100vw, 1200px\" \/><\/figure>\n<\/figure>\n\n<figure class=\"wp-block-image size-large\"><img loading=\"lazy\" decoding=\"async\" width=\"1200\" height=\"1325\" src=\"https:\/\/vammencamping.dk\/wp-content\/uploads\/2025\/07\/Tjele_Langso_dybdekort_fra_historiske_kort_dk_cropped-1200x1325.jpg\" alt=\"\" class=\"wp-image-10308\" srcset=\"https:\/\/vammencamping.dk\/wp-content\/uploads\/2025\/07\/Tjele_Langso_dybdekort_fra_historiske_kort_dk_cropped-1200x1325.jpg 1200w, https:\/\/vammencamping.dk\/wp-content\/uploads\/2025\/07\/Tjele_Langso_dybdekort_fra_historiske_kort_dk_cropped-744x821.jpg 744w, https:\/\/vammencamping.dk\/wp-content\/uploads\/2025\/07\/Tjele_Langso_dybdekort_fra_historiske_kort_dk_cropped-420x463.jpg 420w, https:\/\/vammencamping.dk\/wp-content\/uploads\/2025\/07\/Tjele_Langso_dybdekort_fra_historiske_kort_dk_cropped-768x848.jpg 768w\" sizes=\"auto, (max-width: 1200px) 100vw, 1200px\" \/><figcaption class=\"wp-element-caption\">Handmade Software, Inc. Image Alchemy v1.14 <\/figcaption><\/figure>\n\n<p><\/p>\n","protected":false},"excerpt":{"rendered":"<p>L\u00e4nge: 2,8 Kilometer Eine Fahrt vom Vammen Camping hinaus zur Anlegestelle in Fastrup. Der westliche Teil des Tjele Langs\u00f8 ist in der Regel der tiefste Teil des Sees, mit Fastrup Dyb bei 16,9 Metern, einem Punkt \u00f6stlich der geplanten Route. Wenn du hinausf\u00e4hrst, musst du einen Punkt am Nordufer umrunden, bevor der Steg sichtbar wird. &#8230; <a class=\"read-more\" href=\"https:\/\/vammencamping.dk\/de\/tour-auf-tjele-langsoe-2-fastrup\/\">Read more&#8230;<\/a><\/p>\n","protected":false},"author":7,"featured_media":0,"parent":0,"menu_order":0,"comment_status":"closed","ping_status":"closed","template":"","meta":{"footnotes":""},"class_list":["post-10563","page","type-page","status-publish"],"featured_image_src":null,"_links":{"self":[{"href":"https:\/\/vammencamping.dk\/de\/wp-json\/wp\/v2\/pages\/10563","targetHints":{"allow":["GET"]}}],"collection":[{"href":"https:\/\/vammencamping.dk\/de\/wp-json\/wp\/v2\/pages"}],"about":[{"href":"https:\/\/vammencamping.dk\/de\/wp-json\/wp\/v2\/types\/page"}],"author":[{"embeddable":true,"href":"https:\/\/vammencamping.dk\/de\/wp-json\/wp\/v2\/users\/7"}],"replies":[{"embeddable":true,"href":"https:\/\/vammencamping.dk\/de\/wp-json\/wp\/v2\/comments?post=10563"}],"version-history":[{"count":5,"href":"https:\/\/vammencamping.dk\/de\/wp-json\/wp\/v2\/pages\/10563\/revisions"}],"predecessor-version":[{"id":10653,"href":"https:\/\/vammencamping.dk\/de\/wp-json\/wp\/v2\/pages\/10563\/revisions\/10653"}],"wp:attachment":[{"href":"https:\/\/vammencamping.dk\/de\/wp-json\/wp\/v2\/media?parent=10563"}],"curies":[{"name":"wp","href":"https:\/\/api.w.org\/{rel}","templated":true}]}}