{"id":10530,"date":"2025-07-10T09:55:07","date_gmt":"2025-07-10T08:55:07","guid":{"rendered":"https:\/\/vammencamping.dk\/tour-auf-tjele-langsoe-4-soelandingen\/"},"modified":"2025-07-10T09:55:11","modified_gmt":"2025-07-10T08:55:11","slug":"tour-auf-tjele-langsoe-4-soelandingen","status":"publish","type":"page","link":"https:\/\/vammencamping.dk\/de\/tour-auf-tjele-langsoe-4-soelandingen\/","title":{"rendered":"Tour auf Tjele Langs\u00f8 4 &#8211; S\u00f8landingen"},"content":{"rendered":"\n<p><\/p>\n\n<p>L\u00e4nge: <strong><strong>16,8 Kilometer<\/strong><\/strong><\/p>\n\n<p>Eine lange Fahrt vom Vammen Camping bis zum \u00f6stlichsten Ende der Tjele Langs\u00f8, S\u00f8landingen. Das ist eine lange Reise, also plane viel Zeit f\u00fcr die Fahrt ein und achte auf die Windverh\u00e4ltnisse und Wettervorhersagen. Die R\u00fcckfahrt bei Gegenwind kann deutlich schwieriger sein als die Hinfahrt.  <\/p>\n\n<p>Kurz vor Bigum solltest du eine n\u00f6rdlichere Route als \u00fcblich w\u00e4hlen. Das liegt daran, dass das Wasser an beiden Ufern des Sees sehr flach ist und die Tiefe nur 0,4 Meter betr\u00e4gt. Das gilt auch f\u00fcr den R\u00fcckweg. Siehe die historische Tiefenkarte unten auf der Seite.   <\/p>\n\n<p>In Bigum (siehe auch die Routenbeschreibung zu <a href=\"https:\/\/vammencamping.dk\/de\/tour-auf-tjele-langsoe-3-bigum-soebad\/\" data-type=\"page\" data-id=\"10392\">Bigum S\u00f8bad<\/a>) kannst du eine kurze Rast einlegen. Dort gibt es Toiletten und \u00fcberdachte Tische und B\u00e4nke.<\/p>\n\n<p>Nach Bigum gibt es weniger flaches Wasser an den Seiten, sodass es einfacher ist, nahe am Ufer zu segeln, wenn du Lust hast.<\/p>\n\n<p><a href=\"\/\/umap.openstreetmap.fr\/da\/map\/vammen-camping-routes-on-the-lake-4-slandingen_1252681?scaleControl=false&amp;miniMap=false&amp;scrollWheelZoom=true&amp;zoomControl=true&amp;editMode=disabled&amp;moreControl=true&amp;searchControl=null&amp;tilelayersControl=null&amp;embedControl=null&amp;datalayersControl=true&amp;onLoadPanel=none&amp;captionBar=false&amp;captionMenus=true\">Im Vollbild anzeigen<\/a><\/p>\n\n<p>An der Anlegestelle am See gibt es Tische und B\u00e4nke, damit du dein mitgebrachtes Essen genie\u00dfen kannst.<\/p>\n\n<figure class=\"wp-block-gallery has-nested-images columns-default is-cropped wp-block-gallery-1 is-layout-flex wp-block-gallery-is-layout-flex\">\n<figure class=\"wp-block-image size-large\"><img loading=\"lazy\" decoding=\"async\" width=\"1200\" height=\"900\" data-id=\"10469\" src=\"https:\/\/vammencamping.dk\/wp-content\/uploads\/2025\/07\/IMG_2957_resized-1200x900.jpeg\" alt=\"\" class=\"wp-image-10469\" srcset=\"https:\/\/vammencamping.dk\/wp-content\/uploads\/2025\/07\/IMG_2957_resized-1200x900.jpeg 1200w, https:\/\/vammencamping.dk\/wp-content\/uploads\/2025\/07\/IMG_2957_resized-744x558.jpeg 744w, https:\/\/vammencamping.dk\/wp-content\/uploads\/2025\/07\/IMG_2957_resized-420x315.jpeg 420w, https:\/\/vammencamping.dk\/wp-content\/uploads\/2025\/07\/IMG_2957_resized-768x576.jpeg 768w, https:\/\/vammencamping.dk\/wp-content\/uploads\/2025\/07\/IMG_2957_resized.jpeg 2016w\" sizes=\"auto, (max-width: 1200px) 100vw, 1200px\" \/><\/figure>\n\n\n\n<figure class=\"wp-block-image size-large\"><img loading=\"lazy\" decoding=\"async\" width=\"1200\" height=\"900\" data-id=\"10454\" src=\"https:\/\/vammencamping.dk\/wp-content\/uploads\/2025\/07\/IMG_2973.jpeg.resized-1200x900.jpg\" alt=\"\" class=\"wp-image-10454\" srcset=\"https:\/\/vammencamping.dk\/wp-content\/uploads\/2025\/07\/IMG_2973.jpeg.resized-1200x900.jpg 1200w, https:\/\/vammencamping.dk\/wp-content\/uploads\/2025\/07\/IMG_2973.jpeg.resized-744x558.jpg 744w, https:\/\/vammencamping.dk\/wp-content\/uploads\/2025\/07\/IMG_2973.jpeg.resized-420x315.jpg 420w, https:\/\/vammencamping.dk\/wp-content\/uploads\/2025\/07\/IMG_2973.jpeg.resized-768x576.jpg 768w, https:\/\/vammencamping.dk\/wp-content\/uploads\/2025\/07\/IMG_2973.jpeg.resized.jpg 2016w\" sizes=\"auto, (max-width: 1200px) 100vw, 1200px\" \/><\/figure>\n\n\n\n<figure class=\"wp-block-image size-large\"><img loading=\"lazy\" decoding=\"async\" width=\"1200\" height=\"900\" data-id=\"10460\" src=\"https:\/\/vammencamping.dk\/wp-content\/uploads\/2025\/07\/IMG_2966.jpeg.resized-1200x900.jpg\" alt=\"\" class=\"wp-image-10460\" srcset=\"https:\/\/vammencamping.dk\/wp-content\/uploads\/2025\/07\/IMG_2966.jpeg.resized-1200x900.jpg 1200w, https:\/\/vammencamping.dk\/wp-content\/uploads\/2025\/07\/IMG_2966.jpeg.resized-744x558.jpg 744w, https:\/\/vammencamping.dk\/wp-content\/uploads\/2025\/07\/IMG_2966.jpeg.resized-420x315.jpg 420w, https:\/\/vammencamping.dk\/wp-content\/uploads\/2025\/07\/IMG_2966.jpeg.resized-768x576.jpg 768w, https:\/\/vammencamping.dk\/wp-content\/uploads\/2025\/07\/IMG_2966.jpeg.resized.jpg 2016w\" sizes=\"auto, (max-width: 1200px) 100vw, 1200px\" \/><\/figure>\n\n\n\n<figure class=\"wp-block-image size-large\"><img loading=\"lazy\" decoding=\"async\" width=\"1200\" height=\"900\" data-id=\"10453\" src=\"https:\/\/vammencamping.dk\/wp-content\/uploads\/2025\/07\/IMG_2971.jpeg.resized-1200x900.jpg\" alt=\"\" class=\"wp-image-10453\" srcset=\"https:\/\/vammencamping.dk\/wp-content\/uploads\/2025\/07\/IMG_2971.jpeg.resized-1200x900.jpg 1200w, https:\/\/vammencamping.dk\/wp-content\/uploads\/2025\/07\/IMG_2971.jpeg.resized-744x558.jpg 744w, https:\/\/vammencamping.dk\/wp-content\/uploads\/2025\/07\/IMG_2971.jpeg.resized-420x315.jpg 420w, https:\/\/vammencamping.dk\/wp-content\/uploads\/2025\/07\/IMG_2971.jpeg.resized-768x576.jpg 768w, https:\/\/vammencamping.dk\/wp-content\/uploads\/2025\/07\/IMG_2971.jpeg.resized.jpg 2016w\" sizes=\"auto, (max-width: 1200px) 100vw, 1200px\" \/><\/figure>\n<\/figure>\n\n<figure class=\"wp-block-image size-large\"><img loading=\"lazy\" decoding=\"async\" width=\"1200\" height=\"802\" src=\"https:\/\/vammencamping.dk\/wp-content\/uploads\/2025\/07\/Tjele_Langso_dybdekort_fra_historiske_kort_dk_downscaled-1200x802.jpg\" alt=\"\" class=\"wp-image-10342\" srcset=\"https:\/\/vammencamping.dk\/wp-content\/uploads\/2025\/07\/Tjele_Langso_dybdekort_fra_historiske_kort_dk_downscaled-1200x802.jpg 1200w, https:\/\/vammencamping.dk\/wp-content\/uploads\/2025\/07\/Tjele_Langso_dybdekort_fra_historiske_kort_dk_downscaled-744x497.jpg 744w, https:\/\/vammencamping.dk\/wp-content\/uploads\/2025\/07\/Tjele_Langso_dybdekort_fra_historiske_kort_dk_downscaled-420x280.jpg 420w, https:\/\/vammencamping.dk\/wp-content\/uploads\/2025\/07\/Tjele_Langso_dybdekort_fra_historiske_kort_dk_downscaled-768x513.jpg 768w\" sizes=\"auto, (max-width: 1200px) 100vw, 1200px\" \/><\/figure>\n\n<p><\/p>\n","protected":false},"excerpt":{"rendered":"<p>L\u00e4nge: 16,8 Kilometer Eine lange Fahrt vom Vammen Camping bis zum \u00f6stlichsten Ende der Tjele Langs\u00f8, S\u00f8landingen. Das ist eine lange Reise, also plane viel Zeit f\u00fcr die Fahrt ein und achte auf die Windverh\u00e4ltnisse und Wettervorhersagen. Die R\u00fcckfahrt bei Gegenwind kann deutlich schwieriger sein als die Hinfahrt. Kurz vor Bigum solltest du eine n\u00f6rdlichere &#8230; <a class=\"read-more\" href=\"https:\/\/vammencamping.dk\/de\/tour-auf-tjele-langsoe-4-soelandingen\/\">Read more&#8230;<\/a><\/p>\n","protected":false},"author":7,"featured_media":0,"parent":0,"menu_order":0,"comment_status":"closed","ping_status":"closed","template":"","meta":{"footnotes":""},"class_list":["post-10530","page","type-page","status-publish"],"featured_image_src":null,"_links":{"self":[{"href":"https:\/\/vammencamping.dk\/de\/wp-json\/wp\/v2\/pages\/10530","targetHints":{"allow":["GET"]}}],"collection":[{"href":"https:\/\/vammencamping.dk\/de\/wp-json\/wp\/v2\/pages"}],"about":[{"href":"https:\/\/vammencamping.dk\/de\/wp-json\/wp\/v2\/types\/page"}],"author":[{"embeddable":true,"href":"https:\/\/vammencamping.dk\/de\/wp-json\/wp\/v2\/users\/7"}],"replies":[{"embeddable":true,"href":"https:\/\/vammencamping.dk\/de\/wp-json\/wp\/v2\/comments?post=10530"}],"version-history":[{"count":2,"href":"https:\/\/vammencamping.dk\/de\/wp-json\/wp\/v2\/pages\/10530\/revisions"}],"predecessor-version":[{"id":10532,"href":"https:\/\/vammencamping.dk\/de\/wp-json\/wp\/v2\/pages\/10530\/revisions\/10532"}],"wp:attachment":[{"href":"https:\/\/vammencamping.dk\/de\/wp-json\/wp\/v2\/media?parent=10530"}],"curies":[{"name":"wp","href":"https:\/\/api.w.org\/{rel}","templated":true}]}}