{"id":10524,"date":"2025-07-10T09:54:16","date_gmt":"2025-07-10T08:54:16","guid":{"rendered":"https:\/\/vammencamping.dk\/tour-auf-tjele-langsoe-3-bigum-soebad\/"},"modified":"2025-07-10T10:03:27","modified_gmt":"2025-07-10T09:03:27","slug":"tour-auf-tjele-langsoe-3-bigum-soebad","status":"publish","type":"page","link":"https:\/\/vammencamping.dk\/de\/tour-auf-tjele-langsoe-3-bigum-soebad\/","title":{"rendered":"Tour auf Tjele Langs\u00f8 3 &#8211; Bigum S\u00f8bad"},"content":{"rendered":"\n<p><\/p>\n\n<p>L\u00e4nge: <strong><strong>8,3 Kilometer<\/strong><\/strong><\/p>\n\n<p>Eine l\u00e4ngere Bootstour vom Vammen Camping und hinaus nach Bigum S\u00f8bad. Die Fahrt f\u00fchrt durch die westliche H\u00e4lfte der Gesamtl\u00e4nge von Tjele Langs\u00f8. In Bigum gibt es eine Toilette, Umkleider\u00e4ume und Duschen. Es ist m\u00f6glich, trocken zu bleiben, da das Geb\u00e4ude \u00fcberdacht ist. Dort kannst du auch dein mitgebrachtes Essen essen.   <\/p>\n\n<p>Die Wanderung f\u00fchrt an der Landzunge bei Fastrup vorbei und \u00fcber Fastrup Dyb, den tiefsten Punkt des Sees. An beiden Ufern gibt es steile H\u00e4nge, die w\u00e4hrend der Eiszeit entstanden sind und ein Tunneltal gebildet haben. Hier hat sich ein Gletscher langsam durchgeschoben und die Landschaft geformt, die du heute siehst.  <\/p>\n\n<p>Das S\u00fcdufer, von der M\u00fcndung der Tjele \u00c5 am s\u00fcdwestlichen Ende des Sees bis zur Vorning \u00c5, ist als Teil eines Natura 2000-Gebiets gesch\u00fctzt. Das Gebiet ist auch Teil eines EU-Projekts namens LIFE IP Natureman, das unter anderem eine nat\u00fcrliche Beweidung (zum Beispiel durch Rinder) vorsieht, um zu verhindern, dass die Schutzgebiete zuwachsen. <\/p>\n\n<p>Kurz vor Bigum solltest du eine n\u00f6rdlichere Route als \u00fcblich w\u00e4hlen. Das liegt daran, dass das Wasser an beiden Ufern des Sees sehr flach ist und die Tiefe nur 0,4 Meter betr\u00e4gt. Schau dir die historische Tiefenkarte unten auf der Seite an.<\/p>\n\n<p>Bigum S\u00f8bad ist eine gro\u00dfe, flache und offene Grasfl\u00e4che mit einem Steg. Wenn Schwimmer anwesend sind, sei bitte r\u00fccksichtsvoll. <\/p>\n\n<iframe loading=\"lazy\" width=\"100%\" height=\"300px\" frameborder=\"0\" allowfullscreen=\"\" allow=\"geolocation\" src=\"\/\/umap.openstreetmap.fr\/da\/map\/vammen-camping-routes-on-the-lake-3-bigum-sbad_1252677?scaleControl=false&#038;miniMap=false&#038;scrollWheelZoom=false&#038;zoomControl=true&#038;editMode=disabled&#038;moreControl=true&#038;searchControl=null&#038;tilelayersControl=null&#038;embedControl=null&#038;datalayersControl=true&#038;onLoadPanel=none&#038;captionBar=false&#038;captionMenus=true\"><\/iframe><p><a href=\"\/\/umap.openstreetmap.fr\/da\/map\/vammen-camping-routes-on-the-lake-3-bigum-sbad_1252677?scaleControl=false&#038;miniMap=false&#038;scrollWheelZoom=true&#038;zoomControl=true&#038;editMode=disabled&#038;moreControl=true&#038;searchControl=null&#038;tilelayersControl=null&#038;embedControl=null&#038;datalayersControl=true&#038;onLoadPanel=none&#038;captionBar=false&#038;captionMenus=true\">Im Vollbild anzeigen<\/a><\/p>\n\n<p>Sei dir dar\u00fcber im Klaren, dass die Heimreise aufgrund des Windes und der k\u00f6rperlichen Erm\u00fcdung anstrengender sein kann.<\/p>\n\n<figure class=\"wp-block-gallery has-nested-images columns-default is-cropped wp-block-gallery-1 is-layout-flex wp-block-gallery-is-layout-flex\">\n<figure class=\"wp-block-image size-large\"><img loading=\"lazy\" decoding=\"async\" width=\"1200\" height=\"900\" data-id=\"10480\" src=\"https:\/\/vammencamping.dk\/wp-content\/uploads\/2025\/07\/IMG_2930.jpeg.resized-1200x900.jpeg\" alt=\"\" class=\"wp-image-10480\" srcset=\"https:\/\/vammencamping.dk\/wp-content\/uploads\/2025\/07\/IMG_2930.jpeg.resized-1200x900.jpeg 1200w, https:\/\/vammencamping.dk\/wp-content\/uploads\/2025\/07\/IMG_2930.jpeg.resized-744x558.jpeg 744w, https:\/\/vammencamping.dk\/wp-content\/uploads\/2025\/07\/IMG_2930.jpeg.resized-420x315.jpeg 420w, https:\/\/vammencamping.dk\/wp-content\/uploads\/2025\/07\/IMG_2930.jpeg.resized-768x576.jpeg 768w, https:\/\/vammencamping.dk\/wp-content\/uploads\/2025\/07\/IMG_2930.jpeg.resized.jpeg 2016w\" sizes=\"auto, (max-width: 1200px) 100vw, 1200px\" \/><\/figure>\n\n\n\n<figure class=\"wp-block-image size-large\"><img loading=\"lazy\" decoding=\"async\" width=\"1200\" height=\"900\" data-id=\"10509\" src=\"https:\/\/vammencamping.dk\/wp-content\/uploads\/2025\/07\/IMG_2937-1.jpeg.resized-1-1200x900.jpeg\" alt=\"\" class=\"wp-image-10509\" srcset=\"https:\/\/vammencamping.dk\/wp-content\/uploads\/2025\/07\/IMG_2937-1.jpeg.resized-1-1200x900.jpeg 1200w, https:\/\/vammencamping.dk\/wp-content\/uploads\/2025\/07\/IMG_2937-1.jpeg.resized-1-744x558.jpeg 744w, https:\/\/vammencamping.dk\/wp-content\/uploads\/2025\/07\/IMG_2937-1.jpeg.resized-1-420x315.jpeg 420w, https:\/\/vammencamping.dk\/wp-content\/uploads\/2025\/07\/IMG_2937-1.jpeg.resized-1-768x576.jpeg 768w, https:\/\/vammencamping.dk\/wp-content\/uploads\/2025\/07\/IMG_2937-1.jpeg.resized-1.jpeg 2016w\" sizes=\"auto, (max-width: 1200px) 100vw, 1200px\" \/><\/figure>\n\n\n\n<figure class=\"wp-block-image size-large\"><img loading=\"lazy\" decoding=\"async\" width=\"1200\" height=\"900\" data-id=\"10488\" src=\"https:\/\/vammencamping.dk\/wp-content\/uploads\/2025\/07\/IMG_2927.jpeg.resized-1200x900.jpeg\" alt=\"\" class=\"wp-image-10488\" srcset=\"https:\/\/vammencamping.dk\/wp-content\/uploads\/2025\/07\/IMG_2927.jpeg.resized-1200x900.jpeg 1200w, https:\/\/vammencamping.dk\/wp-content\/uploads\/2025\/07\/IMG_2927.jpeg.resized-744x558.jpeg 744w, https:\/\/vammencamping.dk\/wp-content\/uploads\/2025\/07\/IMG_2927.jpeg.resized-420x315.jpeg 420w, https:\/\/vammencamping.dk\/wp-content\/uploads\/2025\/07\/IMG_2927.jpeg.resized-768x576.jpeg 768w, https:\/\/vammencamping.dk\/wp-content\/uploads\/2025\/07\/IMG_2927.jpeg.resized.jpeg 2016w\" sizes=\"auto, (max-width: 1200px) 100vw, 1200px\" \/><\/figure>\n\n\n\n<figure class=\"wp-block-image size-large\"><img loading=\"lazy\" decoding=\"async\" width=\"1200\" height=\"900\" data-id=\"10492\" src=\"https:\/\/vammencamping.dk\/wp-content\/uploads\/2025\/07\/IMG_2933.jpeg.resized-1200x900.jpeg\" alt=\"\" class=\"wp-image-10492\" srcset=\"https:\/\/vammencamping.dk\/wp-content\/uploads\/2025\/07\/IMG_2933.jpeg.resized-1200x900.jpeg 1200w, https:\/\/vammencamping.dk\/wp-content\/uploads\/2025\/07\/IMG_2933.jpeg.resized-744x558.jpeg 744w, https:\/\/vammencamping.dk\/wp-content\/uploads\/2025\/07\/IMG_2933.jpeg.resized-420x315.jpeg 420w, https:\/\/vammencamping.dk\/wp-content\/uploads\/2025\/07\/IMG_2933.jpeg.resized-768x576.jpeg 768w, https:\/\/vammencamping.dk\/wp-content\/uploads\/2025\/07\/IMG_2933.jpeg.resized.jpeg 2016w\" sizes=\"auto, (max-width: 1200px) 100vw, 1200px\" \/><\/figure>\n\n\n\n<figure class=\"wp-block-image size-large\"><img loading=\"lazy\" decoding=\"async\" width=\"1200\" height=\"900\" data-id=\"10505\" src=\"https:\/\/vammencamping.dk\/wp-content\/uploads\/2025\/07\/IMG_2934.jpeg.resized-1200x900.jpeg\" alt=\"\" class=\"wp-image-10505\" srcset=\"https:\/\/vammencamping.dk\/wp-content\/uploads\/2025\/07\/IMG_2934.jpeg.resized-1200x900.jpeg 1200w, https:\/\/vammencamping.dk\/wp-content\/uploads\/2025\/07\/IMG_2934.jpeg.resized-744x558.jpeg 744w, https:\/\/vammencamping.dk\/wp-content\/uploads\/2025\/07\/IMG_2934.jpeg.resized-420x315.jpeg 420w, https:\/\/vammencamping.dk\/wp-content\/uploads\/2025\/07\/IMG_2934.jpeg.resized-768x576.jpeg 768w, https:\/\/vammencamping.dk\/wp-content\/uploads\/2025\/07\/IMG_2934.jpeg.resized.jpeg 2016w\" sizes=\"auto, (max-width: 1200px) 100vw, 1200px\" \/><\/figure>\n<\/figure>\n\n<figure class=\"wp-block-image size-large\"><img loading=\"lazy\" decoding=\"async\" width=\"1200\" height=\"802\" src=\"https:\/\/vammencamping.dk\/wp-content\/uploads\/2025\/07\/Tjele_Langso_dybdekort_fra_historiske_kort_dk_downscaled-1200x802.jpg\" alt=\"\" class=\"wp-image-10342\" srcset=\"https:\/\/vammencamping.dk\/wp-content\/uploads\/2025\/07\/Tjele_Langso_dybdekort_fra_historiske_kort_dk_downscaled-1200x802.jpg 1200w, https:\/\/vammencamping.dk\/wp-content\/uploads\/2025\/07\/Tjele_Langso_dybdekort_fra_historiske_kort_dk_downscaled-744x497.jpg 744w, https:\/\/vammencamping.dk\/wp-content\/uploads\/2025\/07\/Tjele_Langso_dybdekort_fra_historiske_kort_dk_downscaled-420x280.jpg 420w, https:\/\/vammencamping.dk\/wp-content\/uploads\/2025\/07\/Tjele_Langso_dybdekort_fra_historiske_kort_dk_downscaled-768x513.jpg 768w\" sizes=\"auto, (max-width: 1200px) 100vw, 1200px\" \/><figcaption class=\"wp-element-caption\">Handmade Software, Inc. Image Alchemy v1.14 <\/figcaption><\/figure>\n\n<p><\/p>\n","protected":false},"excerpt":{"rendered":"<p>L\u00e4nge: 8,3 Kilometer Eine l\u00e4ngere Bootstour vom Vammen Camping und hinaus nach Bigum S\u00f8bad. Die Fahrt f\u00fchrt durch die westliche H\u00e4lfte der Gesamtl\u00e4nge von Tjele Langs\u00f8. In Bigum gibt es eine Toilette, Umkleider\u00e4ume und Duschen. Es ist m\u00f6glich, trocken zu bleiben, da das Geb\u00e4ude \u00fcberdacht ist. Dort kannst du auch dein mitgebrachtes Essen essen. Die &#8230; <a class=\"read-more\" href=\"https:\/\/vammencamping.dk\/de\/tour-auf-tjele-langsoe-3-bigum-soebad\/\">Read more&#8230;<\/a><\/p>\n","protected":false},"author":7,"featured_media":0,"parent":0,"menu_order":0,"comment_status":"closed","ping_status":"closed","template":"","meta":{"footnotes":""},"class_list":["post-10524","page","type-page","status-publish"],"featured_image_src":null,"_links":{"self":[{"href":"https:\/\/vammencamping.dk\/de\/wp-json\/wp\/v2\/pages\/10524","targetHints":{"allow":["GET"]}}],"collection":[{"href":"https:\/\/vammencamping.dk\/de\/wp-json\/wp\/v2\/pages"}],"about":[{"href":"https:\/\/vammencamping.dk\/de\/wp-json\/wp\/v2\/types\/page"}],"author":[{"embeddable":true,"href":"https:\/\/vammencamping.dk\/de\/wp-json\/wp\/v2\/users\/7"}],"replies":[{"embeddable":true,"href":"https:\/\/vammencamping.dk\/de\/wp-json\/wp\/v2\/comments?post=10524"}],"version-history":[{"count":4,"href":"https:\/\/vammencamping.dk\/de\/wp-json\/wp\/v2\/pages\/10524\/revisions"}],"predecessor-version":[{"id":10553,"href":"https:\/\/vammencamping.dk\/de\/wp-json\/wp\/v2\/pages\/10524\/revisions\/10553"}],"wp:attachment":[{"href":"https:\/\/vammencamping.dk\/de\/wp-json\/wp\/v2\/media?parent=10524"}],"curies":[{"name":"wp","href":"https:\/\/api.w.org\/{rel}","templated":true}]}}