{"id":10516,"date":"2025-07-10T09:49:22","date_gmt":"2025-07-10T08:49:22","guid":{"rendered":"https:\/\/vammencamping.dk\/tour-auf-tjele-langsoe-1-erholungsgebiet\/"},"modified":"2025-07-10T09:49:26","modified_gmt":"2025-07-10T08:49:26","slug":"tour-auf-tjele-langsoe-1-erholungsgebiet","status":"publish","type":"page","link":"https:\/\/vammencamping.dk\/de\/tour-auf-tjele-langsoe-1-erholungsgebiet\/","title":{"rendered":"Tour auf Tjele Langs\u00f8 1 &#8211; Erholungsgebiet"},"content":{"rendered":"\n<p><\/p>\n\n<div class=\"wp-block-columns is-layout-flex wp-container-core-columns-is-layout-9d6595d7 wp-block-columns-is-layout-flex\">\n<div class=\"wp-block-column is-layout-flow wp-block-column-is-layout-flow\"><\/div>\n\n\n\n<div class=\"wp-block-column is-layout-flow wp-block-column-is-layout-flow\"><\/div>\n<\/div>\n\n<p>L\u00e4nge: <strong><strong>800 m<\/strong><\/strong><\/p>\n\n<p>Ein kurzer Segelt\u00f6rn von Vammen Camping aus in Richtung S\u00fcden zur Anlegestelle des Erholungsgebiets. F\u00fcr einen abwechslungsreichen T\u00f6rn kannst du zun\u00e4chst in Richtung Ostufer hinaussegeln und danach in Richtung Steg abbiegen. Der Ausflug eignet sich gut f\u00fcr ein Picknick, z.B. mit kleinen Kindern, da die Fahrt nicht sehr lang ist und das Wasser am Steg flach ist und es am Steg selbst Tische und B\u00e4nke gibt.  <\/p>\n\n<p>Wenn dir das Wasser zu flach erscheint, solltest du weiter vom Ufer wegfahren.<\/p>\n\n<p>F\u00fcr Anf\u00e4nger und Kinder kann die Ausfahrt auch am Ufer erfolgen, um eine k\u00fcrzere Strecke zu fahren.<\/p>\n\n<p><a href=\"\/\/umap.openstreetmap.fr\/da\/map\/vammen-camping-routes-on-the-lake-1-recreational-a_1251539?scaleControl=false&amp;miniMap=false&amp;scrollWheelZoom=true&amp;zoomControl=true&amp;editMode=disabled&amp;moreControl=true&amp;searchControl=null&amp;tilelayersControl=null&amp;embedControl=null&amp;datalayersControl=true&amp;onLoadPanel=none&amp;captionBar=false&amp;captionMenus=true\">Im Vollbild anzeigen<\/a><\/p>\n\n<p>Sei dir bewusst, dass dieser Teil des Sees relativ flach ist, siehe die historische Tiefenkarte auf dieser Seite.<\/p>\n<div class=\"wp-block-image\">\n<figure class=\"aligncenter size-large is-resized\"><a href=\"https:\/\/vammencamping.dk\/wp-content\/uploads\/2025\/07\/rekreativt_omraade_picnic-1200x817.jpg\"><img loading=\"lazy\" decoding=\"async\" width=\"1200\" height=\"817\" src=\"https:\/\/vammencamping.dk\/wp-content\/uploads\/2025\/07\/rekreativt_omraade_picnic-1200x817.jpg\" alt=\"\" class=\"wp-image-10301\" style=\"width:300px\" srcset=\"https:\/\/vammencamping.dk\/wp-content\/uploads\/2025\/07\/rekreativt_omraade_picnic-1200x817.jpg 1200w, https:\/\/vammencamping.dk\/wp-content\/uploads\/2025\/07\/rekreativt_omraade_picnic-744x506.jpg 744w, https:\/\/vammencamping.dk\/wp-content\/uploads\/2025\/07\/rekreativt_omraade_picnic-420x286.jpg 420w, https:\/\/vammencamping.dk\/wp-content\/uploads\/2025\/07\/rekreativt_omraade_picnic-768x523.jpg 768w\" sizes=\"auto, (max-width: 1200px) 100vw, 1200px\" \/><\/a><figcaption class=\"wp-element-caption\">Der Steg im Erholungsgebiet. Klicke auf das Bild, um es in voller Gr\u00f6\u00dfe zu sehen. <\/figcaption><\/figure>\n<\/div>\n<figure class=\"wp-block-image size-large\"><img loading=\"lazy\" decoding=\"async\" width=\"1200\" height=\"1325\" src=\"https:\/\/vammencamping.dk\/wp-content\/uploads\/2025\/07\/Tjele_Langso_dybdekort_fra_historiske_kort_dk_cropped-1200x1325.jpg\" alt=\"\" class=\"wp-image-10308\" srcset=\"https:\/\/vammencamping.dk\/wp-content\/uploads\/2025\/07\/Tjele_Langso_dybdekort_fra_historiske_kort_dk_cropped-1200x1325.jpg 1200w, https:\/\/vammencamping.dk\/wp-content\/uploads\/2025\/07\/Tjele_Langso_dybdekort_fra_historiske_kort_dk_cropped-744x821.jpg 744w, https:\/\/vammencamping.dk\/wp-content\/uploads\/2025\/07\/Tjele_Langso_dybdekort_fra_historiske_kort_dk_cropped-420x463.jpg 420w, https:\/\/vammencamping.dk\/wp-content\/uploads\/2025\/07\/Tjele_Langso_dybdekort_fra_historiske_kort_dk_cropped-768x848.jpg 768w\" sizes=\"auto, (max-width: 1200px) 100vw, 1200px\" \/><figcaption class=\"wp-element-caption\">Handmade Software, Inc. Image Alchemy v1.14 <\/figcaption><\/figure>\n\n<p><\/p>\n","protected":false},"excerpt":{"rendered":"<p>L\u00e4nge: 800 m Ein kurzer Segelt\u00f6rn von Vammen Camping aus in Richtung S\u00fcden zur Anlegestelle des Erholungsgebiets. F\u00fcr einen abwechslungsreichen T\u00f6rn kannst du zun\u00e4chst in Richtung Ostufer hinaussegeln und danach in Richtung Steg abbiegen. Der Ausflug eignet sich gut f\u00fcr ein Picknick, z.B. mit kleinen Kindern, da die Fahrt nicht sehr lang ist und das &#8230; <a class=\"read-more\" href=\"https:\/\/vammencamping.dk\/de\/tour-auf-tjele-langsoe-1-erholungsgebiet\/\">Read more&#8230;<\/a><\/p>\n","protected":false},"author":7,"featured_media":0,"parent":0,"menu_order":0,"comment_status":"closed","ping_status":"closed","template":"","meta":{"footnotes":""},"class_list":["post-10516","page","type-page","status-publish"],"featured_image_src":null,"_links":{"self":[{"href":"https:\/\/vammencamping.dk\/de\/wp-json\/wp\/v2\/pages\/10516","targetHints":{"allow":["GET"]}}],"collection":[{"href":"https:\/\/vammencamping.dk\/de\/wp-json\/wp\/v2\/pages"}],"about":[{"href":"https:\/\/vammencamping.dk\/de\/wp-json\/wp\/v2\/types\/page"}],"author":[{"embeddable":true,"href":"https:\/\/vammencamping.dk\/de\/wp-json\/wp\/v2\/users\/7"}],"replies":[{"embeddable":true,"href":"https:\/\/vammencamping.dk\/de\/wp-json\/wp\/v2\/comments?post=10516"}],"version-history":[{"count":2,"href":"https:\/\/vammencamping.dk\/de\/wp-json\/wp\/v2\/pages\/10516\/revisions"}],"predecessor-version":[{"id":10518,"href":"https:\/\/vammencamping.dk\/de\/wp-json\/wp\/v2\/pages\/10516\/revisions\/10518"}],"wp:attachment":[{"href":"https:\/\/vammencamping.dk\/de\/wp-json\/wp\/v2\/media?parent=10516"}],"curies":[{"name":"wp","href":"https:\/\/api.w.org\/{rel}","templated":true}]}}