{"id":10363,"date":"2025-07-07T15:22:28","date_gmt":"2025-07-07T14:22:28","guid":{"rendered":"https:\/\/vammencamping.dk\/touren-auf-dem-see-tjele-langsoe\/"},"modified":"2025-07-14T16:12:41","modified_gmt":"2025-07-14T15:12:41","slug":"touren-auf-dem-see-tjele-langsoe","status":"publish","type":"page","link":"https:\/\/vammencamping.dk\/de\/touren-auf-dem-see-tjele-langsoe\/","title":{"rendered":"Touren auf dem See Tjele Langs\u00f8"},"content":{"rendered":"\n<p>Wenn du die Tjele Langs\u00f8 entlangf\u00e4hrst, erwartet dich ein idyllisches Naturerlebnis. Vom Campingplatz aus kannst du vier Orte mit \u00f6ffentlichem Zugang auf Tjele Langs\u00f8 erreichen. <\/p>\n\n<p>Erkundige dich an der Rezeption nach dem Verleih von <strong>Kanus<\/strong>, <strong>Kajaks<\/strong> und <strong>SUP-Boards<\/strong>. Du kannst aber auch gerne dein eigenes Kanu oder \u00e4hnliches mitbringen. Denke daran, eine Schwimmweste zu tragen &#8211; nur f\u00fcr den Fall! Schwimmwesten werden am Verleihschalter ausgegeben.   <\/p>\n\n<div class=\"wp-block-columns are-vertically-aligned-center is-layout-flex wp-container-core-columns-is-layout-9d6595d7 wp-block-columns-is-layout-flex\">\n<div class=\"wp-block-column is-vertically-aligned-center is-layout-flow wp-block-column-is-layout-flow\" style=\"flex-basis:65px\"><div class=\"wp-block-image\">\n<figure class=\"alignleft size-large is-resized\"><img loading=\"lazy\" decoding=\"async\" width=\"1200\" height=\"1021\" src=\"https:\/\/vammencamping.dk\/wp-content\/uploads\/2025\/07\/canoe_man-1200x1021.png\" alt=\"\" class=\"wp-image-10580\" style=\"width:65px\" srcset=\"https:\/\/vammencamping.dk\/wp-content\/uploads\/2025\/07\/canoe_man-1200x1021.png 1200w, https:\/\/vammencamping.dk\/wp-content\/uploads\/2025\/07\/canoe_man-744x633.png 744w, https:\/\/vammencamping.dk\/wp-content\/uploads\/2025\/07\/canoe_man-420x357.png 420w, https:\/\/vammencamping.dk\/wp-content\/uploads\/2025\/07\/canoe_man-768x654.png 768w, https:\/\/vammencamping.dk\/wp-content\/uploads\/2025\/07\/canoe_man.png 411w\" sizes=\"auto, (max-width: 1200px) 100vw, 1200px\" \/><\/figure>\n<\/div><\/div>\n\n\n\n<div class=\"wp-block-column is-vertically-aligned-center is-layout-flow wp-block-column-is-layout-flow\" style=\"flex-basis:45px\">\n<figure class=\"wp-block-image size-large is-resized\"><a href=\"https:\/\/vammencamping.dk\/de\/tour-auf-tjele-langsoe-1-erholungsgebiet\/\"><img loading=\"lazy\" decoding=\"async\" width=\"1200\" height=\"1200\" src=\"https:\/\/vammencamping.dk\/wp-content\/uploads\/2025\/07\/sailing_1-1200x1200.png\" alt=\"\" class=\"wp-image-10597\" style=\"width:45px\" srcset=\"https:\/\/vammencamping.dk\/wp-content\/uploads\/2025\/07\/sailing_1-1200x1200.png 1200w, https:\/\/vammencamping.dk\/wp-content\/uploads\/2025\/07\/sailing_1-744x744.png 744w, https:\/\/vammencamping.dk\/wp-content\/uploads\/2025\/07\/sailing_1-420x420.png 420w, https:\/\/vammencamping.dk\/wp-content\/uploads\/2025\/07\/sailing_1-768x768.png 768w, https:\/\/vammencamping.dk\/wp-content\/uploads\/2025\/07\/sailing_1-1536x1536.png 1536w, https:\/\/vammencamping.dk\/wp-content\/uploads\/2025\/07\/sailing_1-2048x2048.png 2048w, https:\/\/vammencamping.dk\/wp-content\/uploads\/2025\/07\/sailing_1.png 142w\" sizes=\"auto, (max-width: 1200px) 100vw, 1200px\" \/><\/a><\/figure>\n<\/div>\n\n\n\n<div class=\"wp-block-column is-vertically-aligned-center is-layout-flow wp-block-column-is-layout-flow\" style=\"flex-basis:200px\">\n<figure class=\"wp-block-image size-large is-resized\"><a href=\"https:\/\/vammencamping.dk\/de\/tour-auf-tjele-langsoe-1-erholungsgebiet\/\"><img loading=\"lazy\" decoding=\"async\" width=\"1200\" height=\"1200\" src=\"https:\/\/vammencamping.dk\/wp-content\/uploads\/2025\/07\/waterroute_1-1200x1200.png\" alt=\"\" class=\"wp-image-10614\" style=\"width:200px\" srcset=\"https:\/\/vammencamping.dk\/wp-content\/uploads\/2025\/07\/waterroute_1-1200x1200.png 1200w, https:\/\/vammencamping.dk\/wp-content\/uploads\/2025\/07\/waterroute_1-744x744.png 744w, https:\/\/vammencamping.dk\/wp-content\/uploads\/2025\/07\/waterroute_1-420x420.png 420w, https:\/\/vammencamping.dk\/wp-content\/uploads\/2025\/07\/waterroute_1-768x768.png 768w, https:\/\/vammencamping.dk\/wp-content\/uploads\/2025\/07\/waterroute_1-1536x1536.png 1536w, https:\/\/vammencamping.dk\/wp-content\/uploads\/2025\/07\/waterroute_1-2048x2048.png 2048w, https:\/\/vammencamping.dk\/wp-content\/uploads\/2025\/07\/waterroute_1.png 512w\" sizes=\"auto, (max-width: 1200px) 100vw, 1200px\" \/><\/a><\/figure>\n<\/div>\n\n\n\n<div class=\"wp-block-column is-vertically-aligned-center is-layout-flow wp-block-column-is-layout-flow\" style=\"flex-basis:500px\">\n<h3 class=\"wp-block-heading has-text-align-left\"><strong><a href=\"https:\/\/vammencamping.dk\/de\/tour-auf-tjele-langsoe-1-erholungsgebiet\/\" data-type=\"page\" data-id=\"9377\">Seetour 1 &#8211; Erholungsgebiet<\/a><\/strong><\/h3>\n\n\n\n<p>Eine kurze Fahrt vom Campingplatz Vammen zum Bootssteg des Erholungsgebiets.<\/p>\n\n\n\n<p>L\u00e4nge: <strong><strong>800 m<\/strong><\/strong><\/p>\n<\/div>\n<\/div>\n\n<div class=\"wp-block-columns is-layout-flex wp-container-core-columns-is-layout-9d6595d7 wp-block-columns-is-layout-flex\">\n<div class=\"wp-block-column is-vertically-aligned-center is-layout-flow wp-block-column-is-layout-flow\" style=\"flex-basis:65px\"><div class=\"wp-block-image\">\n<figure class=\"alignleft size-large is-resized\"><img loading=\"lazy\" decoding=\"async\" width=\"1200\" height=\"1021\" src=\"https:\/\/vammencamping.dk\/wp-content\/uploads\/2025\/07\/canoe_man-1-1200x1021.png\" alt=\"\" class=\"wp-image-10584\" style=\"width:65px\" srcset=\"https:\/\/vammencamping.dk\/wp-content\/uploads\/2025\/07\/canoe_man-1-1200x1021.png 1200w, https:\/\/vammencamping.dk\/wp-content\/uploads\/2025\/07\/canoe_man-1-744x633.png 744w, https:\/\/vammencamping.dk\/wp-content\/uploads\/2025\/07\/canoe_man-1-420x357.png 420w, https:\/\/vammencamping.dk\/wp-content\/uploads\/2025\/07\/canoe_man-1-768x654.png 768w, https:\/\/vammencamping.dk\/wp-content\/uploads\/2025\/07\/canoe_man-1.png 411w\" sizes=\"auto, (max-width: 1200px) 100vw, 1200px\" \/><\/figure>\n<\/div><\/div>\n\n\n\n<div class=\"wp-block-column is-vertically-aligned-center is-layout-flow wp-block-column-is-layout-flow\" style=\"flex-basis:45px\">\n<figure class=\"wp-block-image size-large is-resized\"><a href=\"https:\/\/vammencamping.dk\/de\/tour-auf-tjele-langsoe-2-fastrup\/\"><img loading=\"lazy\" decoding=\"async\" width=\"1200\" height=\"1200\" src=\"https:\/\/vammencamping.dk\/wp-content\/uploads\/2025\/07\/sailing_2-1200x1200.png\" alt=\"\" class=\"wp-image-10601\" style=\"width:45px\" srcset=\"https:\/\/vammencamping.dk\/wp-content\/uploads\/2025\/07\/sailing_2-1200x1200.png 1200w, https:\/\/vammencamping.dk\/wp-content\/uploads\/2025\/07\/sailing_2-744x744.png 744w, https:\/\/vammencamping.dk\/wp-content\/uploads\/2025\/07\/sailing_2-420x420.png 420w, https:\/\/vammencamping.dk\/wp-content\/uploads\/2025\/07\/sailing_2-768x768.png 768w, https:\/\/vammencamping.dk\/wp-content\/uploads\/2025\/07\/sailing_2-1536x1536.png 1536w, https:\/\/vammencamping.dk\/wp-content\/uploads\/2025\/07\/sailing_2-2048x2048.png 2048w, https:\/\/vammencamping.dk\/wp-content\/uploads\/2025\/07\/sailing_2.png 142w\" sizes=\"auto, (max-width: 1200px) 100vw, 1200px\" \/><\/a><\/figure>\n<\/div>\n\n\n\n<div class=\"wp-block-column is-layout-flow wp-block-column-is-layout-flow\" style=\"flex-basis:200px\">\n<figure class=\"wp-block-image size-large is-resized\"><a href=\"https:\/\/vammencamping.dk\/de\/tour-auf-tjele-langsoe-2-fastrup\/\"><img loading=\"lazy\" decoding=\"async\" width=\"1200\" height=\"1200\" src=\"https:\/\/vammencamping.dk\/wp-content\/uploads\/2025\/07\/waterroute_2-1200x1200.png\" alt=\"\" class=\"wp-image-10618\" style=\"width:200px\" srcset=\"https:\/\/vammencamping.dk\/wp-content\/uploads\/2025\/07\/waterroute_2-1200x1200.png 1200w, https:\/\/vammencamping.dk\/wp-content\/uploads\/2025\/07\/waterroute_2-744x744.png 744w, https:\/\/vammencamping.dk\/wp-content\/uploads\/2025\/07\/waterroute_2-420x420.png 420w, https:\/\/vammencamping.dk\/wp-content\/uploads\/2025\/07\/waterroute_2-768x768.png 768w, https:\/\/vammencamping.dk\/wp-content\/uploads\/2025\/07\/waterroute_2-1536x1536.png 1536w, https:\/\/vammencamping.dk\/wp-content\/uploads\/2025\/07\/waterroute_2-2048x2048.png 2048w, https:\/\/vammencamping.dk\/wp-content\/uploads\/2025\/07\/waterroute_2.png 512w\" sizes=\"auto, (max-width: 1200px) 100vw, 1200px\" \/><\/a><\/figure>\n<\/div>\n\n\n\n<div class=\"wp-block-column is-vertically-aligned-center is-layout-flow wp-block-column-is-layout-flow\" style=\"flex-basis:500px\">\n<h3 class=\"wp-block-heading\"><strong><a href=\"https:\/\/vammencamping.dk\/de\/tour-auf-tjele-langsoe-2-fastrup\/\" data-type=\"page\" data-id=\"10387\">Seetour 2 &#8211; Fastrup<\/a><\/strong><\/h3>\n\n\n\n<p>Ein Segelt\u00f6rn vom Vammen Camping zur Anlegestelle in Fastrup.<\/p>\n\n\n\n<p>L\u00e4nge: <strong><strong>2,8 Kilometer<\/strong><\/strong><\/p>\n<\/div>\n<\/div>\n\n<div class=\"wp-block-columns is-layout-flex wp-container-core-columns-is-layout-9d6595d7 wp-block-columns-is-layout-flex\">\n<div class=\"wp-block-column is-vertically-aligned-center is-layout-flow wp-block-column-is-layout-flow\" style=\"flex-basis:65px\"><div class=\"wp-block-image\">\n<figure class=\"alignleft size-large is-resized\"><img loading=\"lazy\" decoding=\"async\" width=\"1200\" height=\"1021\" src=\"https:\/\/vammencamping.dk\/wp-content\/uploads\/2025\/07\/canoe_man-2-1200x1021.png\" alt=\"\" class=\"wp-image-10588\" style=\"width:65px\" srcset=\"https:\/\/vammencamping.dk\/wp-content\/uploads\/2025\/07\/canoe_man-2-1200x1021.png 1200w, https:\/\/vammencamping.dk\/wp-content\/uploads\/2025\/07\/canoe_man-2-744x633.png 744w, https:\/\/vammencamping.dk\/wp-content\/uploads\/2025\/07\/canoe_man-2-420x357.png 420w, https:\/\/vammencamping.dk\/wp-content\/uploads\/2025\/07\/canoe_man-2-768x654.png 768w, https:\/\/vammencamping.dk\/wp-content\/uploads\/2025\/07\/canoe_man-2.png 411w\" sizes=\"auto, (max-width: 1200px) 100vw, 1200px\" \/><\/figure>\n<\/div><\/div>\n\n\n\n<div class=\"wp-block-column is-vertically-aligned-center is-layout-flow wp-block-column-is-layout-flow\" style=\"flex-basis:45px\">\n<figure class=\"wp-block-image size-large is-resized\"><a href=\"https:\/\/vammencamping.dk\/de\/tour-auf-tjele-langsoe-3-bigum-soebad\/\"><img loading=\"lazy\" decoding=\"async\" width=\"1200\" height=\"1200\" src=\"https:\/\/vammencamping.dk\/wp-content\/uploads\/2025\/07\/sailing_3-1200x1200.png\" alt=\"\" class=\"wp-image-10605\" style=\"width:45px\" srcset=\"https:\/\/vammencamping.dk\/wp-content\/uploads\/2025\/07\/sailing_3-1200x1200.png 1200w, https:\/\/vammencamping.dk\/wp-content\/uploads\/2025\/07\/sailing_3-744x744.png 744w, https:\/\/vammencamping.dk\/wp-content\/uploads\/2025\/07\/sailing_3-420x420.png 420w, https:\/\/vammencamping.dk\/wp-content\/uploads\/2025\/07\/sailing_3-768x768.png 768w, https:\/\/vammencamping.dk\/wp-content\/uploads\/2025\/07\/sailing_3-1536x1536.png 1536w, https:\/\/vammencamping.dk\/wp-content\/uploads\/2025\/07\/sailing_3-2048x2048.png 2048w, https:\/\/vammencamping.dk\/wp-content\/uploads\/2025\/07\/sailing_3.png 142w\" sizes=\"auto, (max-width: 1200px) 100vw, 1200px\" \/><\/a><\/figure>\n<\/div>\n\n\n\n<div class=\"wp-block-column is-layout-flow wp-block-column-is-layout-flow\" style=\"flex-basis:200px\">\n<figure class=\"wp-block-image size-large is-resized\"><a href=\"https:\/\/vammencamping.dk\/de\/tour-auf-tjele-langsoe-3-bigum-soebad\/\"><img loading=\"lazy\" decoding=\"async\" width=\"1200\" height=\"1200\" src=\"https:\/\/vammencamping.dk\/wp-content\/uploads\/2025\/07\/waterroute_3-1200x1200.png\" alt=\"\" class=\"wp-image-10622\" style=\"width:200px\" srcset=\"https:\/\/vammencamping.dk\/wp-content\/uploads\/2025\/07\/waterroute_3-1200x1200.png 1200w, https:\/\/vammencamping.dk\/wp-content\/uploads\/2025\/07\/waterroute_3-744x744.png 744w, https:\/\/vammencamping.dk\/wp-content\/uploads\/2025\/07\/waterroute_3-420x420.png 420w, https:\/\/vammencamping.dk\/wp-content\/uploads\/2025\/07\/waterroute_3-768x768.png 768w, https:\/\/vammencamping.dk\/wp-content\/uploads\/2025\/07\/waterroute_3-1536x1536.png 1536w, https:\/\/vammencamping.dk\/wp-content\/uploads\/2025\/07\/waterroute_3-2048x2048.png 2048w, https:\/\/vammencamping.dk\/wp-content\/uploads\/2025\/07\/waterroute_3.png 512w\" sizes=\"auto, (max-width: 1200px) 100vw, 1200px\" \/><\/a><\/figure>\n<\/div>\n\n\n\n<div class=\"wp-block-column is-vertically-aligned-center is-layout-flow wp-block-column-is-layout-flow\" style=\"flex-basis:500px\">\n<h3 class=\"wp-block-heading has-text-align-left\"><strong><a href=\"https:\/\/vammencamping.dk\/de\/tour-auf-tjele-langsoe-3-bigum-soebad\/\" data-type=\"page\" data-id=\"10392\">Seetour 3 &#8211; Bigum S\u00f8bad<\/a><\/strong><\/h3>\n\n\n\n<p>Eine l\u00e4ngere Fahrt von Vammen Camping nach Bigum S\u00f8bad.<\/p>\n\n\n\n<p>L\u00e4nge: <strong><strong>8,3 Kilometer<\/strong><\/strong><\/p>\n<\/div>\n<\/div>\n\n<div class=\"wp-block-columns is-layout-flex wp-container-core-columns-is-layout-9d6595d7 wp-block-columns-is-layout-flex\">\n<div class=\"wp-block-column is-vertically-aligned-center is-layout-flow wp-block-column-is-layout-flow\" style=\"flex-basis:65px\"><div class=\"wp-block-image\">\n<figure class=\"alignleft size-large is-resized\"><img loading=\"lazy\" decoding=\"async\" width=\"1200\" height=\"1021\" src=\"https:\/\/vammencamping.dk\/wp-content\/uploads\/2025\/07\/canoe_man-3-1200x1021.png\" alt=\"\" class=\"wp-image-10592\" style=\"width:65px\" srcset=\"https:\/\/vammencamping.dk\/wp-content\/uploads\/2025\/07\/canoe_man-3-1200x1021.png 1200w, https:\/\/vammencamping.dk\/wp-content\/uploads\/2025\/07\/canoe_man-3-744x633.png 744w, https:\/\/vammencamping.dk\/wp-content\/uploads\/2025\/07\/canoe_man-3-420x357.png 420w, https:\/\/vammencamping.dk\/wp-content\/uploads\/2025\/07\/canoe_man-3-768x654.png 768w, https:\/\/vammencamping.dk\/wp-content\/uploads\/2025\/07\/canoe_man-3.png 411w\" sizes=\"auto, (max-width: 1200px) 100vw, 1200px\" \/><\/figure>\n<\/div><\/div>\n\n\n\n<div class=\"wp-block-column is-vertically-aligned-center is-layout-flow wp-block-column-is-layout-flow\" style=\"flex-basis:45px\">\n<figure class=\"wp-block-image size-large is-resized\"><a href=\"https:\/\/vammencamping.dk\/de\/tour-auf-tjele-langsoe-4-soelandingen\/\"><img loading=\"lazy\" decoding=\"async\" width=\"1200\" height=\"1200\" src=\"https:\/\/vammencamping.dk\/wp-content\/uploads\/2025\/07\/sailing_4-1200x1200.png\" alt=\"\" class=\"wp-image-10609\" style=\"width:45px\" srcset=\"https:\/\/vammencamping.dk\/wp-content\/uploads\/2025\/07\/sailing_4-1200x1200.png 1200w, https:\/\/vammencamping.dk\/wp-content\/uploads\/2025\/07\/sailing_4-744x744.png 744w, https:\/\/vammencamping.dk\/wp-content\/uploads\/2025\/07\/sailing_4-420x420.png 420w, https:\/\/vammencamping.dk\/wp-content\/uploads\/2025\/07\/sailing_4-768x768.png 768w, https:\/\/vammencamping.dk\/wp-content\/uploads\/2025\/07\/sailing_4-1536x1536.png 1536w, https:\/\/vammencamping.dk\/wp-content\/uploads\/2025\/07\/sailing_4-2048x2048.png 2048w, https:\/\/vammencamping.dk\/wp-content\/uploads\/2025\/07\/sailing_4.png 142w\" sizes=\"auto, (max-width: 1200px) 100vw, 1200px\" \/><\/a><\/figure>\n<\/div>\n\n\n\n<div class=\"wp-block-column is-layout-flow wp-block-column-is-layout-flow\" style=\"flex-basis:200px\">\n<figure class=\"wp-block-image size-large is-resized\"><a href=\"https:\/\/vammencamping.dk\/de\/tour-auf-tjele-langsoe-4-soelandingen\/\"><img loading=\"lazy\" decoding=\"async\" width=\"1200\" height=\"1200\" src=\"https:\/\/vammencamping.dk\/wp-content\/uploads\/2025\/07\/waterroute_4-1200x1200.png\" alt=\"\" class=\"wp-image-10626\" style=\"width:200px\" srcset=\"https:\/\/vammencamping.dk\/wp-content\/uploads\/2025\/07\/waterroute_4-1200x1200.png 1200w, https:\/\/vammencamping.dk\/wp-content\/uploads\/2025\/07\/waterroute_4-744x744.png 744w, https:\/\/vammencamping.dk\/wp-content\/uploads\/2025\/07\/waterroute_4-420x420.png 420w, https:\/\/vammencamping.dk\/wp-content\/uploads\/2025\/07\/waterroute_4-768x768.png 768w, https:\/\/vammencamping.dk\/wp-content\/uploads\/2025\/07\/waterroute_4-1536x1536.png 1536w, https:\/\/vammencamping.dk\/wp-content\/uploads\/2025\/07\/waterroute_4-2048x2048.png 2048w, https:\/\/vammencamping.dk\/wp-content\/uploads\/2025\/07\/waterroute_4.png 512w\" sizes=\"auto, (max-width: 1200px) 100vw, 1200px\" \/><\/a><\/figure>\n<\/div>\n\n\n\n<div class=\"wp-block-column is-vertically-aligned-center is-layout-flow wp-block-column-is-layout-flow\" style=\"flex-basis:500px\">\n<h3 class=\"wp-block-heading\"><strong><a href=\"https:\/\/vammencamping.dk\/de\/tour-auf-tjele-langsoe-4-soelandingen\/\" data-type=\"page\" data-id=\"10393\">Seetour 4 &#8211; S\u00f8landingen<\/a><\/strong><\/h3>\n\n\n\n<p>Eine lange Fahrt von Vammen Camping bis zum \u00f6stlichsten Ende von Tjele Langs\u00f8, S\u00f8landingen.<\/p>\n\n\n\n<p>L\u00e4nge: <strong><strong>16,8 Kilometer<\/strong><\/strong><\/p>\n<\/div>\n<\/div>\n\n<p><\/p>\n","protected":false},"excerpt":{"rendered":"<p>Wenn du die Tjele Langs\u00f8 entlangf\u00e4hrst, erwartet dich ein idyllisches Naturerlebnis. Vom Campingplatz aus kannst du vier Orte mit \u00f6ffentlichem Zugang auf Tjele Langs\u00f8 erreichen. Erkundige dich an der Rezeption nach dem Verleih von Kanus, Kajaks und SUP-Boards. Du kannst aber auch gerne dein eigenes Kanu oder \u00e4hnliches mitbringen. Denke daran, eine Schwimmweste zu tragen &#8230; <a class=\"read-more\" href=\"https:\/\/vammencamping.dk\/de\/touren-auf-dem-see-tjele-langsoe\/\">Read more&#8230;<\/a><\/p>\n","protected":false},"author":1,"featured_media":0,"parent":0,"menu_order":0,"comment_status":"closed","ping_status":"closed","template":"","meta":{"footnotes":""},"class_list":["post-10363","page","type-page","status-publish"],"featured_image_src":null,"_links":{"self":[{"href":"https:\/\/vammencamping.dk\/de\/wp-json\/wp\/v2\/pages\/10363","targetHints":{"allow":["GET"]}}],"collection":[{"href":"https:\/\/vammencamping.dk\/de\/wp-json\/wp\/v2\/pages"}],"about":[{"href":"https:\/\/vammencamping.dk\/de\/wp-json\/wp\/v2\/types\/page"}],"author":[{"embeddable":true,"href":"https:\/\/vammencamping.dk\/de\/wp-json\/wp\/v2\/users\/1"}],"replies":[{"embeddable":true,"href":"https:\/\/vammencamping.dk\/de\/wp-json\/wp\/v2\/comments?post=10363"}],"version-history":[{"count":6,"href":"https:\/\/vammencamping.dk\/de\/wp-json\/wp\/v2\/pages\/10363\/revisions"}],"predecessor-version":[{"id":10704,"href":"https:\/\/vammencamping.dk\/de\/wp-json\/wp\/v2\/pages\/10363\/revisions\/10704"}],"wp:attachment":[{"href":"https:\/\/vammencamping.dk\/de\/wp-json\/wp\/v2\/media?parent=10363"}],"curies":[{"name":"wp","href":"https:\/\/api.w.org\/{rel}","templated":true}]}}