{"id":10338,"date":"2025-07-07T12:26:10","date_gmt":"2025-07-07T11:26:10","guid":{"rendered":"https:\/\/vammencamping.dk\/routen\/"},"modified":"2025-07-07T15:22:31","modified_gmt":"2025-07-07T14:22:31","slug":"routen","status":"publish","type":"page","link":"https:\/\/vammencamping.dk\/de\/routen\/","title":{"rendered":"Routen"},"content":{"rendered":"\n<p>Egal, ob du die Natur zu Fu\u00df, mit dem Fahrrad oder auf dem Meer mit einem Kanu, Kajak oder SUP-Board genie\u00dfen willst, wir haben die Routen f\u00fcr dich.<\/p>\n\n<div class=\"wp-block-group is-content-justification-left is-nowrap is-layout-flex wp-container-core-group-is-layout-f56a869c wp-block-group-is-layout-flex\">\n<figure class=\"wp-block-image size-large is-resized\"><img loading=\"lazy\" decoding=\"async\" width=\"1200\" height=\"1059\" src=\"https:\/\/vammencamping.dk\/wp-content\/uploads\/2025\/07\/cykling_green-1200x1059.png\" alt=\"\" class=\"wp-image-10183\" style=\"width:35px\" srcset=\"https:\/\/vammencamping.dk\/wp-content\/uploads\/2025\/07\/cykling_green-1200x1059.png 1200w, https:\/\/vammencamping.dk\/wp-content\/uploads\/2025\/07\/cykling_green-744x656.png 744w, https:\/\/vammencamping.dk\/wp-content\/uploads\/2025\/07\/cykling_green-420x370.png 420w, https:\/\/vammencamping.dk\/wp-content\/uploads\/2025\/07\/cykling_green-768x678.png 768w, https:\/\/vammencamping.dk\/wp-content\/uploads\/2025\/07\/cykling_green.png 427w\" sizes=\"auto, (max-width: 1200px) 100vw, 1200px\" \/><\/figure>\n\n\n\n<h3 class=\"wp-block-heading\"><a href=\"https:\/\/vammencamping.dk\/de\/fahrradrouten\/\" data-type=\"page\" data-id=\"9823\">Fahrradrouten<\/a><\/h3>\n<\/div>\n\n<div style=\"height:10px;width:0px\" aria-hidden=\"true\" class=\"wp-block-spacer\"><\/div>\n\n<div class=\"wp-block-group is-content-justification-left is-nowrap is-layout-flex wp-container-core-group-is-layout-f56a869c wp-block-group-is-layout-flex\">\n<figure class=\"wp-block-image size-large is-resized\"><img loading=\"lazy\" decoding=\"async\" width=\"1200\" height=\"1725\" src=\"https:\/\/vammencamping.dk\/wp-content\/uploads\/2025\/07\/hiking_brown-1200x1725.png\" alt=\"\" class=\"wp-image-10187\" style=\"width:30px\" srcset=\"https:\/\/vammencamping.dk\/wp-content\/uploads\/2025\/07\/hiking_brown-1200x1725.png 1200w, https:\/\/vammencamping.dk\/wp-content\/uploads\/2025\/07\/hiking_brown-744x1069.png 744w, https:\/\/vammencamping.dk\/wp-content\/uploads\/2025\/07\/hiking_brown-420x603.png 420w, https:\/\/vammencamping.dk\/wp-content\/uploads\/2025\/07\/hiking_brown-768x1104.png 768w, https:\/\/vammencamping.dk\/wp-content\/uploads\/2025\/07\/hiking_brown.png 322w\" sizes=\"auto, (max-width: 1200px) 100vw, 1200px\" \/><\/figure>\n\n\n\n<h3 class=\"wp-block-heading\"> <a href=\"https:\/\/vammencamping.dk\/de\/wanderrouten\/\" data-type=\"page\" data-id=\"9761\">Wanderrouten<\/a><\/h3>\n<\/div>\n\n<div class=\"wp-block-group is-content-justification-left is-nowrap is-layout-flex wp-container-core-group-is-layout-f56a869c wp-block-group-is-layout-flex\">\n<figure class=\"wp-block-image size-large is-resized\"><img loading=\"lazy\" decoding=\"async\" width=\"1200\" height=\"1022\" src=\"https:\/\/vammencamping.dk\/wp-content\/uploads\/2025\/07\/canoe_blue-1200x1022.png\" alt=\"\" class=\"wp-image-10191\" style=\"width:50px\" srcset=\"https:\/\/vammencamping.dk\/wp-content\/uploads\/2025\/07\/canoe_blue-1200x1022.png 1200w, https:\/\/vammencamping.dk\/wp-content\/uploads\/2025\/07\/canoe_blue-744x634.png 744w, https:\/\/vammencamping.dk\/wp-content\/uploads\/2025\/07\/canoe_blue-420x358.png 420w, https:\/\/vammencamping.dk\/wp-content\/uploads\/2025\/07\/canoe_blue-768x654.png 768w, https:\/\/vammencamping.dk\/wp-content\/uploads\/2025\/07\/canoe_blue.png 522w\" sizes=\"auto, (max-width: 1200px) 100vw, 1200px\" \/><\/figure>\n\n\n\n<h3 class=\"wp-block-heading\"><a href=\"https:\/\/vammencamping.dk\/de\/touren-auf-dem-see-tjele-langsoe\/\" data-type=\"page\" data-id=\"10068\">Touren auf dem See (Tjele Langs\u00f8)<\/a><\/h3>\n\n\n\n<p><\/p>\n<\/div>\n","protected":false},"excerpt":{"rendered":"<p>Egal, ob du die Natur zu Fu\u00df, mit dem Fahrrad oder auf dem Meer mit einem Kanu, Kajak oder SUP-Board genie\u00dfen willst, wir haben die Routen f\u00fcr dich. Fahrradrouten Wanderrouten Touren auf dem See (Tjele Langs\u00f8)<\/p>\n","protected":false},"author":1,"featured_media":0,"parent":0,"menu_order":0,"comment_status":"closed","ping_status":"closed","template":"","meta":{"footnotes":""},"class_list":["post-10338","page","type-page","status-publish"],"featured_image_src":null,"_links":{"self":[{"href":"https:\/\/vammencamping.dk\/de\/wp-json\/wp\/v2\/pages\/10338","targetHints":{"allow":["GET"]}}],"collection":[{"href":"https:\/\/vammencamping.dk\/de\/wp-json\/wp\/v2\/pages"}],"about":[{"href":"https:\/\/vammencamping.dk\/de\/wp-json\/wp\/v2\/types\/page"}],"author":[{"embeddable":true,"href":"https:\/\/vammencamping.dk\/de\/wp-json\/wp\/v2\/users\/1"}],"replies":[{"embeddable":true,"href":"https:\/\/vammencamping.dk\/de\/wp-json\/wp\/v2\/comments?post=10338"}],"version-history":[{"count":2,"href":"https:\/\/vammencamping.dk\/de\/wp-json\/wp\/v2\/pages\/10338\/revisions"}],"predecessor-version":[{"id":10365,"href":"https:\/\/vammencamping.dk\/de\/wp-json\/wp\/v2\/pages\/10338\/revisions\/10365"}],"wp:attachment":[{"href":"https:\/\/vammencamping.dk\/de\/wp-json\/wp\/v2\/media?parent=10338"}],"curies":[{"name":"wp","href":"https:\/\/api.w.org\/{rel}","templated":true}]}}